{"id":9989,"date":"2022-04-14T11:39:31","date_gmt":"2022-04-14T09:39:33","guid":{"rendered":"https:\/\/alimentsalento.com\/?post_type=product&#038;p=9989"},"modified":"2022-04-15T11:23:21","modified_gmt":"2022-04-15T09:23:21","slug":"machine-a-cafe-a-dosettes-mini-mini-lux-espresso","status":"publish","type":"product","link":"https:\/\/alimentsalento.com\/fr\/produit\/machine-a-cafe-a-dosettes-mini-mini-lux-espresso\/","title":{"rendered":"Machine \u00e0 caf\u00e9 expresso \u00e0 dosettes &#8220;MINI MINI LUX&#8221;"},"content":{"rendered":"<p>Sp\u00e9cialement con\u00e7u pour les grandes consommations, il se caract\u00e9rise par un design innovant et captivant.<br \/>\n\u00c9quip\u00e9 de groupes \u00e9changeurs \u00e0 caf\u00e9 en laiton \u00e0 allumage ind\u00e9pendant et d&#8217;une chaudi\u00e8re en acier inoxydable pour la production et la fourniture de vapeur et d&#8217;eau chaude. Compact, robuste et fiable, gr\u00e2ce au syst\u00e8me hydraulique autonettoyant brevet\u00e9, il a compl\u00e8tement \u00e9limin\u00e9 les probl\u00e8mes dus au calcaire dans le groupe d&#8217;infusion de caf\u00e9. Il est id\u00e9al pour les bars, pizzerias, restaurants, cantines et restauration rapide.<\/p>\n","protected":false},"excerpt":{"rendered":"<p>MINI MINI LUX, est la nouvelle machine \u00e0 caf\u00e9 expresso professionnelle \u00e0 dosettes. GRANDS CHIFFRES DANS PEU D&#8217;ESPACE.<\/p>\n","protected":false},"featured_media":9993,"comment_status":"closed","ping_status":"closed","template":"","meta":[],"product_cat":[357,358],"product_tag":[],"class_list":["post-9989","product","type-product","status-publish","has-post-thumbnail","hentry","product_cat-cafe","product_cat-machines-a-cafe"],"yoast_head":"<!-- This site is optimized with the Yoast SEO plugin v27.6 - https:\/\/yoast.com\/product\/yoast-seo-wordpress\/ -->\n<title>Machine \u00e0 caf\u00e9 expresso \u00e0 dosettes &quot;MINI MINI LUX&quot; - Aliments Salento<\/title>\n<meta name=\"robots\" content=\"index, follow, max-snippet:-1, max-image-preview:large, max-video-preview:-1\" \/>\n<link rel=\"canonical\" href=\"https:\/\/alimentsalento.com\/fr\/produit\/machine-a-cafe-a-dosettes-mini-mini-lux-espresso\/\" \/>\n<meta property=\"og:locale\" content=\"fr_FR\" \/>\n<meta property=\"og:type\" content=\"article\" \/>\n<meta property=\"og:title\" content=\"Machine \u00e0 caf\u00e9 expresso \u00e0 dosettes &quot;MINI MINI LUX&quot; - Aliments Salento\" \/>\n<meta property=\"og:description\" content=\"MINI MINI LUX, est la nouvelle machine \u00e0 caf\u00e9 expresso professionnelle \u00e0 dosettes. GRANDS CHIFFRES DANS PEU D&#039;ESPACE.\" \/>\n<meta property=\"og:url\" content=\"https:\/\/alimentsalento.com\/fr\/produit\/machine-a-cafe-a-dosettes-mini-mini-lux-espresso\/\" \/>\n<meta property=\"og:site_name\" content=\"Aliments Salento\" \/>\n<meta property=\"article:publisher\" content=\"https:\/\/www.facebook.com\/alimentssalento\" \/>\n<meta property=\"article:modified_time\" content=\"2022-04-15T09:23:21+00:00\" \/>\n<meta property=\"og:image\" content=\"https:\/\/alimentsalento.com\/wp-content\/uploads\/2022\/04\/miniminilux.jpg\" \/>\n\t<meta property=\"og:image:width\" content=\"920\" \/>\n\t<meta property=\"og:image:height\" content=\"1140\" \/>\n\t<meta property=\"og:image:type\" content=\"image\/jpeg\" \/>\n<meta name=\"twitter:card\" content=\"summary_large_image\" \/>\n<script type=\"application\/ld+json\" class=\"yoast-schema-graph\">{\"@context\":\"https:\\\/\\\/schema.org\",\"@graph\":[{\"@type\":\"WebPage\",\"@id\":\"https:\\\/\\\/alimentsalento.com\\\/fr\\\/produit\\\/machine-a-cafe-a-dosettes-mini-mini-lux-espresso\\\/\",\"url\":\"https:\\\/\\\/alimentsalento.com\\\/fr\\\/produit\\\/machine-a-cafe-a-dosettes-mini-mini-lux-espresso\\\/\",\"name\":\"Machine \u00e0 caf\u00e9 expresso \u00e0 dosettes \\\"MINI MINI LUX\\\" - Aliments Salento\",\"isPartOf\":{\"@id\":\"https:\\\/\\\/alimentsalento.com\\\/fr\\\/#website\"},\"primaryImageOfPage\":{\"@id\":\"https:\\\/\\\/alimentsalento.com\\\/fr\\\/produit\\\/machine-a-cafe-a-dosettes-mini-mini-lux-espresso\\\/#primaryimage\"},\"image\":{\"@id\":\"https:\\\/\\\/alimentsalento.com\\\/fr\\\/produit\\\/machine-a-cafe-a-dosettes-mini-mini-lux-espresso\\\/#primaryimage\"},\"thumbnailUrl\":\"https:\\\/\\\/alimentsalento.com\\\/wp-content\\\/uploads\\\/2022\\\/04\\\/miniminilux.jpg\",\"datePublished\":\"2022-04-14T09:39:33+00:00\",\"dateModified\":\"2022-04-15T09:23:21+00:00\",\"breadcrumb\":{\"@id\":\"https:\\\/\\\/alimentsalento.com\\\/fr\\\/produit\\\/machine-a-cafe-a-dosettes-mini-mini-lux-espresso\\\/#breadcrumb\"},\"inLanguage\":\"fr-FR\",\"potentialAction\":[{\"@type\":\"ReadAction\",\"target\":[\"https:\\\/\\\/alimentsalento.com\\\/fr\\\/produit\\\/machine-a-cafe-a-dosettes-mini-mini-lux-espresso\\\/\"]}]},{\"@type\":\"ImageObject\",\"inLanguage\":\"fr-FR\",\"@id\":\"https:\\\/\\\/alimentsalento.com\\\/fr\\\/produit\\\/machine-a-cafe-a-dosettes-mini-mini-lux-espresso\\\/#primaryimage\",\"url\":\"https:\\\/\\\/alimentsalento.com\\\/wp-content\\\/uploads\\\/2022\\\/04\\\/miniminilux.jpg\",\"contentUrl\":\"https:\\\/\\\/alimentsalento.com\\\/wp-content\\\/uploads\\\/2022\\\/04\\\/miniminilux.jpg\",\"width\":920,\"height\":1140},{\"@type\":\"BreadcrumbList\",\"@id\":\"https:\\\/\\\/alimentsalento.com\\\/fr\\\/produit\\\/machine-a-cafe-a-dosettes-mini-mini-lux-espresso\\\/#breadcrumb\",\"itemListElement\":[{\"@type\":\"ListItem\",\"position\":1,\"name\":\"Home\",\"item\":\"https:\\\/\\\/alimentsalento.com\\\/fr\\\/\"},{\"@type\":\"ListItem\",\"position\":2,\"name\":\"Boutique\",\"item\":\"https:\\\/\\\/alimentsalento.com\\\/fr\\\/boutique\\\/\"},{\"@type\":\"ListItem\",\"position\":3,\"name\":\"Machine \u00e0 caf\u00e9 expresso \u00e0 dosettes &#8220;MINI MINI LUX&#8221;\"}]},{\"@type\":\"WebSite\",\"@id\":\"https:\\\/\\\/alimentsalento.com\\\/fr\\\/#website\",\"url\":\"https:\\\/\\\/alimentsalento.com\\\/fr\\\/\",\"name\":\"Aliments Salento\",\"description\":\"Benvenuti in Salento, terra di sapori e di colori.\",\"publisher\":{\"@id\":\"https:\\\/\\\/alimentsalento.com\\\/fr\\\/#organization\"},\"potentialAction\":[{\"@type\":\"SearchAction\",\"target\":{\"@type\":\"EntryPoint\",\"urlTemplate\":\"https:\\\/\\\/alimentsalento.com\\\/fr\\\/?s={search_term_string}\"},\"query-input\":{\"@type\":\"PropertyValueSpecification\",\"valueRequired\":true,\"valueName\":\"search_term_string\"}}],\"inLanguage\":\"fr-FR\"},{\"@type\":\"Organization\",\"@id\":\"https:\\\/\\\/alimentsalento.com\\\/fr\\\/#organization\",\"name\":\"Aliments Salento\",\"url\":\"https:\\\/\\\/alimentsalento.com\\\/fr\\\/\",\"logo\":{\"@type\":\"ImageObject\",\"inLanguage\":\"fr-FR\",\"@id\":\"https:\\\/\\\/alimentsalento.com\\\/fr\\\/#\\\/schema\\\/logo\\\/image\\\/\",\"url\":\"https:\\\/\\\/alimentsalento.com\\\/wp-content\\\/uploads\\\/2021\\\/12\\\/AlimentsalentoSLchef6.png\",\"contentUrl\":\"https:\\\/\\\/alimentsalento.com\\\/wp-content\\\/uploads\\\/2021\\\/12\\\/AlimentsalentoSLchef6.png\",\"width\":542,\"height\":176,\"caption\":\"Aliments Salento\"},\"image\":{\"@id\":\"https:\\\/\\\/alimentsalento.com\\\/fr\\\/#\\\/schema\\\/logo\\\/image\\\/\"},\"sameAs\":[\"https:\\\/\\\/www.facebook.com\\\/alimentssalento\",\"https:\\\/\\\/www.instagram.com\\\/aliments_salento\\\/\",\"https:\\\/\\\/www.linkedin.com\\\/company\\\/aliments-salento\"]}]}<\/script>\n<!-- \/ Yoast SEO plugin. -->","yoast_head_json":{"title":"Machine \u00e0 caf\u00e9 expresso \u00e0 dosettes \"MINI MINI LUX\" - Aliments Salento","robots":{"index":"index","follow":"follow","max-snippet":"max-snippet:-1","max-image-preview":"max-image-preview:large","max-video-preview":"max-video-preview:-1"},"canonical":"https:\/\/alimentsalento.com\/fr\/produit\/machine-a-cafe-a-dosettes-mini-mini-lux-espresso\/","og_locale":"fr_FR","og_type":"article","og_title":"Machine \u00e0 caf\u00e9 expresso \u00e0 dosettes \"MINI MINI LUX\" - Aliments Salento","og_description":"MINI MINI LUX, est la nouvelle machine \u00e0 caf\u00e9 expresso professionnelle \u00e0 dosettes. GRANDS CHIFFRES DANS PEU D'ESPACE.","og_url":"https:\/\/alimentsalento.com\/fr\/produit\/machine-a-cafe-a-dosettes-mini-mini-lux-espresso\/","og_site_name":"Aliments Salento","article_publisher":"https:\/\/www.facebook.com\/alimentssalento","article_modified_time":"2022-04-15T09:23:21+00:00","og_image":[{"width":920,"height":1140,"url":"https:\/\/alimentsalento.com\/wp-content\/uploads\/2022\/04\/miniminilux.jpg","type":"image\/jpeg"}],"twitter_card":"summary_large_image","schema":{"@context":"https:\/\/schema.org","@graph":[{"@type":"WebPage","@id":"https:\/\/alimentsalento.com\/fr\/produit\/machine-a-cafe-a-dosettes-mini-mini-lux-espresso\/","url":"https:\/\/alimentsalento.com\/fr\/produit\/machine-a-cafe-a-dosettes-mini-mini-lux-espresso\/","name":"Machine \u00e0 caf\u00e9 expresso \u00e0 dosettes \"MINI MINI LUX\" - Aliments Salento","isPartOf":{"@id":"https:\/\/alimentsalento.com\/fr\/#website"},"primaryImageOfPage":{"@id":"https:\/\/alimentsalento.com\/fr\/produit\/machine-a-cafe-a-dosettes-mini-mini-lux-espresso\/#primaryimage"},"image":{"@id":"https:\/\/alimentsalento.com\/fr\/produit\/machine-a-cafe-a-dosettes-mini-mini-lux-espresso\/#primaryimage"},"thumbnailUrl":"https:\/\/alimentsalento.com\/wp-content\/uploads\/2022\/04\/miniminilux.jpg","datePublished":"2022-04-14T09:39:33+00:00","dateModified":"2022-04-15T09:23:21+00:00","breadcrumb":{"@id":"https:\/\/alimentsalento.com\/fr\/produit\/machine-a-cafe-a-dosettes-mini-mini-lux-espresso\/#breadcrumb"},"inLanguage":"fr-FR","potentialAction":[{"@type":"ReadAction","target":["https:\/\/alimentsalento.com\/fr\/produit\/machine-a-cafe-a-dosettes-mini-mini-lux-espresso\/"]}]},{"@type":"ImageObject","inLanguage":"fr-FR","@id":"https:\/\/alimentsalento.com\/fr\/produit\/machine-a-cafe-a-dosettes-mini-mini-lux-espresso\/#primaryimage","url":"https:\/\/alimentsalento.com\/wp-content\/uploads\/2022\/04\/miniminilux.jpg","contentUrl":"https:\/\/alimentsalento.com\/wp-content\/uploads\/2022\/04\/miniminilux.jpg","width":920,"height":1140},{"@type":"BreadcrumbList","@id":"https:\/\/alimentsalento.com\/fr\/produit\/machine-a-cafe-a-dosettes-mini-mini-lux-espresso\/#breadcrumb","itemListElement":[{"@type":"ListItem","position":1,"name":"Home","item":"https:\/\/alimentsalento.com\/fr\/"},{"@type":"ListItem","position":2,"name":"Boutique","item":"https:\/\/alimentsalento.com\/fr\/boutique\/"},{"@type":"ListItem","position":3,"name":"Machine \u00e0 caf\u00e9 expresso \u00e0 dosettes &#8220;MINI MINI LUX&#8221;"}]},{"@type":"WebSite","@id":"https:\/\/alimentsalento.com\/fr\/#website","url":"https:\/\/alimentsalento.com\/fr\/","name":"Aliments Salento","description":"Benvenuti in Salento, terra di sapori e di colori.","publisher":{"@id":"https:\/\/alimentsalento.com\/fr\/#organization"},"potentialAction":[{"@type":"SearchAction","target":{"@type":"EntryPoint","urlTemplate":"https:\/\/alimentsalento.com\/fr\/?s={search_term_string}"},"query-input":{"@type":"PropertyValueSpecification","valueRequired":true,"valueName":"search_term_string"}}],"inLanguage":"fr-FR"},{"@type":"Organization","@id":"https:\/\/alimentsalento.com\/fr\/#organization","name":"Aliments Salento","url":"https:\/\/alimentsalento.com\/fr\/","logo":{"@type":"ImageObject","inLanguage":"fr-FR","@id":"https:\/\/alimentsalento.com\/fr\/#\/schema\/logo\/image\/","url":"https:\/\/alimentsalento.com\/wp-content\/uploads\/2021\/12\/AlimentsalentoSLchef6.png","contentUrl":"https:\/\/alimentsalento.com\/wp-content\/uploads\/2021\/12\/AlimentsalentoSLchef6.png","width":542,"height":176,"caption":"Aliments Salento"},"image":{"@id":"https:\/\/alimentsalento.com\/fr\/#\/schema\/logo\/image\/"},"sameAs":["https:\/\/www.facebook.com\/alimentssalento","https:\/\/www.instagram.com\/aliments_salento\/","https:\/\/www.linkedin.com\/company\/aliments-salento"]}]}},"_links":{"self":[{"href":"https:\/\/alimentsalento.com\/fr\/wp-json\/wp\/v2\/product\/9989","targetHints":{"allow":["GET"]}}],"collection":[{"href":"https:\/\/alimentsalento.com\/fr\/wp-json\/wp\/v2\/product"}],"about":[{"href":"https:\/\/alimentsalento.com\/fr\/wp-json\/wp\/v2\/types\/product"}],"replies":[{"embeddable":true,"href":"https:\/\/alimentsalento.com\/fr\/wp-json\/wp\/v2\/comments?post=9989"}],"wp:featuredmedia":[{"embeddable":true,"href":"https:\/\/alimentsalento.com\/fr\/wp-json\/wp\/v2\/media\/9993"}],"wp:attachment":[{"href":"https:\/\/alimentsalento.com\/fr\/wp-json\/wp\/v2\/media?parent=9989"}],"wp:term":[{"taxonomy":"product_cat","embeddable":true,"href":"https:\/\/alimentsalento.com\/fr\/wp-json\/wp\/v2\/product_cat?post=9989"},{"taxonomy":"product_tag","embeddable":true,"href":"https:\/\/alimentsalento.com\/fr\/wp-json\/wp\/v2\/product_tag?post=9989"}],"curies":[{"name":"wp","href":"https:\/\/api.w.org\/{rel}","templated":true}]}}