{"id":8840,"date":"2022-03-01T19:59:29","date_gmt":"2022-03-01T18:59:33","guid":{"rendered":"https:\/\/alimentsalento.com\/?post_type=product&#038;p=8840"},"modified":"2022-03-25T18:34:09","modified_gmt":"2022-03-25T17:34:09","slug":"evo-bio-del-salento-fr-bott","status":"publish","type":"product","link":"https:\/\/alimentsalento.com\/fr\/produit\/evo-bio-del-salento-fr-bott\/","title":{"rendered":"Huile d&#8217;Olive BIO du SALENTO"},"content":{"rendered":"","protected":false},"excerpt":{"rendered":"<p>Extraite \u00e0 froid de mixtures d\u2019olives celline, leccine,coratine nociare ,pecholine.<br \/>\nMoyennement fruit\u00e9 avec arri\u00e8re-go\u00f9t agr\u00e9able amer et senteur de tomate.<br \/>\nD\u00e9guster avec ,premiers plats, salades riches, artichauts, viandes.<\/p>\n","protected":false},"featured_media":8850,"comment_status":"open","ping_status":"closed","template":"","meta":[],"product_cat":[197,191],"product_tag":[],"class_list":["post-8840","product","type-product","status-publish","has-post-thumbnail","hentry","product_cat-blend-fr","product_cat-huile-bio"],"yoast_head":"<!-- This site is optimized with the Yoast SEO plugin v27.4 - https:\/\/yoast.com\/product\/yoast-seo-wordpress\/ -->\n<title>Aliments Salento Organic Evo Oil - nom du site<\/title>\n<meta name=\"description\" content=\"Achetez en ligne la meilleure huile d&#039;olive du Salento - Pouilles ,. Livraison gratuite et paiements s\u00e9curis\u00e9s. D\u00e9couvrez les pr\u00e9cieuses huiles d&#039;olive biologiques du Salento.\" \/>\n<meta name=\"robots\" content=\"index, follow, max-snippet:-1, max-image-preview:large, max-video-preview:-1\" \/>\n<link rel=\"canonical\" href=\"https:\/\/alimentsalento.com\/fr\/produit\/evo-bio-del-salento-fr-bott\/\" \/>\n<meta property=\"og:locale\" content=\"fr_FR\" \/>\n<meta property=\"og:type\" content=\"article\" \/>\n<meta property=\"og:title\" content=\"Aliments Salento Organic Evo Oil - nom du site\" \/>\n<meta property=\"og:description\" content=\"Achetez en ligne la meilleure huile d&#039;olive du Salento - Pouilles ,. Livraison gratuite et paiements s\u00e9curis\u00e9s. D\u00e9couvrez les pr\u00e9cieuses huiles d&#039;olive biologiques du Salento.\" \/>\n<meta property=\"og:url\" content=\"https:\/\/alimentsalento.com\/fr\/produit\/evo-bio-del-salento-fr-bott\/\" \/>\n<meta property=\"og:site_name\" content=\"Aliments Salento\" \/>\n<meta property=\"article:publisher\" content=\"https:\/\/www.facebook.com\/alimentssalento\" \/>\n<meta property=\"article:modified_time\" content=\"2022-03-25T17:34:09+00:00\" \/>\n<meta property=\"og:image\" content=\"https:\/\/alimentsalento.com\/wp-content\/uploads\/2022\/03\/Evo-BIO-del-Salento1.jpg\" \/>\n\t<meta property=\"og:image:width\" content=\"920\" \/>\n\t<meta property=\"og:image:height\" content=\"1140\" \/>\n\t<meta property=\"og:image:type\" content=\"image\/jpeg\" \/>\n<meta name=\"twitter:card\" content=\"summary_large_image\" \/>\n<script type=\"application\/ld+json\" class=\"yoast-schema-graph\">{\"@context\":\"https:\\\/\\\/schema.org\",\"@graph\":[{\"@type\":\"WebPage\",\"@id\":\"https:\\\/\\\/alimentsalento.com\\\/fr\\\/produit\\\/evo-bio-del-salento-fr-bott\\\/\",\"url\":\"https:\\\/\\\/alimentsalento.com\\\/fr\\\/produit\\\/evo-bio-del-salento-fr-bott\\\/\",\"name\":\"Aliments Salento Organic Evo Oil - nom du site\",\"isPartOf\":{\"@id\":\"https:\\\/\\\/alimentsalento.com\\\/fr\\\/#website\"},\"primaryImageOfPage\":{\"@id\":\"https:\\\/\\\/alimentsalento.com\\\/fr\\\/produit\\\/evo-bio-del-salento-fr-bott\\\/#primaryimage\"},\"image\":{\"@id\":\"https:\\\/\\\/alimentsalento.com\\\/fr\\\/produit\\\/evo-bio-del-salento-fr-bott\\\/#primaryimage\"},\"thumbnailUrl\":\"https:\\\/\\\/alimentsalento.com\\\/wp-content\\\/uploads\\\/2022\\\/03\\\/Evo-BIO-del-Salento1.jpg\",\"datePublished\":\"2022-03-01T18:59:33+00:00\",\"dateModified\":\"2022-03-25T17:34:09+00:00\",\"description\":\"Achetez en ligne la meilleure huile d'olive du Salento - Pouilles ,. Livraison gratuite et paiements s\u00e9curis\u00e9s. D\u00e9couvrez les pr\u00e9cieuses huiles d'olive biologiques du Salento.\",\"breadcrumb\":{\"@id\":\"https:\\\/\\\/alimentsalento.com\\\/fr\\\/produit\\\/evo-bio-del-salento-fr-bott\\\/#breadcrumb\"},\"inLanguage\":\"fr-FR\",\"potentialAction\":[{\"@type\":\"ReadAction\",\"target\":[\"https:\\\/\\\/alimentsalento.com\\\/fr\\\/produit\\\/evo-bio-del-salento-fr-bott\\\/\"]}]},{\"@type\":\"ImageObject\",\"inLanguage\":\"fr-FR\",\"@id\":\"https:\\\/\\\/alimentsalento.com\\\/fr\\\/produit\\\/evo-bio-del-salento-fr-bott\\\/#primaryimage\",\"url\":\"https:\\\/\\\/alimentsalento.com\\\/wp-content\\\/uploads\\\/2022\\\/03\\\/Evo-BIO-del-Salento1.jpg\",\"contentUrl\":\"https:\\\/\\\/alimentsalento.com\\\/wp-content\\\/uploads\\\/2022\\\/03\\\/Evo-BIO-del-Salento1.jpg\",\"width\":920,\"height\":1140},{\"@type\":\"BreadcrumbList\",\"@id\":\"https:\\\/\\\/alimentsalento.com\\\/fr\\\/produit\\\/evo-bio-del-salento-fr-bott\\\/#breadcrumb\",\"itemListElement\":[{\"@type\":\"ListItem\",\"position\":1,\"name\":\"Home\",\"item\":\"https:\\\/\\\/alimentsalento.com\\\/fr\\\/\"},{\"@type\":\"ListItem\",\"position\":2,\"name\":\"Boutique\",\"item\":\"https:\\\/\\\/alimentsalento.com\\\/fr\\\/boutique\\\/\"},{\"@type\":\"ListItem\",\"position\":3,\"name\":\"Huile d&#8217;Olive BIO du SALENTO\"}]},{\"@type\":\"WebSite\",\"@id\":\"https:\\\/\\\/alimentsalento.com\\\/fr\\\/#website\",\"url\":\"https:\\\/\\\/alimentsalento.com\\\/fr\\\/\",\"name\":\"Aliments Salento\",\"description\":\"Benvenuti in Salento, terra di sapori e di colori.\",\"publisher\":{\"@id\":\"https:\\\/\\\/alimentsalento.com\\\/fr\\\/#organization\"},\"potentialAction\":[{\"@type\":\"SearchAction\",\"target\":{\"@type\":\"EntryPoint\",\"urlTemplate\":\"https:\\\/\\\/alimentsalento.com\\\/fr\\\/?s={search_term_string}\"},\"query-input\":{\"@type\":\"PropertyValueSpecification\",\"valueRequired\":true,\"valueName\":\"search_term_string\"}}],\"inLanguage\":\"fr-FR\"},{\"@type\":\"Organization\",\"@id\":\"https:\\\/\\\/alimentsalento.com\\\/fr\\\/#organization\",\"name\":\"Aliments Salento\",\"url\":\"https:\\\/\\\/alimentsalento.com\\\/fr\\\/\",\"logo\":{\"@type\":\"ImageObject\",\"inLanguage\":\"fr-FR\",\"@id\":\"https:\\\/\\\/alimentsalento.com\\\/fr\\\/#\\\/schema\\\/logo\\\/image\\\/\",\"url\":\"https:\\\/\\\/alimentsalento.com\\\/wp-content\\\/uploads\\\/2021\\\/12\\\/AlimentsalentoSLchef6.png\",\"contentUrl\":\"https:\\\/\\\/alimentsalento.com\\\/wp-content\\\/uploads\\\/2021\\\/12\\\/AlimentsalentoSLchef6.png\",\"width\":542,\"height\":176,\"caption\":\"Aliments Salento\"},\"image\":{\"@id\":\"https:\\\/\\\/alimentsalento.com\\\/fr\\\/#\\\/schema\\\/logo\\\/image\\\/\"},\"sameAs\":[\"https:\\\/\\\/www.facebook.com\\\/alimentssalento\",\"https:\\\/\\\/www.instagram.com\\\/aliments_salento\\\/\",\"https:\\\/\\\/www.linkedin.com\\\/company\\\/aliments-salento\"]}]}<\/script>\n<!-- \/ Yoast SEO plugin. -->","yoast_head_json":{"title":"Aliments Salento Organic Evo Oil - nom du site","description":"Achetez en ligne la meilleure huile d'olive du Salento - Pouilles ,. Livraison gratuite et paiements s\u00e9curis\u00e9s. D\u00e9couvrez les pr\u00e9cieuses huiles d'olive biologiques du Salento.","robots":{"index":"index","follow":"follow","max-snippet":"max-snippet:-1","max-image-preview":"max-image-preview:large","max-video-preview":"max-video-preview:-1"},"canonical":"https:\/\/alimentsalento.com\/fr\/produit\/evo-bio-del-salento-fr-bott\/","og_locale":"fr_FR","og_type":"article","og_title":"Aliments Salento Organic Evo Oil - nom du site","og_description":"Achetez en ligne la meilleure huile d'olive du Salento - Pouilles ,. Livraison gratuite et paiements s\u00e9curis\u00e9s. D\u00e9couvrez les pr\u00e9cieuses huiles d'olive biologiques du Salento.","og_url":"https:\/\/alimentsalento.com\/fr\/produit\/evo-bio-del-salento-fr-bott\/","og_site_name":"Aliments Salento","article_publisher":"https:\/\/www.facebook.com\/alimentssalento","article_modified_time":"2022-03-25T17:34:09+00:00","og_image":[{"width":920,"height":1140,"url":"https:\/\/alimentsalento.com\/wp-content\/uploads\/2022\/03\/Evo-BIO-del-Salento1.jpg","type":"image\/jpeg"}],"twitter_card":"summary_large_image","schema":{"@context":"https:\/\/schema.org","@graph":[{"@type":"WebPage","@id":"https:\/\/alimentsalento.com\/fr\/produit\/evo-bio-del-salento-fr-bott\/","url":"https:\/\/alimentsalento.com\/fr\/produit\/evo-bio-del-salento-fr-bott\/","name":"Aliments Salento Organic Evo Oil - nom du site","isPartOf":{"@id":"https:\/\/alimentsalento.com\/fr\/#website"},"primaryImageOfPage":{"@id":"https:\/\/alimentsalento.com\/fr\/produit\/evo-bio-del-salento-fr-bott\/#primaryimage"},"image":{"@id":"https:\/\/alimentsalento.com\/fr\/produit\/evo-bio-del-salento-fr-bott\/#primaryimage"},"thumbnailUrl":"https:\/\/alimentsalento.com\/wp-content\/uploads\/2022\/03\/Evo-BIO-del-Salento1.jpg","datePublished":"2022-03-01T18:59:33+00:00","dateModified":"2022-03-25T17:34:09+00:00","description":"Achetez en ligne la meilleure huile d'olive du Salento - Pouilles ,. Livraison gratuite et paiements s\u00e9curis\u00e9s. D\u00e9couvrez les pr\u00e9cieuses huiles d'olive biologiques du Salento.","breadcrumb":{"@id":"https:\/\/alimentsalento.com\/fr\/produit\/evo-bio-del-salento-fr-bott\/#breadcrumb"},"inLanguage":"fr-FR","potentialAction":[{"@type":"ReadAction","target":["https:\/\/alimentsalento.com\/fr\/produit\/evo-bio-del-salento-fr-bott\/"]}]},{"@type":"ImageObject","inLanguage":"fr-FR","@id":"https:\/\/alimentsalento.com\/fr\/produit\/evo-bio-del-salento-fr-bott\/#primaryimage","url":"https:\/\/alimentsalento.com\/wp-content\/uploads\/2022\/03\/Evo-BIO-del-Salento1.jpg","contentUrl":"https:\/\/alimentsalento.com\/wp-content\/uploads\/2022\/03\/Evo-BIO-del-Salento1.jpg","width":920,"height":1140},{"@type":"BreadcrumbList","@id":"https:\/\/alimentsalento.com\/fr\/produit\/evo-bio-del-salento-fr-bott\/#breadcrumb","itemListElement":[{"@type":"ListItem","position":1,"name":"Home","item":"https:\/\/alimentsalento.com\/fr\/"},{"@type":"ListItem","position":2,"name":"Boutique","item":"https:\/\/alimentsalento.com\/fr\/boutique\/"},{"@type":"ListItem","position":3,"name":"Huile d&#8217;Olive BIO du SALENTO"}]},{"@type":"WebSite","@id":"https:\/\/alimentsalento.com\/fr\/#website","url":"https:\/\/alimentsalento.com\/fr\/","name":"Aliments Salento","description":"Benvenuti in Salento, terra di sapori e di colori.","publisher":{"@id":"https:\/\/alimentsalento.com\/fr\/#organization"},"potentialAction":[{"@type":"SearchAction","target":{"@type":"EntryPoint","urlTemplate":"https:\/\/alimentsalento.com\/fr\/?s={search_term_string}"},"query-input":{"@type":"PropertyValueSpecification","valueRequired":true,"valueName":"search_term_string"}}],"inLanguage":"fr-FR"},{"@type":"Organization","@id":"https:\/\/alimentsalento.com\/fr\/#organization","name":"Aliments Salento","url":"https:\/\/alimentsalento.com\/fr\/","logo":{"@type":"ImageObject","inLanguage":"fr-FR","@id":"https:\/\/alimentsalento.com\/fr\/#\/schema\/logo\/image\/","url":"https:\/\/alimentsalento.com\/wp-content\/uploads\/2021\/12\/AlimentsalentoSLchef6.png","contentUrl":"https:\/\/alimentsalento.com\/wp-content\/uploads\/2021\/12\/AlimentsalentoSLchef6.png","width":542,"height":176,"caption":"Aliments Salento"},"image":{"@id":"https:\/\/alimentsalento.com\/fr\/#\/schema\/logo\/image\/"},"sameAs":["https:\/\/www.facebook.com\/alimentssalento","https:\/\/www.instagram.com\/aliments_salento\/","https:\/\/www.linkedin.com\/company\/aliments-salento"]}]}},"_links":{"self":[{"href":"https:\/\/alimentsalento.com\/fr\/wp-json\/wp\/v2\/product\/8840","targetHints":{"allow":["GET"]}}],"collection":[{"href":"https:\/\/alimentsalento.com\/fr\/wp-json\/wp\/v2\/product"}],"about":[{"href":"https:\/\/alimentsalento.com\/fr\/wp-json\/wp\/v2\/types\/product"}],"replies":[{"embeddable":true,"href":"https:\/\/alimentsalento.com\/fr\/wp-json\/wp\/v2\/comments?post=8840"}],"wp:featuredmedia":[{"embeddable":true,"href":"https:\/\/alimentsalento.com\/fr\/wp-json\/wp\/v2\/media\/8850"}],"wp:attachment":[{"href":"https:\/\/alimentsalento.com\/fr\/wp-json\/wp\/v2\/media?parent=8840"}],"wp:term":[{"taxonomy":"product_cat","embeddable":true,"href":"https:\/\/alimentsalento.com\/fr\/wp-json\/wp\/v2\/product_cat?post=8840"},{"taxonomy":"product_tag","embeddable":true,"href":"https:\/\/alimentsalento.com\/fr\/wp-json\/wp\/v2\/product_tag?post=8840"}],"curies":[{"name":"wp","href":"https:\/\/api.w.org\/{rel}","templated":true}]}}