{"id":8270,"date":"2022-01-28T13:03:40","date_gmt":"2022-01-28T12:41:57","guid":{"rendered":"https:\/\/alimentsalento.com\/product\/boite-de-18-dosettes\/"},"modified":"2022-04-04T11:56:22","modified_gmt":"2022-04-04T09:56:22","slug":"boite-18-dosettes","status":"publish","type":"product","link":"https:\/\/alimentsalento.com\/fr\/produit\/boite-18-dosettes\/","title":{"rendered":"Bo\u00eete de 18 dosettes"},"content":{"rendered":"<p><strong><em>Bo\u00eete M\u00e9lange GRENADE<br \/>\n<\/em><\/strong> M\u00e9lange harmonieux des pr\u00e9cieux Arabica br\u00e9siliens et des hauts plateaux d&#8217;Am\u00e9rique centrale et des meilleurs Robustaas africains et indiens. Le r\u00e9sultat est une tasse de caf\u00e9 tr\u00e8s \u00e9quilibr\u00e9e, avec un corps et un ar\u00f4me uniques, avec un go\u00fbt de caramel, de chocolat et de pain grill\u00e9.<strong><em><br \/>\n<\/em><\/strong><\/p>\n<p><strong><em>Bo\u00eete Gaufre OR<br \/>\n<\/em><\/strong> M\u00e9lange d&#8217;arabica raffin\u00e9 des hautes terres africaines et br\u00e9siliennes, savamment dos\u00e9 avec des robustaas indiens raffin\u00e9s. Une tasse de caf\u00e9 expresso d\u00e9licate, moderne et intens\u00e9ment aromatique est n\u00e9e, caract\u00e9ris\u00e9e par un arri\u00e8re-go\u00fbt sucr\u00e9 et fruit\u00e9 persistant.<strong><em><br \/>\n<\/em><\/strong><\/p>\n<p><em><strong>NOIR M\u00e9lange Bo\u00eete<\/strong><\/em><br \/>\nC&#8217;est l&#8217;espresso typiquement italien, obtenu \u00e0 partir d&#8217;un m\u00e9lange \u00e9quilibr\u00e9 des Robustaas africains les plus anciens et les plus recherch\u00e9s avec une touche d&#8217;Arabica br\u00e9silien classique. Sa tasse indubitablement cors\u00e9e a le go\u00fbt intense et d\u00e9cisif du chocolat noir.<\/p>\n<p><em><strong>Bo\u00eete M\u00e9lange BLEU CLAIR- D\u00c9CAF\u00c9IN\u00c9<\/strong><\/em><br \/>\nM\u00e9lange harmonieux du grand Arabica d&#8217;Am\u00e9rique latine avec une s\u00e9lection de Robusta indien. Sa tasse de caf\u00e9 d\u00e9caf\u00e9in\u00e9 est tr\u00e8s \u00e9quilibr\u00e9e, simple, avec un go\u00fbt de caramel, de fruits secs et de pain grill\u00e9.<\/p>\n","protected":false},"excerpt":{"rendered":"<p>Qu&#8217;est-ce que la dosette de caf\u00e9 :<br \/>\nPortion de caf\u00e9 torr\u00e9fi\u00e9 et moulu, qui est dos\u00e9e et press\u00e9e entre deux couches sp\u00e9ciales de papier filtre et conditionn\u00e9e sous atmosph\u00e8re protectrice ; cela garantit qualit\u00e9 et parfum dans le temps.<\/p>\n","protected":false},"featured_media":8323,"comment_status":"closed","ping_status":"closed","template":"","meta":[],"product_cat":[357,368],"product_tag":[],"class_list":["post-8270","product","type-product","status-publish","has-post-thumbnail","hentry","product_cat-cafe","product_cat-dosettes-de-cafe"],"yoast_head":"<!-- This site is optimized with the Yoast SEO plugin v27.4 - https:\/\/yoast.com\/product\/yoast-seo-wordpress\/ -->\n<title>Bo\u00eete de 18 dosettes - Aliments Salento<\/title>\n<meta name=\"robots\" content=\"index, follow, max-snippet:-1, max-image-preview:large, max-video-preview:-1\" \/>\n<link rel=\"canonical\" href=\"https:\/\/alimentsalento.com\/fr\/produit\/boite-18-dosettes\/\" \/>\n<meta property=\"og:locale\" content=\"fr_FR\" \/>\n<meta property=\"og:type\" content=\"article\" \/>\n<meta property=\"og:title\" content=\"Bo\u00eete de 18 dosettes - Aliments Salento\" \/>\n<meta property=\"og:description\" content=\"Qu&#039;est-ce que la dosette de caf\u00e9 : Portion de caf\u00e9 torr\u00e9fi\u00e9 et moulu, qui est dos\u00e9e et press\u00e9e entre deux couches sp\u00e9ciales de papier filtre et conditionn\u00e9e sous atmosph\u00e8re protectrice ; cela garantit qualit\u00e9 et parfum dans le temps.\" \/>\n<meta property=\"og:url\" content=\"https:\/\/alimentsalento.com\/fr\/produit\/boite-18-dosettes\/\" \/>\n<meta property=\"og:site_name\" content=\"Aliments Salento\" \/>\n<meta property=\"article:publisher\" content=\"https:\/\/www.facebook.com\/alimentssalento\" \/>\n<meta property=\"article:modified_time\" content=\"2022-04-04T09:56:22+00:00\" \/>\n<meta property=\"og:image\" content=\"https:\/\/alimentsalento.com\/wp-content\/uploads\/2022\/01\/gold18.jpg\" \/>\n\t<meta property=\"og:image:width\" content=\"920\" \/>\n\t<meta property=\"og:image:height\" content=\"1140\" \/>\n\t<meta property=\"og:image:type\" content=\"image\/jpeg\" \/>\n<meta name=\"twitter:card\" content=\"summary_large_image\" \/>\n<meta name=\"twitter:label1\" content=\"Dur\u00e9e de lecture estim\u00e9e\" \/>\n\t<meta name=\"twitter:data1\" content=\"1 minute\" \/>\n<script type=\"application\/ld+json\" class=\"yoast-schema-graph\">{\"@context\":\"https:\\\/\\\/schema.org\",\"@graph\":[{\"@type\":\"WebPage\",\"@id\":\"https:\\\/\\\/alimentsalento.com\\\/fr\\\/produit\\\/boite-18-dosettes\\\/\",\"url\":\"https:\\\/\\\/alimentsalento.com\\\/fr\\\/produit\\\/boite-18-dosettes\\\/\",\"name\":\"Bo\u00eete de 18 dosettes - Aliments Salento\",\"isPartOf\":{\"@id\":\"https:\\\/\\\/alimentsalento.com\\\/fr\\\/#website\"},\"primaryImageOfPage\":{\"@id\":\"https:\\\/\\\/alimentsalento.com\\\/fr\\\/produit\\\/boite-18-dosettes\\\/#primaryimage\"},\"image\":{\"@id\":\"https:\\\/\\\/alimentsalento.com\\\/fr\\\/produit\\\/boite-18-dosettes\\\/#primaryimage\"},\"thumbnailUrl\":\"https:\\\/\\\/alimentsalento.com\\\/wp-content\\\/uploads\\\/2022\\\/01\\\/gold18.jpg\",\"datePublished\":\"2022-01-28T12:41:57+00:00\",\"dateModified\":\"2022-04-04T09:56:22+00:00\",\"breadcrumb\":{\"@id\":\"https:\\\/\\\/alimentsalento.com\\\/fr\\\/produit\\\/boite-18-dosettes\\\/#breadcrumb\"},\"inLanguage\":\"fr-FR\",\"potentialAction\":[{\"@type\":\"ReadAction\",\"target\":[\"https:\\\/\\\/alimentsalento.com\\\/fr\\\/produit\\\/boite-18-dosettes\\\/\"]}]},{\"@type\":\"ImageObject\",\"inLanguage\":\"fr-FR\",\"@id\":\"https:\\\/\\\/alimentsalento.com\\\/fr\\\/produit\\\/boite-18-dosettes\\\/#primaryimage\",\"url\":\"https:\\\/\\\/alimentsalento.com\\\/wp-content\\\/uploads\\\/2022\\\/01\\\/gold18.jpg\",\"contentUrl\":\"https:\\\/\\\/alimentsalento.com\\\/wp-content\\\/uploads\\\/2022\\\/01\\\/gold18.jpg\",\"width\":920,\"height\":1140},{\"@type\":\"BreadcrumbList\",\"@id\":\"https:\\\/\\\/alimentsalento.com\\\/fr\\\/produit\\\/boite-18-dosettes\\\/#breadcrumb\",\"itemListElement\":[{\"@type\":\"ListItem\",\"position\":1,\"name\":\"Home\",\"item\":\"https:\\\/\\\/alimentsalento.com\\\/fr\\\/\"},{\"@type\":\"ListItem\",\"position\":2,\"name\":\"Boutique\",\"item\":\"https:\\\/\\\/alimentsalento.com\\\/fr\\\/boutique\\\/\"},{\"@type\":\"ListItem\",\"position\":3,\"name\":\"Bo\u00eete de 18 dosettes\"}]},{\"@type\":\"WebSite\",\"@id\":\"https:\\\/\\\/alimentsalento.com\\\/fr\\\/#website\",\"url\":\"https:\\\/\\\/alimentsalento.com\\\/fr\\\/\",\"name\":\"Aliments Salento\",\"description\":\"Benvenuti in Salento, terra di sapori e di colori.\",\"publisher\":{\"@id\":\"https:\\\/\\\/alimentsalento.com\\\/fr\\\/#organization\"},\"potentialAction\":[{\"@type\":\"SearchAction\",\"target\":{\"@type\":\"EntryPoint\",\"urlTemplate\":\"https:\\\/\\\/alimentsalento.com\\\/fr\\\/?s={search_term_string}\"},\"query-input\":{\"@type\":\"PropertyValueSpecification\",\"valueRequired\":true,\"valueName\":\"search_term_string\"}}],\"inLanguage\":\"fr-FR\"},{\"@type\":\"Organization\",\"@id\":\"https:\\\/\\\/alimentsalento.com\\\/fr\\\/#organization\",\"name\":\"Aliments Salento\",\"url\":\"https:\\\/\\\/alimentsalento.com\\\/fr\\\/\",\"logo\":{\"@type\":\"ImageObject\",\"inLanguage\":\"fr-FR\",\"@id\":\"https:\\\/\\\/alimentsalento.com\\\/fr\\\/#\\\/schema\\\/logo\\\/image\\\/\",\"url\":\"https:\\\/\\\/alimentsalento.com\\\/wp-content\\\/uploads\\\/2021\\\/12\\\/AlimentsalentoSLchef6.png\",\"contentUrl\":\"https:\\\/\\\/alimentsalento.com\\\/wp-content\\\/uploads\\\/2021\\\/12\\\/AlimentsalentoSLchef6.png\",\"width\":542,\"height\":176,\"caption\":\"Aliments Salento\"},\"image\":{\"@id\":\"https:\\\/\\\/alimentsalento.com\\\/fr\\\/#\\\/schema\\\/logo\\\/image\\\/\"},\"sameAs\":[\"https:\\\/\\\/www.facebook.com\\\/alimentssalento\",\"https:\\\/\\\/www.instagram.com\\\/aliments_salento\\\/\",\"https:\\\/\\\/www.linkedin.com\\\/company\\\/aliments-salento\"]}]}<\/script>\n<!-- \/ Yoast SEO plugin. -->","yoast_head_json":{"title":"Bo\u00eete de 18 dosettes - Aliments Salento","robots":{"index":"index","follow":"follow","max-snippet":"max-snippet:-1","max-image-preview":"max-image-preview:large","max-video-preview":"max-video-preview:-1"},"canonical":"https:\/\/alimentsalento.com\/fr\/produit\/boite-18-dosettes\/","og_locale":"fr_FR","og_type":"article","og_title":"Bo\u00eete de 18 dosettes - Aliments Salento","og_description":"Qu'est-ce que la dosette de caf\u00e9 : Portion de caf\u00e9 torr\u00e9fi\u00e9 et moulu, qui est dos\u00e9e et press\u00e9e entre deux couches sp\u00e9ciales de papier filtre et conditionn\u00e9e sous atmosph\u00e8re protectrice ; cela garantit qualit\u00e9 et parfum dans le temps.","og_url":"https:\/\/alimentsalento.com\/fr\/produit\/boite-18-dosettes\/","og_site_name":"Aliments Salento","article_publisher":"https:\/\/www.facebook.com\/alimentssalento","article_modified_time":"2022-04-04T09:56:22+00:00","og_image":[{"width":920,"height":1140,"url":"https:\/\/alimentsalento.com\/wp-content\/uploads\/2022\/01\/gold18.jpg","type":"image\/jpeg"}],"twitter_card":"summary_large_image","twitter_misc":{"Dur\u00e9e de lecture estim\u00e9e":"1 minute"},"schema":{"@context":"https:\/\/schema.org","@graph":[{"@type":"WebPage","@id":"https:\/\/alimentsalento.com\/fr\/produit\/boite-18-dosettes\/","url":"https:\/\/alimentsalento.com\/fr\/produit\/boite-18-dosettes\/","name":"Bo\u00eete de 18 dosettes - Aliments Salento","isPartOf":{"@id":"https:\/\/alimentsalento.com\/fr\/#website"},"primaryImageOfPage":{"@id":"https:\/\/alimentsalento.com\/fr\/produit\/boite-18-dosettes\/#primaryimage"},"image":{"@id":"https:\/\/alimentsalento.com\/fr\/produit\/boite-18-dosettes\/#primaryimage"},"thumbnailUrl":"https:\/\/alimentsalento.com\/wp-content\/uploads\/2022\/01\/gold18.jpg","datePublished":"2022-01-28T12:41:57+00:00","dateModified":"2022-04-04T09:56:22+00:00","breadcrumb":{"@id":"https:\/\/alimentsalento.com\/fr\/produit\/boite-18-dosettes\/#breadcrumb"},"inLanguage":"fr-FR","potentialAction":[{"@type":"ReadAction","target":["https:\/\/alimentsalento.com\/fr\/produit\/boite-18-dosettes\/"]}]},{"@type":"ImageObject","inLanguage":"fr-FR","@id":"https:\/\/alimentsalento.com\/fr\/produit\/boite-18-dosettes\/#primaryimage","url":"https:\/\/alimentsalento.com\/wp-content\/uploads\/2022\/01\/gold18.jpg","contentUrl":"https:\/\/alimentsalento.com\/wp-content\/uploads\/2022\/01\/gold18.jpg","width":920,"height":1140},{"@type":"BreadcrumbList","@id":"https:\/\/alimentsalento.com\/fr\/produit\/boite-18-dosettes\/#breadcrumb","itemListElement":[{"@type":"ListItem","position":1,"name":"Home","item":"https:\/\/alimentsalento.com\/fr\/"},{"@type":"ListItem","position":2,"name":"Boutique","item":"https:\/\/alimentsalento.com\/fr\/boutique\/"},{"@type":"ListItem","position":3,"name":"Bo\u00eete de 18 dosettes"}]},{"@type":"WebSite","@id":"https:\/\/alimentsalento.com\/fr\/#website","url":"https:\/\/alimentsalento.com\/fr\/","name":"Aliments Salento","description":"Benvenuti in Salento, terra di sapori e di colori.","publisher":{"@id":"https:\/\/alimentsalento.com\/fr\/#organization"},"potentialAction":[{"@type":"SearchAction","target":{"@type":"EntryPoint","urlTemplate":"https:\/\/alimentsalento.com\/fr\/?s={search_term_string}"},"query-input":{"@type":"PropertyValueSpecification","valueRequired":true,"valueName":"search_term_string"}}],"inLanguage":"fr-FR"},{"@type":"Organization","@id":"https:\/\/alimentsalento.com\/fr\/#organization","name":"Aliments Salento","url":"https:\/\/alimentsalento.com\/fr\/","logo":{"@type":"ImageObject","inLanguage":"fr-FR","@id":"https:\/\/alimentsalento.com\/fr\/#\/schema\/logo\/image\/","url":"https:\/\/alimentsalento.com\/wp-content\/uploads\/2021\/12\/AlimentsalentoSLchef6.png","contentUrl":"https:\/\/alimentsalento.com\/wp-content\/uploads\/2021\/12\/AlimentsalentoSLchef6.png","width":542,"height":176,"caption":"Aliments Salento"},"image":{"@id":"https:\/\/alimentsalento.com\/fr\/#\/schema\/logo\/image\/"},"sameAs":["https:\/\/www.facebook.com\/alimentssalento","https:\/\/www.instagram.com\/aliments_salento\/","https:\/\/www.linkedin.com\/company\/aliments-salento"]}]}},"_links":{"self":[{"href":"https:\/\/alimentsalento.com\/fr\/wp-json\/wp\/v2\/product\/8270","targetHints":{"allow":["GET"]}}],"collection":[{"href":"https:\/\/alimentsalento.com\/fr\/wp-json\/wp\/v2\/product"}],"about":[{"href":"https:\/\/alimentsalento.com\/fr\/wp-json\/wp\/v2\/types\/product"}],"replies":[{"embeddable":true,"href":"https:\/\/alimentsalento.com\/fr\/wp-json\/wp\/v2\/comments?post=8270"}],"wp:featuredmedia":[{"embeddable":true,"href":"https:\/\/alimentsalento.com\/fr\/wp-json\/wp\/v2\/media\/8323"}],"wp:attachment":[{"href":"https:\/\/alimentsalento.com\/fr\/wp-json\/wp\/v2\/media?parent=8270"}],"wp:term":[{"taxonomy":"product_cat","embeddable":true,"href":"https:\/\/alimentsalento.com\/fr\/wp-json\/wp\/v2\/product_cat?post=8270"},{"taxonomy":"product_tag","embeddable":true,"href":"https:\/\/alimentsalento.com\/fr\/wp-json\/wp\/v2\/product_tag?post=8270"}],"curies":[{"name":"wp","href":"https:\/\/api.w.org\/{rel}","templated":true}]}}