{"id":7539,"date":"2021-12-11T12:59:06","date_gmt":"2022-01-18T19:19:06","guid":{"rendered":"https:\/\/alimentsalento.com\/product\/huile-bio-3-flacons-de-250-ml\/"},"modified":"2022-01-19T12:28:12","modified_gmt":"2022-01-19T11:28:12","slug":"huile-bio-3-bouteilles-de-250-ml1","status":"publish","type":"product","link":"https:\/\/alimentsalento.com\/fr\/produit\/huile-bio-3-bouteilles-de-250-ml1\/","title":{"rendered":"HUILE BIO 3 FLACONS DE 250 ML"},"content":{"rendered":"<h3>Blend:<\/h3>\n<p>Moyennement fruit\u00e9 avec arri\u00e8re-go\u00f9t agr\u00e9able amer et senteur de tomate.<br \/>\nD\u00e9guster avec ,premiers plats, salades riches, artichauts, viandes.<br \/>\n<a href=\"https:\/\/alimentsalento.com\/prodotto\/olio-doliva-extra-vergine-di-olive-blend\/\" target=\"_blank\" rel=\"noopener\">D\u00e9tails du produit<\/a><\/p>\n<h3>Leccine:<\/h3>\n<p>L\u00e9g\u00e8rement fruit\u00e9, doux avec arri\u00e8re-go\u00f9t agr\u00e9able amer et senteur herbac\u00e9e.<br \/>\nD\u00e9guster avec, premiers plats de p\u00e0tes, soupes, carpaccio de poisson, salades l\u00e9g\u00e8res.<br \/>\n<a href=\"https:\/\/alimentsalento.com\/prodotto\/olio-doliva-extra-vergine-di-olive-leccine-02\/\" target=\"_blank\" rel=\"noopener\">D\u00e9tails du produit<\/a><\/p>\n<h3>Coratine:<\/h3>\n<p>Intens\u00e9ment fruit\u00e9 avec arri\u00e8re-go\u00f9t agr\u00e9able amer-piccant et senteur d\u2019artichaut.<br \/>\nD\u00e9guster avec, verdures grill\u00e9es, viandes rouges \u00e0 la grille, carpaccio de viande, \u201cbruschette\u201d et \u201cfrise\u201d, fromages \u00e0 p\u00e0te molle.<br \/>\n<a href=\"https:\/\/alimentsalento.com\/prodotto\/olio-doliva-extra-vergine-di-olive-coratine-04\/\" target=\"_blank\" rel=\"noopener\">D\u00e9tails du produit<\/a><\/p>\n","protected":false},"excerpt":{"rendered":"<p>A l&#8217;int\u00e9rieur du coffret vous trouverez :<br \/>\n<strong>1 flacon d&#8217;huile Blend EVO de 250 ml<br \/>\n <\/strong> <strong>1 flacon d&#8217;huile Leccine EVO de 250 ml<br \/>\n<\/strong> <strong>1 flacon d&#8217;huile Coratine EVO de 250 ml<\/strong><\/p>\n<h5><a style=\"color:#e61919; text-decoration: underline;\" href=\"https:\/\/alimentsalento.com\/fr\/guide-gastronomique-suggestions-dhuiles-pour-laccord\/\">Cliquez ici pour d\u00e9couvrir les caract\u00e9ristiques de nos huiles<\/a><\/h5>\n","protected":false},"featured_media":5803,"comment_status":"open","ping_status":"closed","template":"","meta":[],"product_cat":[158],"product_tag":[],"class_list":["post-7539","product","type-product","status-publish","has-post-thumbnail","hentry","product_cat-coffrets-olio-bio-fr"],"yoast_head":"<!-- This site is optimized with the Yoast SEO plugin v27.4 - https:\/\/yoast.com\/product\/yoast-seo-wordpress\/ -->\n<title>HUILE BIO 3 FLACONS DE 250 ML - Aliments Salento<\/title>\n<meta name=\"robots\" content=\"index, follow, max-snippet:-1, max-image-preview:large, max-video-preview:-1\" \/>\n<link rel=\"canonical\" href=\"https:\/\/alimentsalento.com\/fr\/produit\/huile-bio-3-bouteilles-de-250-ml1\/\" \/>\n<meta property=\"og:locale\" content=\"fr_FR\" \/>\n<meta property=\"og:type\" content=\"article\" \/>\n<meta property=\"og:title\" content=\"HUILE BIO 3 FLACONS DE 250 ML - Aliments Salento\" \/>\n<meta property=\"og:description\" content=\"A l&#039;int\u00e9rieur du coffret vous trouverez : 1 flacon d&#039;huile Blend EVO de 250 ml  1 flacon d&#039;huile Leccine EVO de 250 ml  1 flacon d&#039;huile Coratine EVO de 250 ml Cliquez ici pour d\u00e9couvrir les caract\u00e9ristiques de nos huiles\" \/>\n<meta property=\"og:url\" content=\"https:\/\/alimentsalento.com\/fr\/produit\/huile-bio-3-bouteilles-de-250-ml1\/\" \/>\n<meta property=\"og:site_name\" content=\"Aliments Salento\" \/>\n<meta property=\"article:publisher\" content=\"https:\/\/www.facebook.com\/alimentssalento\" \/>\n<meta property=\"article:modified_time\" content=\"2022-01-19T11:28:12+00:00\" \/>\n<meta property=\"og:image\" content=\"https:\/\/alimentsalento.com\/wp-content\/uploads\/2021\/10\/Olio-3-bottiglie.jpg\" \/>\n\t<meta property=\"og:image:width\" content=\"920\" \/>\n\t<meta property=\"og:image:height\" content=\"1140\" \/>\n\t<meta property=\"og:image:type\" content=\"image\/jpeg\" \/>\n<meta name=\"twitter:card\" content=\"summary_large_image\" \/>\n<meta name=\"twitter:label1\" content=\"Dur\u00e9e de lecture estim\u00e9e\" \/>\n\t<meta name=\"twitter:data1\" content=\"1 minute\" \/>\n<script type=\"application\/ld+json\" class=\"yoast-schema-graph\">{\"@context\":\"https:\\\/\\\/schema.org\",\"@graph\":[{\"@type\":\"WebPage\",\"@id\":\"https:\\\/\\\/alimentsalento.com\\\/fr\\\/produit\\\/huile-bio-3-bouteilles-de-250-ml1\\\/\",\"url\":\"https:\\\/\\\/alimentsalento.com\\\/fr\\\/produit\\\/huile-bio-3-bouteilles-de-250-ml1\\\/\",\"name\":\"HUILE BIO 3 FLACONS DE 250 ML - Aliments Salento\",\"isPartOf\":{\"@id\":\"https:\\\/\\\/alimentsalento.com\\\/fr\\\/#website\"},\"primaryImageOfPage\":{\"@id\":\"https:\\\/\\\/alimentsalento.com\\\/fr\\\/produit\\\/huile-bio-3-bouteilles-de-250-ml1\\\/#primaryimage\"},\"image\":{\"@id\":\"https:\\\/\\\/alimentsalento.com\\\/fr\\\/produit\\\/huile-bio-3-bouteilles-de-250-ml1\\\/#primaryimage\"},\"thumbnailUrl\":\"https:\\\/\\\/alimentsalento.com\\\/wp-content\\\/uploads\\\/2021\\\/10\\\/Olio-3-bottiglie.jpg\",\"datePublished\":\"2022-01-18T19:19:06+00:00\",\"dateModified\":\"2022-01-19T11:28:12+00:00\",\"breadcrumb\":{\"@id\":\"https:\\\/\\\/alimentsalento.com\\\/fr\\\/produit\\\/huile-bio-3-bouteilles-de-250-ml1\\\/#breadcrumb\"},\"inLanguage\":\"fr-FR\",\"potentialAction\":[{\"@type\":\"ReadAction\",\"target\":[\"https:\\\/\\\/alimentsalento.com\\\/fr\\\/produit\\\/huile-bio-3-bouteilles-de-250-ml1\\\/\"]}]},{\"@type\":\"ImageObject\",\"inLanguage\":\"fr-FR\",\"@id\":\"https:\\\/\\\/alimentsalento.com\\\/fr\\\/produit\\\/huile-bio-3-bouteilles-de-250-ml1\\\/#primaryimage\",\"url\":\"https:\\\/\\\/alimentsalento.com\\\/wp-content\\\/uploads\\\/2021\\\/10\\\/Olio-3-bottiglie.jpg\",\"contentUrl\":\"https:\\\/\\\/alimentsalento.com\\\/wp-content\\\/uploads\\\/2021\\\/10\\\/Olio-3-bottiglie.jpg\",\"width\":920,\"height\":1140},{\"@type\":\"BreadcrumbList\",\"@id\":\"https:\\\/\\\/alimentsalento.com\\\/fr\\\/produit\\\/huile-bio-3-bouteilles-de-250-ml1\\\/#breadcrumb\",\"itemListElement\":[{\"@type\":\"ListItem\",\"position\":1,\"name\":\"Home\",\"item\":\"https:\\\/\\\/alimentsalento.com\\\/fr\\\/\"},{\"@type\":\"ListItem\",\"position\":2,\"name\":\"Boutique\",\"item\":\"https:\\\/\\\/alimentsalento.com\\\/fr\\\/boutique\\\/\"},{\"@type\":\"ListItem\",\"position\":3,\"name\":\"HUILE BIO 3 FLACONS DE 250 ML\"}]},{\"@type\":\"WebSite\",\"@id\":\"https:\\\/\\\/alimentsalento.com\\\/fr\\\/#website\",\"url\":\"https:\\\/\\\/alimentsalento.com\\\/fr\\\/\",\"name\":\"Aliments Salento\",\"description\":\"Benvenuti in Salento, terra di sapori e di colori.\",\"publisher\":{\"@id\":\"https:\\\/\\\/alimentsalento.com\\\/fr\\\/#organization\"},\"potentialAction\":[{\"@type\":\"SearchAction\",\"target\":{\"@type\":\"EntryPoint\",\"urlTemplate\":\"https:\\\/\\\/alimentsalento.com\\\/fr\\\/?s={search_term_string}\"},\"query-input\":{\"@type\":\"PropertyValueSpecification\",\"valueRequired\":true,\"valueName\":\"search_term_string\"}}],\"inLanguage\":\"fr-FR\"},{\"@type\":\"Organization\",\"@id\":\"https:\\\/\\\/alimentsalento.com\\\/fr\\\/#organization\",\"name\":\"Aliments Salento\",\"url\":\"https:\\\/\\\/alimentsalento.com\\\/fr\\\/\",\"logo\":{\"@type\":\"ImageObject\",\"inLanguage\":\"fr-FR\",\"@id\":\"https:\\\/\\\/alimentsalento.com\\\/fr\\\/#\\\/schema\\\/logo\\\/image\\\/\",\"url\":\"https:\\\/\\\/alimentsalento.com\\\/wp-content\\\/uploads\\\/2021\\\/12\\\/AlimentsalentoSLchef6.png\",\"contentUrl\":\"https:\\\/\\\/alimentsalento.com\\\/wp-content\\\/uploads\\\/2021\\\/12\\\/AlimentsalentoSLchef6.png\",\"width\":542,\"height\":176,\"caption\":\"Aliments Salento\"},\"image\":{\"@id\":\"https:\\\/\\\/alimentsalento.com\\\/fr\\\/#\\\/schema\\\/logo\\\/image\\\/\"},\"sameAs\":[\"https:\\\/\\\/www.facebook.com\\\/alimentssalento\",\"https:\\\/\\\/www.instagram.com\\\/aliments_salento\\\/\",\"https:\\\/\\\/www.linkedin.com\\\/company\\\/aliments-salento\"]}]}<\/script>\n<!-- \/ Yoast SEO plugin. -->","yoast_head_json":{"title":"HUILE BIO 3 FLACONS DE 250 ML - Aliments Salento","robots":{"index":"index","follow":"follow","max-snippet":"max-snippet:-1","max-image-preview":"max-image-preview:large","max-video-preview":"max-video-preview:-1"},"canonical":"https:\/\/alimentsalento.com\/fr\/produit\/huile-bio-3-bouteilles-de-250-ml1\/","og_locale":"fr_FR","og_type":"article","og_title":"HUILE BIO 3 FLACONS DE 250 ML - Aliments Salento","og_description":"A l'int\u00e9rieur du coffret vous trouverez : 1 flacon d'huile Blend EVO de 250 ml  1 flacon d'huile Leccine EVO de 250 ml  1 flacon d'huile Coratine EVO de 250 ml Cliquez ici pour d\u00e9couvrir les caract\u00e9ristiques de nos huiles","og_url":"https:\/\/alimentsalento.com\/fr\/produit\/huile-bio-3-bouteilles-de-250-ml1\/","og_site_name":"Aliments Salento","article_publisher":"https:\/\/www.facebook.com\/alimentssalento","article_modified_time":"2022-01-19T11:28:12+00:00","og_image":[{"width":920,"height":1140,"url":"https:\/\/alimentsalento.com\/wp-content\/uploads\/2021\/10\/Olio-3-bottiglie.jpg","type":"image\/jpeg"}],"twitter_card":"summary_large_image","twitter_misc":{"Dur\u00e9e de lecture estim\u00e9e":"1 minute"},"schema":{"@context":"https:\/\/schema.org","@graph":[{"@type":"WebPage","@id":"https:\/\/alimentsalento.com\/fr\/produit\/huile-bio-3-bouteilles-de-250-ml1\/","url":"https:\/\/alimentsalento.com\/fr\/produit\/huile-bio-3-bouteilles-de-250-ml1\/","name":"HUILE BIO 3 FLACONS DE 250 ML - Aliments Salento","isPartOf":{"@id":"https:\/\/alimentsalento.com\/fr\/#website"},"primaryImageOfPage":{"@id":"https:\/\/alimentsalento.com\/fr\/produit\/huile-bio-3-bouteilles-de-250-ml1\/#primaryimage"},"image":{"@id":"https:\/\/alimentsalento.com\/fr\/produit\/huile-bio-3-bouteilles-de-250-ml1\/#primaryimage"},"thumbnailUrl":"https:\/\/alimentsalento.com\/wp-content\/uploads\/2021\/10\/Olio-3-bottiglie.jpg","datePublished":"2022-01-18T19:19:06+00:00","dateModified":"2022-01-19T11:28:12+00:00","breadcrumb":{"@id":"https:\/\/alimentsalento.com\/fr\/produit\/huile-bio-3-bouteilles-de-250-ml1\/#breadcrumb"},"inLanguage":"fr-FR","potentialAction":[{"@type":"ReadAction","target":["https:\/\/alimentsalento.com\/fr\/produit\/huile-bio-3-bouteilles-de-250-ml1\/"]}]},{"@type":"ImageObject","inLanguage":"fr-FR","@id":"https:\/\/alimentsalento.com\/fr\/produit\/huile-bio-3-bouteilles-de-250-ml1\/#primaryimage","url":"https:\/\/alimentsalento.com\/wp-content\/uploads\/2021\/10\/Olio-3-bottiglie.jpg","contentUrl":"https:\/\/alimentsalento.com\/wp-content\/uploads\/2021\/10\/Olio-3-bottiglie.jpg","width":920,"height":1140},{"@type":"BreadcrumbList","@id":"https:\/\/alimentsalento.com\/fr\/produit\/huile-bio-3-bouteilles-de-250-ml1\/#breadcrumb","itemListElement":[{"@type":"ListItem","position":1,"name":"Home","item":"https:\/\/alimentsalento.com\/fr\/"},{"@type":"ListItem","position":2,"name":"Boutique","item":"https:\/\/alimentsalento.com\/fr\/boutique\/"},{"@type":"ListItem","position":3,"name":"HUILE BIO 3 FLACONS DE 250 ML"}]},{"@type":"WebSite","@id":"https:\/\/alimentsalento.com\/fr\/#website","url":"https:\/\/alimentsalento.com\/fr\/","name":"Aliments Salento","description":"Benvenuti in Salento, terra di sapori e di colori.","publisher":{"@id":"https:\/\/alimentsalento.com\/fr\/#organization"},"potentialAction":[{"@type":"SearchAction","target":{"@type":"EntryPoint","urlTemplate":"https:\/\/alimentsalento.com\/fr\/?s={search_term_string}"},"query-input":{"@type":"PropertyValueSpecification","valueRequired":true,"valueName":"search_term_string"}}],"inLanguage":"fr-FR"},{"@type":"Organization","@id":"https:\/\/alimentsalento.com\/fr\/#organization","name":"Aliments Salento","url":"https:\/\/alimentsalento.com\/fr\/","logo":{"@type":"ImageObject","inLanguage":"fr-FR","@id":"https:\/\/alimentsalento.com\/fr\/#\/schema\/logo\/image\/","url":"https:\/\/alimentsalento.com\/wp-content\/uploads\/2021\/12\/AlimentsalentoSLchef6.png","contentUrl":"https:\/\/alimentsalento.com\/wp-content\/uploads\/2021\/12\/AlimentsalentoSLchef6.png","width":542,"height":176,"caption":"Aliments Salento"},"image":{"@id":"https:\/\/alimentsalento.com\/fr\/#\/schema\/logo\/image\/"},"sameAs":["https:\/\/www.facebook.com\/alimentssalento","https:\/\/www.instagram.com\/aliments_salento\/","https:\/\/www.linkedin.com\/company\/aliments-salento"]}]}},"_links":{"self":[{"href":"https:\/\/alimentsalento.com\/fr\/wp-json\/wp\/v2\/product\/7539","targetHints":{"allow":["GET"]}}],"collection":[{"href":"https:\/\/alimentsalento.com\/fr\/wp-json\/wp\/v2\/product"}],"about":[{"href":"https:\/\/alimentsalento.com\/fr\/wp-json\/wp\/v2\/types\/product"}],"replies":[{"embeddable":true,"href":"https:\/\/alimentsalento.com\/fr\/wp-json\/wp\/v2\/comments?post=7539"}],"wp:featuredmedia":[{"embeddable":true,"href":"https:\/\/alimentsalento.com\/fr\/wp-json\/wp\/v2\/media\/5803"}],"wp:attachment":[{"href":"https:\/\/alimentsalento.com\/fr\/wp-json\/wp\/v2\/media?parent=7539"}],"wp:term":[{"taxonomy":"product_cat","embeddable":true,"href":"https:\/\/alimentsalento.com\/fr\/wp-json\/wp\/v2\/product_cat?post=7539"},{"taxonomy":"product_tag","embeddable":true,"href":"https:\/\/alimentsalento.com\/fr\/wp-json\/wp\/v2\/product_tag?post=7539"}],"curies":[{"name":"wp","href":"https:\/\/api.w.org\/{rel}","templated":true}]}}