{"id":7500,"date":"2022-01-15T12:26:10","date_gmt":"2022-01-18T18:43:00","guid":{"rendered":"https:\/\/alimentsalento.com\/product\/1-bouteille-dhuile\/"},"modified":"2023-05-08T12:19:09","modified_gmt":"2023-05-08T10:19:09","slug":"1-bouteille-huile-pack","status":"publish","type":"product","link":"https:\/\/alimentsalento.com\/fr\/produit\/1-bouteille-huile-pack\/","title":{"rendered":"1 bouteille d&#8217;huile"},"content":{"rendered":"","protected":false},"excerpt":{"rendered":"<p>Vous pouvez composer votre propre forfait en choisissant les bouteilles d&#8217;huile que vous aimez pour la capacit\u00e9 et la vari\u00e9t\u00e9 parmi celles incluses dans la cat\u00e9gorie HUILE.<br \/>\nLe co\u00fbt total du forfait sera calcul\u00e9 sur la base du prix de chaque bouteille s\u00e9lectionn\u00e9e.<\/p>\n<h5><strong><a href=\"https:\/\/alimentsalento.com\/fr\/categorie-produit\/huile-bio\/\">CLIQUEZ ICI POUR CHOISIR VOS BOUTEILLES<\/a><\/strong><\/h5>\n","protected":false},"featured_media":7158,"comment_status":"open","ping_status":"closed","template":"","meta":[],"product_cat":[307],"product_tag":[],"class_list":["post-7500","product","type-product","status-publish","has-post-thumbnail","hentry","product_cat-pack-huile-bio"],"yoast_head":"<!-- This site is optimized with the Yoast SEO plugin v27.3 - https:\/\/yoast.com\/product\/yoast-seo-wordpress\/ -->\n<title>1 bouteille d&#039;huile - Aliments Salento<\/title>\n<meta name=\"robots\" content=\"index, follow, max-snippet:-1, max-image-preview:large, max-video-preview:-1\" \/>\n<link rel=\"canonical\" href=\"https:\/\/alimentsalento.com\/fr\/produit\/1-bouteille-huile-pack\/\" \/>\n<meta property=\"og:locale\" content=\"fr_FR\" \/>\n<meta property=\"og:type\" content=\"article\" \/>\n<meta property=\"og:title\" content=\"1 bouteille d&#039;huile - Aliments Salento\" \/>\n<meta property=\"og:description\" content=\"Vous pouvez composer votre propre forfait en choisissant les bouteilles d&#039;huile que vous aimez pour la capacit\u00e9 et la vari\u00e9t\u00e9 parmi celles incluses dans la cat\u00e9gorie HUILE. Le co\u00fbt total du forfait sera calcul\u00e9 sur la base du prix de chaque bouteille s\u00e9lectionn\u00e9e. CLIQUEZ ICI POUR CHOISIR VOS BOUTEILLES\" \/>\n<meta property=\"og:url\" content=\"https:\/\/alimentsalento.com\/fr\/produit\/1-bouteille-huile-pack\/\" \/>\n<meta property=\"og:site_name\" content=\"Aliments Salento\" \/>\n<meta property=\"article:publisher\" content=\"https:\/\/www.facebook.com\/alimentssalento\" \/>\n<meta property=\"article:modified_time\" content=\"2023-05-08T10:19:09+00:00\" \/>\n<meta property=\"og:image\" content=\"https:\/\/alimentsalento.com\/wp-content\/uploads\/2022\/01\/Coffret-Olio-Singolo.jpg\" \/>\n\t<meta property=\"og:image:width\" content=\"920\" \/>\n\t<meta property=\"og:image:height\" content=\"1140\" \/>\n\t<meta property=\"og:image:type\" content=\"image\/jpeg\" \/>\n<meta name=\"twitter:card\" content=\"summary_large_image\" \/>\n<script type=\"application\/ld+json\" class=\"yoast-schema-graph\">{\"@context\":\"https:\\\/\\\/schema.org\",\"@graph\":[{\"@type\":\"WebPage\",\"@id\":\"https:\\\/\\\/alimentsalento.com\\\/fr\\\/produit\\\/1-bouteille-huile-pack\\\/\",\"url\":\"https:\\\/\\\/alimentsalento.com\\\/fr\\\/produit\\\/1-bouteille-huile-pack\\\/\",\"name\":\"1 bouteille d'huile - Aliments Salento\",\"isPartOf\":{\"@id\":\"https:\\\/\\\/alimentsalento.com\\\/fr\\\/#website\"},\"primaryImageOfPage\":{\"@id\":\"https:\\\/\\\/alimentsalento.com\\\/fr\\\/produit\\\/1-bouteille-huile-pack\\\/#primaryimage\"},\"image\":{\"@id\":\"https:\\\/\\\/alimentsalento.com\\\/fr\\\/produit\\\/1-bouteille-huile-pack\\\/#primaryimage\"},\"thumbnailUrl\":\"https:\\\/\\\/alimentsalento.com\\\/wp-content\\\/uploads\\\/2022\\\/01\\\/Coffret-Olio-Singolo.jpg\",\"datePublished\":\"2022-01-18T18:43:00+00:00\",\"dateModified\":\"2023-05-08T10:19:09+00:00\",\"breadcrumb\":{\"@id\":\"https:\\\/\\\/alimentsalento.com\\\/fr\\\/produit\\\/1-bouteille-huile-pack\\\/#breadcrumb\"},\"inLanguage\":\"fr-FR\",\"potentialAction\":[{\"@type\":\"ReadAction\",\"target\":[\"https:\\\/\\\/alimentsalento.com\\\/fr\\\/produit\\\/1-bouteille-huile-pack\\\/\"]}]},{\"@type\":\"ImageObject\",\"inLanguage\":\"fr-FR\",\"@id\":\"https:\\\/\\\/alimentsalento.com\\\/fr\\\/produit\\\/1-bouteille-huile-pack\\\/#primaryimage\",\"url\":\"https:\\\/\\\/alimentsalento.com\\\/wp-content\\\/uploads\\\/2022\\\/01\\\/Coffret-Olio-Singolo.jpg\",\"contentUrl\":\"https:\\\/\\\/alimentsalento.com\\\/wp-content\\\/uploads\\\/2022\\\/01\\\/Coffret-Olio-Singolo.jpg\",\"width\":920,\"height\":1140},{\"@type\":\"BreadcrumbList\",\"@id\":\"https:\\\/\\\/alimentsalento.com\\\/fr\\\/produit\\\/1-bouteille-huile-pack\\\/#breadcrumb\",\"itemListElement\":[{\"@type\":\"ListItem\",\"position\":1,\"name\":\"Home\",\"item\":\"https:\\\/\\\/alimentsalento.com\\\/fr\\\/\"},{\"@type\":\"ListItem\",\"position\":2,\"name\":\"Boutique\",\"item\":\"https:\\\/\\\/alimentsalento.com\\\/fr\\\/boutique\\\/\"},{\"@type\":\"ListItem\",\"position\":3,\"name\":\"1 bouteille d&#8217;huile\"}]},{\"@type\":\"WebSite\",\"@id\":\"https:\\\/\\\/alimentsalento.com\\\/fr\\\/#website\",\"url\":\"https:\\\/\\\/alimentsalento.com\\\/fr\\\/\",\"name\":\"Aliments Salento\",\"description\":\"Benvenuti in Salento, terra di sapori e di colori.\",\"publisher\":{\"@id\":\"https:\\\/\\\/alimentsalento.com\\\/fr\\\/#organization\"},\"potentialAction\":[{\"@type\":\"SearchAction\",\"target\":{\"@type\":\"EntryPoint\",\"urlTemplate\":\"https:\\\/\\\/alimentsalento.com\\\/fr\\\/?s={search_term_string}\"},\"query-input\":{\"@type\":\"PropertyValueSpecification\",\"valueRequired\":true,\"valueName\":\"search_term_string\"}}],\"inLanguage\":\"fr-FR\"},{\"@type\":\"Organization\",\"@id\":\"https:\\\/\\\/alimentsalento.com\\\/fr\\\/#organization\",\"name\":\"Aliments Salento\",\"url\":\"https:\\\/\\\/alimentsalento.com\\\/fr\\\/\",\"logo\":{\"@type\":\"ImageObject\",\"inLanguage\":\"fr-FR\",\"@id\":\"https:\\\/\\\/alimentsalento.com\\\/fr\\\/#\\\/schema\\\/logo\\\/image\\\/\",\"url\":\"https:\\\/\\\/alimentsalento.com\\\/wp-content\\\/uploads\\\/2021\\\/12\\\/AlimentsalentoSLchef6.png\",\"contentUrl\":\"https:\\\/\\\/alimentsalento.com\\\/wp-content\\\/uploads\\\/2021\\\/12\\\/AlimentsalentoSLchef6.png\",\"width\":542,\"height\":176,\"caption\":\"Aliments Salento\"},\"image\":{\"@id\":\"https:\\\/\\\/alimentsalento.com\\\/fr\\\/#\\\/schema\\\/logo\\\/image\\\/\"},\"sameAs\":[\"https:\\\/\\\/www.facebook.com\\\/alimentssalento\",\"https:\\\/\\\/www.instagram.com\\\/aliments_salento\\\/\",\"https:\\\/\\\/www.linkedin.com\\\/company\\\/aliments-salento\"]}]}<\/script>\n<!-- \/ Yoast SEO plugin. -->","yoast_head_json":{"title":"1 bouteille d'huile - Aliments Salento","robots":{"index":"index","follow":"follow","max-snippet":"max-snippet:-1","max-image-preview":"max-image-preview:large","max-video-preview":"max-video-preview:-1"},"canonical":"https:\/\/alimentsalento.com\/fr\/produit\/1-bouteille-huile-pack\/","og_locale":"fr_FR","og_type":"article","og_title":"1 bouteille d'huile - Aliments Salento","og_description":"Vous pouvez composer votre propre forfait en choisissant les bouteilles d'huile que vous aimez pour la capacit\u00e9 et la vari\u00e9t\u00e9 parmi celles incluses dans la cat\u00e9gorie HUILE. Le co\u00fbt total du forfait sera calcul\u00e9 sur la base du prix de chaque bouteille s\u00e9lectionn\u00e9e. CLIQUEZ ICI POUR CHOISIR VOS BOUTEILLES","og_url":"https:\/\/alimentsalento.com\/fr\/produit\/1-bouteille-huile-pack\/","og_site_name":"Aliments Salento","article_publisher":"https:\/\/www.facebook.com\/alimentssalento","article_modified_time":"2023-05-08T10:19:09+00:00","og_image":[{"width":920,"height":1140,"url":"https:\/\/alimentsalento.com\/wp-content\/uploads\/2022\/01\/Coffret-Olio-Singolo.jpg","type":"image\/jpeg"}],"twitter_card":"summary_large_image","schema":{"@context":"https:\/\/schema.org","@graph":[{"@type":"WebPage","@id":"https:\/\/alimentsalento.com\/fr\/produit\/1-bouteille-huile-pack\/","url":"https:\/\/alimentsalento.com\/fr\/produit\/1-bouteille-huile-pack\/","name":"1 bouteille d'huile - Aliments Salento","isPartOf":{"@id":"https:\/\/alimentsalento.com\/fr\/#website"},"primaryImageOfPage":{"@id":"https:\/\/alimentsalento.com\/fr\/produit\/1-bouteille-huile-pack\/#primaryimage"},"image":{"@id":"https:\/\/alimentsalento.com\/fr\/produit\/1-bouteille-huile-pack\/#primaryimage"},"thumbnailUrl":"https:\/\/alimentsalento.com\/wp-content\/uploads\/2022\/01\/Coffret-Olio-Singolo.jpg","datePublished":"2022-01-18T18:43:00+00:00","dateModified":"2023-05-08T10:19:09+00:00","breadcrumb":{"@id":"https:\/\/alimentsalento.com\/fr\/produit\/1-bouteille-huile-pack\/#breadcrumb"},"inLanguage":"fr-FR","potentialAction":[{"@type":"ReadAction","target":["https:\/\/alimentsalento.com\/fr\/produit\/1-bouteille-huile-pack\/"]}]},{"@type":"ImageObject","inLanguage":"fr-FR","@id":"https:\/\/alimentsalento.com\/fr\/produit\/1-bouteille-huile-pack\/#primaryimage","url":"https:\/\/alimentsalento.com\/wp-content\/uploads\/2022\/01\/Coffret-Olio-Singolo.jpg","contentUrl":"https:\/\/alimentsalento.com\/wp-content\/uploads\/2022\/01\/Coffret-Olio-Singolo.jpg","width":920,"height":1140},{"@type":"BreadcrumbList","@id":"https:\/\/alimentsalento.com\/fr\/produit\/1-bouteille-huile-pack\/#breadcrumb","itemListElement":[{"@type":"ListItem","position":1,"name":"Home","item":"https:\/\/alimentsalento.com\/fr\/"},{"@type":"ListItem","position":2,"name":"Boutique","item":"https:\/\/alimentsalento.com\/fr\/boutique\/"},{"@type":"ListItem","position":3,"name":"1 bouteille d&#8217;huile"}]},{"@type":"WebSite","@id":"https:\/\/alimentsalento.com\/fr\/#website","url":"https:\/\/alimentsalento.com\/fr\/","name":"Aliments Salento","description":"Benvenuti in Salento, terra di sapori e di colori.","publisher":{"@id":"https:\/\/alimentsalento.com\/fr\/#organization"},"potentialAction":[{"@type":"SearchAction","target":{"@type":"EntryPoint","urlTemplate":"https:\/\/alimentsalento.com\/fr\/?s={search_term_string}"},"query-input":{"@type":"PropertyValueSpecification","valueRequired":true,"valueName":"search_term_string"}}],"inLanguage":"fr-FR"},{"@type":"Organization","@id":"https:\/\/alimentsalento.com\/fr\/#organization","name":"Aliments Salento","url":"https:\/\/alimentsalento.com\/fr\/","logo":{"@type":"ImageObject","inLanguage":"fr-FR","@id":"https:\/\/alimentsalento.com\/fr\/#\/schema\/logo\/image\/","url":"https:\/\/alimentsalento.com\/wp-content\/uploads\/2021\/12\/AlimentsalentoSLchef6.png","contentUrl":"https:\/\/alimentsalento.com\/wp-content\/uploads\/2021\/12\/AlimentsalentoSLchef6.png","width":542,"height":176,"caption":"Aliments Salento"},"image":{"@id":"https:\/\/alimentsalento.com\/fr\/#\/schema\/logo\/image\/"},"sameAs":["https:\/\/www.facebook.com\/alimentssalento","https:\/\/www.instagram.com\/aliments_salento\/","https:\/\/www.linkedin.com\/company\/aliments-salento"]}]}},"_links":{"self":[{"href":"https:\/\/alimentsalento.com\/fr\/wp-json\/wp\/v2\/product\/7500","targetHints":{"allow":["GET"]}}],"collection":[{"href":"https:\/\/alimentsalento.com\/fr\/wp-json\/wp\/v2\/product"}],"about":[{"href":"https:\/\/alimentsalento.com\/fr\/wp-json\/wp\/v2\/types\/product"}],"replies":[{"embeddable":true,"href":"https:\/\/alimentsalento.com\/fr\/wp-json\/wp\/v2\/comments?post=7500"}],"wp:featuredmedia":[{"embeddable":true,"href":"https:\/\/alimentsalento.com\/fr\/wp-json\/wp\/v2\/media\/7158"}],"wp:attachment":[{"href":"https:\/\/alimentsalento.com\/fr\/wp-json\/wp\/v2\/media?parent=7500"}],"wp:term":[{"taxonomy":"product_cat","embeddable":true,"href":"https:\/\/alimentsalento.com\/fr\/wp-json\/wp\/v2\/product_cat?post=7500"},{"taxonomy":"product_tag","embeddable":true,"href":"https:\/\/alimentsalento.com\/fr\/wp-json\/wp\/v2\/product_tag?post=7500"}],"curies":[{"name":"wp","href":"https:\/\/api.w.org\/{rel}","templated":true}]}}