{"id":7493,"date":"2022-01-15T12:31:56","date_gmt":"2022-01-18T18:40:05","guid":{"rendered":"https:\/\/alimentsalento.com\/product\/pack-de-3-bouteilles-dhuile\/"},"modified":"2023-05-08T12:18:53","modified_gmt":"2023-05-08T10:18:53","slug":"confezione-olio-3-bottiglie-fr1","status":"publish","type":"product","link":"https:\/\/alimentsalento.com\/fr\/produit\/confezione-olio-3-bottiglie-fr1\/","title":{"rendered":"Pack de 3 bouteilles d&#8217;huile"},"content":{"rendered":"","protected":false},"excerpt":{"rendered":"<p>Vous pouvez composer votre propre forfait en choisissant les bouteilles d&#8217;huile que vous aimez pour la capacit\u00e9 et la vari\u00e9t\u00e9 parmi celles incluses dans la cat\u00e9gorie HUILE.<br \/>\nLe co\u00fbt total du forfait sera calcul\u00e9 sur la base du prix de chaque bouteille s\u00e9lectionn\u00e9e.<\/p>\n<h5><strong><a href=\"https:\/\/alimentsalento.com\/fr\/categorie-produit\/huile-bio\/\">CLIQUEZ ICI POUR CHOISIR VOS BOUTEILLES<\/a><\/strong><\/h5>\n","protected":false},"featured_media":7168,"comment_status":"open","ping_status":"closed","template":"","meta":[],"product_cat":[307],"product_tag":[],"class_list":["post-7493","product","type-product","status-publish","has-post-thumbnail","hentry","product_cat-pack-huile-bio"],"yoast_head":"<!-- This site is optimized with the Yoast SEO plugin v27.5 - https:\/\/yoast.com\/product\/yoast-seo-wordpress\/ -->\n<title>Pack de 3 bouteilles d&#039;huile - Aliments Salento<\/title>\n<meta name=\"robots\" content=\"index, follow, max-snippet:-1, max-image-preview:large, max-video-preview:-1\" \/>\n<link rel=\"canonical\" href=\"https:\/\/alimentsalento.com\/fr\/produit\/confezione-olio-3-bottiglie-fr1\/\" \/>\n<meta property=\"og:locale\" content=\"fr_FR\" \/>\n<meta property=\"og:type\" content=\"article\" \/>\n<meta property=\"og:title\" content=\"Pack de 3 bouteilles d&#039;huile - Aliments Salento\" \/>\n<meta property=\"og:description\" content=\"Vous pouvez composer votre propre forfait en choisissant les bouteilles d&#039;huile que vous aimez pour la capacit\u00e9 et la vari\u00e9t\u00e9 parmi celles incluses dans la cat\u00e9gorie HUILE. Le co\u00fbt total du forfait sera calcul\u00e9 sur la base du prix de chaque bouteille s\u00e9lectionn\u00e9e. CLIQUEZ ICI POUR CHOISIR VOS BOUTEILLES\" \/>\n<meta property=\"og:url\" content=\"https:\/\/alimentsalento.com\/fr\/produit\/confezione-olio-3-bottiglie-fr1\/\" \/>\n<meta property=\"og:site_name\" content=\"Aliments Salento\" \/>\n<meta property=\"article:publisher\" content=\"https:\/\/www.facebook.com\/alimentssalento\" \/>\n<meta property=\"article:modified_time\" content=\"2023-05-08T10:18:53+00:00\" \/>\n<meta property=\"og:image\" content=\"https:\/\/alimentsalento.com\/wp-content\/uploads\/2022\/01\/Coffret-Olio-3.jpg\" \/>\n\t<meta property=\"og:image:width\" content=\"920\" \/>\n\t<meta property=\"og:image:height\" content=\"1140\" \/>\n\t<meta property=\"og:image:type\" content=\"image\/jpeg\" \/>\n<meta name=\"twitter:card\" content=\"summary_large_image\" \/>\n<script type=\"application\/ld+json\" class=\"yoast-schema-graph\">{\"@context\":\"https:\\\/\\\/schema.org\",\"@graph\":[{\"@type\":\"WebPage\",\"@id\":\"https:\\\/\\\/alimentsalento.com\\\/fr\\\/produit\\\/confezione-olio-3-bottiglie-fr1\\\/\",\"url\":\"https:\\\/\\\/alimentsalento.com\\\/fr\\\/produit\\\/confezione-olio-3-bottiglie-fr1\\\/\",\"name\":\"Pack de 3 bouteilles d'huile - Aliments Salento\",\"isPartOf\":{\"@id\":\"https:\\\/\\\/alimentsalento.com\\\/fr\\\/#website\"},\"primaryImageOfPage\":{\"@id\":\"https:\\\/\\\/alimentsalento.com\\\/fr\\\/produit\\\/confezione-olio-3-bottiglie-fr1\\\/#primaryimage\"},\"image\":{\"@id\":\"https:\\\/\\\/alimentsalento.com\\\/fr\\\/produit\\\/confezione-olio-3-bottiglie-fr1\\\/#primaryimage\"},\"thumbnailUrl\":\"https:\\\/\\\/alimentsalento.com\\\/wp-content\\\/uploads\\\/2022\\\/01\\\/Coffret-Olio-3.jpg\",\"datePublished\":\"2022-01-18T18:40:05+00:00\",\"dateModified\":\"2023-05-08T10:18:53+00:00\",\"breadcrumb\":{\"@id\":\"https:\\\/\\\/alimentsalento.com\\\/fr\\\/produit\\\/confezione-olio-3-bottiglie-fr1\\\/#breadcrumb\"},\"inLanguage\":\"fr-FR\",\"potentialAction\":[{\"@type\":\"ReadAction\",\"target\":[\"https:\\\/\\\/alimentsalento.com\\\/fr\\\/produit\\\/confezione-olio-3-bottiglie-fr1\\\/\"]}]},{\"@type\":\"ImageObject\",\"inLanguage\":\"fr-FR\",\"@id\":\"https:\\\/\\\/alimentsalento.com\\\/fr\\\/produit\\\/confezione-olio-3-bottiglie-fr1\\\/#primaryimage\",\"url\":\"https:\\\/\\\/alimentsalento.com\\\/wp-content\\\/uploads\\\/2022\\\/01\\\/Coffret-Olio-3.jpg\",\"contentUrl\":\"https:\\\/\\\/alimentsalento.com\\\/wp-content\\\/uploads\\\/2022\\\/01\\\/Coffret-Olio-3.jpg\",\"width\":920,\"height\":1140},{\"@type\":\"BreadcrumbList\",\"@id\":\"https:\\\/\\\/alimentsalento.com\\\/fr\\\/produit\\\/confezione-olio-3-bottiglie-fr1\\\/#breadcrumb\",\"itemListElement\":[{\"@type\":\"ListItem\",\"position\":1,\"name\":\"Home\",\"item\":\"https:\\\/\\\/alimentsalento.com\\\/fr\\\/\"},{\"@type\":\"ListItem\",\"position\":2,\"name\":\"Boutique\",\"item\":\"https:\\\/\\\/alimentsalento.com\\\/fr\\\/boutique\\\/\"},{\"@type\":\"ListItem\",\"position\":3,\"name\":\"Pack de 3 bouteilles d&#8217;huile\"}]},{\"@type\":\"WebSite\",\"@id\":\"https:\\\/\\\/alimentsalento.com\\\/fr\\\/#website\",\"url\":\"https:\\\/\\\/alimentsalento.com\\\/fr\\\/\",\"name\":\"Aliments Salento\",\"description\":\"Benvenuti in Salento, terra di sapori e di colori.\",\"publisher\":{\"@id\":\"https:\\\/\\\/alimentsalento.com\\\/fr\\\/#organization\"},\"potentialAction\":[{\"@type\":\"SearchAction\",\"target\":{\"@type\":\"EntryPoint\",\"urlTemplate\":\"https:\\\/\\\/alimentsalento.com\\\/fr\\\/?s={search_term_string}\"},\"query-input\":{\"@type\":\"PropertyValueSpecification\",\"valueRequired\":true,\"valueName\":\"search_term_string\"}}],\"inLanguage\":\"fr-FR\"},{\"@type\":\"Organization\",\"@id\":\"https:\\\/\\\/alimentsalento.com\\\/fr\\\/#organization\",\"name\":\"Aliments Salento\",\"url\":\"https:\\\/\\\/alimentsalento.com\\\/fr\\\/\",\"logo\":{\"@type\":\"ImageObject\",\"inLanguage\":\"fr-FR\",\"@id\":\"https:\\\/\\\/alimentsalento.com\\\/fr\\\/#\\\/schema\\\/logo\\\/image\\\/\",\"url\":\"https:\\\/\\\/alimentsalento.com\\\/wp-content\\\/uploads\\\/2021\\\/12\\\/AlimentsalentoSLchef6.png\",\"contentUrl\":\"https:\\\/\\\/alimentsalento.com\\\/wp-content\\\/uploads\\\/2021\\\/12\\\/AlimentsalentoSLchef6.png\",\"width\":542,\"height\":176,\"caption\":\"Aliments Salento\"},\"image\":{\"@id\":\"https:\\\/\\\/alimentsalento.com\\\/fr\\\/#\\\/schema\\\/logo\\\/image\\\/\"},\"sameAs\":[\"https:\\\/\\\/www.facebook.com\\\/alimentssalento\",\"https:\\\/\\\/www.instagram.com\\\/aliments_salento\\\/\",\"https:\\\/\\\/www.linkedin.com\\\/company\\\/aliments-salento\"]}]}<\/script>\n<!-- \/ Yoast SEO plugin. -->","yoast_head_json":{"title":"Pack de 3 bouteilles d'huile - Aliments Salento","robots":{"index":"index","follow":"follow","max-snippet":"max-snippet:-1","max-image-preview":"max-image-preview:large","max-video-preview":"max-video-preview:-1"},"canonical":"https:\/\/alimentsalento.com\/fr\/produit\/confezione-olio-3-bottiglie-fr1\/","og_locale":"fr_FR","og_type":"article","og_title":"Pack de 3 bouteilles d'huile - Aliments Salento","og_description":"Vous pouvez composer votre propre forfait en choisissant les bouteilles d'huile que vous aimez pour la capacit\u00e9 et la vari\u00e9t\u00e9 parmi celles incluses dans la cat\u00e9gorie HUILE. Le co\u00fbt total du forfait sera calcul\u00e9 sur la base du prix de chaque bouteille s\u00e9lectionn\u00e9e. CLIQUEZ ICI POUR CHOISIR VOS BOUTEILLES","og_url":"https:\/\/alimentsalento.com\/fr\/produit\/confezione-olio-3-bottiglie-fr1\/","og_site_name":"Aliments Salento","article_publisher":"https:\/\/www.facebook.com\/alimentssalento","article_modified_time":"2023-05-08T10:18:53+00:00","og_image":[{"width":920,"height":1140,"url":"https:\/\/alimentsalento.com\/wp-content\/uploads\/2022\/01\/Coffret-Olio-3.jpg","type":"image\/jpeg"}],"twitter_card":"summary_large_image","schema":{"@context":"https:\/\/schema.org","@graph":[{"@type":"WebPage","@id":"https:\/\/alimentsalento.com\/fr\/produit\/confezione-olio-3-bottiglie-fr1\/","url":"https:\/\/alimentsalento.com\/fr\/produit\/confezione-olio-3-bottiglie-fr1\/","name":"Pack de 3 bouteilles d'huile - Aliments Salento","isPartOf":{"@id":"https:\/\/alimentsalento.com\/fr\/#website"},"primaryImageOfPage":{"@id":"https:\/\/alimentsalento.com\/fr\/produit\/confezione-olio-3-bottiglie-fr1\/#primaryimage"},"image":{"@id":"https:\/\/alimentsalento.com\/fr\/produit\/confezione-olio-3-bottiglie-fr1\/#primaryimage"},"thumbnailUrl":"https:\/\/alimentsalento.com\/wp-content\/uploads\/2022\/01\/Coffret-Olio-3.jpg","datePublished":"2022-01-18T18:40:05+00:00","dateModified":"2023-05-08T10:18:53+00:00","breadcrumb":{"@id":"https:\/\/alimentsalento.com\/fr\/produit\/confezione-olio-3-bottiglie-fr1\/#breadcrumb"},"inLanguage":"fr-FR","potentialAction":[{"@type":"ReadAction","target":["https:\/\/alimentsalento.com\/fr\/produit\/confezione-olio-3-bottiglie-fr1\/"]}]},{"@type":"ImageObject","inLanguage":"fr-FR","@id":"https:\/\/alimentsalento.com\/fr\/produit\/confezione-olio-3-bottiglie-fr1\/#primaryimage","url":"https:\/\/alimentsalento.com\/wp-content\/uploads\/2022\/01\/Coffret-Olio-3.jpg","contentUrl":"https:\/\/alimentsalento.com\/wp-content\/uploads\/2022\/01\/Coffret-Olio-3.jpg","width":920,"height":1140},{"@type":"BreadcrumbList","@id":"https:\/\/alimentsalento.com\/fr\/produit\/confezione-olio-3-bottiglie-fr1\/#breadcrumb","itemListElement":[{"@type":"ListItem","position":1,"name":"Home","item":"https:\/\/alimentsalento.com\/fr\/"},{"@type":"ListItem","position":2,"name":"Boutique","item":"https:\/\/alimentsalento.com\/fr\/boutique\/"},{"@type":"ListItem","position":3,"name":"Pack de 3 bouteilles d&#8217;huile"}]},{"@type":"WebSite","@id":"https:\/\/alimentsalento.com\/fr\/#website","url":"https:\/\/alimentsalento.com\/fr\/","name":"Aliments Salento","description":"Benvenuti in Salento, terra di sapori e di colori.","publisher":{"@id":"https:\/\/alimentsalento.com\/fr\/#organization"},"potentialAction":[{"@type":"SearchAction","target":{"@type":"EntryPoint","urlTemplate":"https:\/\/alimentsalento.com\/fr\/?s={search_term_string}"},"query-input":{"@type":"PropertyValueSpecification","valueRequired":true,"valueName":"search_term_string"}}],"inLanguage":"fr-FR"},{"@type":"Organization","@id":"https:\/\/alimentsalento.com\/fr\/#organization","name":"Aliments Salento","url":"https:\/\/alimentsalento.com\/fr\/","logo":{"@type":"ImageObject","inLanguage":"fr-FR","@id":"https:\/\/alimentsalento.com\/fr\/#\/schema\/logo\/image\/","url":"https:\/\/alimentsalento.com\/wp-content\/uploads\/2021\/12\/AlimentsalentoSLchef6.png","contentUrl":"https:\/\/alimentsalento.com\/wp-content\/uploads\/2021\/12\/AlimentsalentoSLchef6.png","width":542,"height":176,"caption":"Aliments Salento"},"image":{"@id":"https:\/\/alimentsalento.com\/fr\/#\/schema\/logo\/image\/"},"sameAs":["https:\/\/www.facebook.com\/alimentssalento","https:\/\/www.instagram.com\/aliments_salento\/","https:\/\/www.linkedin.com\/company\/aliments-salento"]}]}},"_links":{"self":[{"href":"https:\/\/alimentsalento.com\/fr\/wp-json\/wp\/v2\/product\/7493","targetHints":{"allow":["GET"]}}],"collection":[{"href":"https:\/\/alimentsalento.com\/fr\/wp-json\/wp\/v2\/product"}],"about":[{"href":"https:\/\/alimentsalento.com\/fr\/wp-json\/wp\/v2\/types\/product"}],"replies":[{"embeddable":true,"href":"https:\/\/alimentsalento.com\/fr\/wp-json\/wp\/v2\/comments?post=7493"}],"wp:featuredmedia":[{"embeddable":true,"href":"https:\/\/alimentsalento.com\/fr\/wp-json\/wp\/v2\/media\/7168"}],"wp:attachment":[{"href":"https:\/\/alimentsalento.com\/fr\/wp-json\/wp\/v2\/media?parent=7493"}],"wp:term":[{"taxonomy":"product_cat","embeddable":true,"href":"https:\/\/alimentsalento.com\/fr\/wp-json\/wp\/v2\/product_cat?post=7493"},{"taxonomy":"product_tag","embeddable":true,"href":"https:\/\/alimentsalento.com\/fr\/wp-json\/wp\/v2\/product_tag?post=7493"}],"curies":[{"name":"wp","href":"https:\/\/api.w.org\/{rel}","templated":true}]}}