{"id":6829,"date":"2022-01-14T17:56:44","date_gmt":"2022-01-14T16:56:44","guid":{"rendered":"https:\/\/alimentsalento.com\/vin\/"},"modified":"2022-02-07T19:11:59","modified_gmt":"2022-02-07T18:11:59","slug":"vin","status":"publish","type":"page","link":"https:\/\/alimentsalento.com\/fr\/vin\/","title":{"rendered":"Vins et Spiritueux"},"content":{"rendered":"<p>[vc_row css_animation=&#8221;fadeIn&#8221; type=&#8221;boxed&#8221; css=&#8221;.vc_custom_1487082335567{margin-bottom: 75px !important;}&#8221;][vc_column css=&#8221;.vc_custom_1638377567437{margin-top: 100px !important;}&#8221;][vc_column_text css=&#8221;.vc_custom_1644221759418{margin-bottom: 75px !important;}&#8221;]<\/p>\n<h1 style=\"text-align: center;\">Vins et Spiritueux<\/h1>\n<p style=\"text-align: center;\"><em>&#8220;Le vin n&#8217;est rien d&#8217;autre que la lumi\u00e8re du soleil m\u00eal\u00e9e \u00e0 l&#8217;humidit\u00e9 de la vigne&#8221;<\/em> (Galileo Galilei)<\/p>\n<p>[\/vc_column_text]<div class=\"row\"><div class=\"categories_grid\">\n\t\t\t<div class=\"category_five_cat_1\">\n\t\t\t\t<div class=\"category_grid_box\">\n\t\t\t\t\t<span class=\"category_item_bkg\" style=\"background-image:url(https:\/\/alimentsalento.com\/wp-content\/uploads\/2021\/12\/vino-rosso-salento.jpg)\"><\/span>\n\t\t\t\t\t<a href=\"https:\/\/alimentsalento.com\/fr\/categorie-produit\/vins-et-spiritueux\/vin-rouge\/\" class=\"category_item\" >\n\t\t\t\t\t\t<span class=\"category_name\">Vin Rouge\t\t\t\t\t\t\t\t\t\t\t\t\t<\/span>\n\t\t\t\t\t<\/a>\n\t\t\t\t<\/div>\n\t\t\t<\/div>\n\n\t\t\t\n\t\t\t<div class=\"category_five_cat_2\">\n\t\t\t\t<div class=\"category_grid_box\">\n\t\t\t\t\t<span class=\"category_item_bkg\" style=\"background-image:url(https:\/\/alimentsalento.com\/wp-content\/uploads\/2021\/12\/vino-rosanto-salento.jpg)\"><\/span>\n\t\t\t\t\t<a href=\"https:\/\/alimentsalento.com\/fr\/categorie-produit\/vins-et-spiritueux\/vin-rose\/\" class=\"category_item\" >\n\t\t\t\t\t\t<span class=\"category_name\">Vin Ros\u00e9\t\t\t\t\t\t\t\t\t\t\t\t\t<\/span>\n\t\t\t\t\t<\/a>\n\t\t\t\t<\/div>\n\t\t\t<\/div>\n\n\t\t\t\n\t\t\t<div class=\"category_five_cat_3\">\n\t\t\t\t<div class=\"category_grid_box\">\n\t\t\t\t\t<span class=\"category_item_bkg\" style=\"background-image:url(https:\/\/alimentsalento.com\/wp-content\/uploads\/2021\/12\/vino-bianco-salento.jpg)\"><\/span>\n\t\t\t\t\t<a href=\"https:\/\/alimentsalento.com\/fr\/categorie-produit\/vins-et-spiritueux\/vin-blanc\/\" class=\"category_item\" >\n\t\t\t\t\t\t<span class=\"category_name\">Vin Blanc\t\t\t\t\t\t\t\t\t\t\t\t\t<\/span>\n\t\t\t\t\t<\/a>\n\t\t\t\t<\/div>\n\t\t\t<\/div>\n\n\t\t\t\n\t\t\t<div class=\"category_five_cat_4\">\n\t\t\t\t<div class=\"category_grid_box\">\n\t\t\t\t\t<span class=\"category_item_bkg\" style=\"background-image:url(https:\/\/alimentsalento.com\/wp-content\/uploads\/2021\/12\/spumante-salento.jpg)\"><\/span>\n\t\t\t\t\t<a href=\"https:\/\/alimentsalento.com\/fr\/categorie-produit\/vins-et-spiritueux\/vin-petillant\/\" class=\"category_item\" >\n\t\t\t\t\t\t<span class=\"category_name\">Vin P\u00e9tillant\t\t\t\t\t\t\t\t\t\t\t\t\t<\/span>\n\t\t\t\t\t<\/a>\n\t\t\t\t<\/div>\n\t\t\t<\/div>\n\n\t\t\t\n\t\t\t<div class=\"category_five_cat_5\">\n\t\t\t\t<div class=\"category_grid_box\">\n\t\t\t\t\t<span class=\"category_item_bkg\" style=\"background-image:url(https:\/\/alimentsalento.com\/wp-content\/uploads\/2022\/01\/grappa-miniatura.png)\"><\/span>\n\t\t\t\t\t<a href=\"https:\/\/alimentsalento.com\/fr\/categorie-produit\/vins-et-spiritueux\/grappa-fr\/\" class=\"category_item\" >\n\t\t\t\t\t\t<span class=\"category_name\">Grappa\t\t\t\t\t\t\t\t\t\t\t\t\t<\/span>\n\t\t\t\t\t<\/a>\n\t\t\t\t<\/div>\n\t\t\t<\/div>\n\n\t\t\t\n\t\t\t<div class=\"clearfix\"><\/div>\n\n\t\t<\/div><\/div>[\/vc_column][\/vc_row][vc_row][vc_column][vc_column_text]<\/p>\n<p style=\"text-align: center;\">Il est interdit de vendre des boissons alcoolis\u00e9es aux mineurs de moins de 18 ans. La preuve de l&#8217;\u00e2ge de l&#8217;acheteur doit \u00eatre v\u00e9rifi\u00e9e au moment de la vente en ligne. L&#8217;abus d&#8217;alcool est dangereux pour la sant\u00e9, \u00e0 consommer avec mod\u00e9ration.<\/p>\n<p>[\/vc_column_text][\/vc_column][\/vc_row]<\/p>\n","protected":false},"excerpt":{"rendered":"<p>[vc_row css_animation=&#8221;fadeIn&#8221; type=&#8221;boxed&#8221; css=&#8221;.vc_custom_1487082335567{margin-bottom: 75px !important;}&#8221;][vc_column css=&#8221;.vc_custom_1638377567437{margin-top: 100px !important;}&#8221;][vc_column_text css=&#8221;.vc_custom_1644221759418{margin-bottom: 75px !important;}&#8221;] Vins et Spiritueux &#8220;Le vin n&#8217;est rien d&#8217;autre que la lumi\u00e8re du soleil m\u00eal\u00e9e \u00e0 l&#8217;humidit\u00e9 de la vigne&#8221; (Galileo Galilei) [\/vc_column_text][\/vc_column][\/vc_row][vc_row][vc_column][vc_column_text] Il est interdit de vendre des boissons alcoolis\u00e9es aux mineurs de moins de 18 ans. La preuve de l&#8217;\u00e2ge de l&#8217;acheteur [&hellip;]<\/p>\n","protected":false},"author":1,"featured_media":0,"parent":0,"menu_order":0,"comment_status":"closed","ping_status":"closed","template":"","meta":{"footnotes":""},"class_list":["post-6829","page","type-page","status-publish","hentry"],"yoast_head":"<!-- This site is optimized with the Yoast SEO plugin v27.4 - https:\/\/yoast.com\/product\/yoast-seo-wordpress\/ -->\n<title>Vins et Spiritueux - Aliments Salento<\/title>\n<meta name=\"robots\" content=\"index, follow, max-snippet:-1, max-image-preview:large, max-video-preview:-1\" \/>\n<link rel=\"canonical\" href=\"https:\/\/alimentsalento.com\/fr\/vin\/\" \/>\n<meta property=\"og:locale\" content=\"fr_FR\" \/>\n<meta property=\"og:type\" content=\"article\" \/>\n<meta property=\"og:title\" content=\"Vins et Spiritueux - Aliments Salento\" \/>\n<meta property=\"og:description\" content=\"[vc_row css_animation=&#8221;fadeIn&#8221; type=&#8221;boxed&#8221; css=&#8221;.vc_custom_1487082335567{margin-bottom: 75px !important;}&#8221;][vc_column css=&#8221;.vc_custom_1638377567437{margin-top: 100px !important;}&#8221;][vc_column_text css=&#8221;.vc_custom_1644221759418{margin-bottom: 75px !important;}&#8221;] Vins et Spiritueux &#8220;Le vin n&#8217;est rien d&#8217;autre que la lumi\u00e8re du soleil m\u00eal\u00e9e \u00e0 l&#8217;humidit\u00e9 de la vigne&#8221; (Galileo Galilei) [\/vc_column_text][\/vc_column][\/vc_row][vc_row][vc_column][vc_column_text] Il est interdit de vendre des boissons alcoolis\u00e9es aux mineurs de moins de 18 ans. La preuve de l&#8217;\u00e2ge de l&#8217;acheteur [&hellip;]\" \/>\n<meta property=\"og:url\" content=\"https:\/\/alimentsalento.com\/fr\/vin\/\" \/>\n<meta property=\"og:site_name\" content=\"Aliments Salento\" \/>\n<meta property=\"article:publisher\" content=\"https:\/\/www.facebook.com\/alimentssalento\" \/>\n<meta property=\"article:modified_time\" content=\"2022-02-07T18:11:59+00:00\" \/>\n<meta name=\"twitter:card\" content=\"summary_large_image\" \/>\n<meta name=\"twitter:label1\" content=\"Dur\u00e9e de lecture estim\u00e9e\" \/>\n\t<meta name=\"twitter:data1\" content=\"1 minute\" \/>\n<script type=\"application\/ld+json\" class=\"yoast-schema-graph\">{\"@context\":\"https:\\\/\\\/schema.org\",\"@graph\":[{\"@type\":\"WebPage\",\"@id\":\"https:\\\/\\\/alimentsalento.com\\\/fr\\\/vin\\\/\",\"url\":\"https:\\\/\\\/alimentsalento.com\\\/fr\\\/vin\\\/\",\"name\":\"Vins et Spiritueux - Aliments Salento\",\"isPartOf\":{\"@id\":\"https:\\\/\\\/alimentsalento.com\\\/fr\\\/#website\"},\"datePublished\":\"2022-01-14T16:56:44+00:00\",\"dateModified\":\"2022-02-07T18:11:59+00:00\",\"breadcrumb\":{\"@id\":\"https:\\\/\\\/alimentsalento.com\\\/fr\\\/vin\\\/#breadcrumb\"},\"inLanguage\":\"fr-FR\",\"potentialAction\":[{\"@type\":\"ReadAction\",\"target\":[\"https:\\\/\\\/alimentsalento.com\\\/fr\\\/vin\\\/\"]}]},{\"@type\":\"BreadcrumbList\",\"@id\":\"https:\\\/\\\/alimentsalento.com\\\/fr\\\/vin\\\/#breadcrumb\",\"itemListElement\":[{\"@type\":\"ListItem\",\"position\":1,\"name\":\"Home\",\"item\":\"https:\\\/\\\/alimentsalento.com\\\/fr\\\/\"},{\"@type\":\"ListItem\",\"position\":2,\"name\":\"Vins et Spiritueux\"}]},{\"@type\":\"WebSite\",\"@id\":\"https:\\\/\\\/alimentsalento.com\\\/fr\\\/#website\",\"url\":\"https:\\\/\\\/alimentsalento.com\\\/fr\\\/\",\"name\":\"Aliments Salento\",\"description\":\"Benvenuti in Salento, terra di sapori e di colori.\",\"publisher\":{\"@id\":\"https:\\\/\\\/alimentsalento.com\\\/fr\\\/#organization\"},\"potentialAction\":[{\"@type\":\"SearchAction\",\"target\":{\"@type\":\"EntryPoint\",\"urlTemplate\":\"https:\\\/\\\/alimentsalento.com\\\/fr\\\/?s={search_term_string}\"},\"query-input\":{\"@type\":\"PropertyValueSpecification\",\"valueRequired\":true,\"valueName\":\"search_term_string\"}}],\"inLanguage\":\"fr-FR\"},{\"@type\":\"Organization\",\"@id\":\"https:\\\/\\\/alimentsalento.com\\\/fr\\\/#organization\",\"name\":\"Aliments Salento\",\"url\":\"https:\\\/\\\/alimentsalento.com\\\/fr\\\/\",\"logo\":{\"@type\":\"ImageObject\",\"inLanguage\":\"fr-FR\",\"@id\":\"https:\\\/\\\/alimentsalento.com\\\/fr\\\/#\\\/schema\\\/logo\\\/image\\\/\",\"url\":\"https:\\\/\\\/alimentsalento.com\\\/wp-content\\\/uploads\\\/2021\\\/12\\\/AlimentsalentoSLchef6.png\",\"contentUrl\":\"https:\\\/\\\/alimentsalento.com\\\/wp-content\\\/uploads\\\/2021\\\/12\\\/AlimentsalentoSLchef6.png\",\"width\":542,\"height\":176,\"caption\":\"Aliments Salento\"},\"image\":{\"@id\":\"https:\\\/\\\/alimentsalento.com\\\/fr\\\/#\\\/schema\\\/logo\\\/image\\\/\"},\"sameAs\":[\"https:\\\/\\\/www.facebook.com\\\/alimentssalento\",\"https:\\\/\\\/www.instagram.com\\\/aliments_salento\\\/\",\"https:\\\/\\\/www.linkedin.com\\\/company\\\/aliments-salento\"]}]}<\/script>\n<!-- \/ Yoast SEO plugin. -->","yoast_head_json":{"title":"Vins et Spiritueux - Aliments Salento","robots":{"index":"index","follow":"follow","max-snippet":"max-snippet:-1","max-image-preview":"max-image-preview:large","max-video-preview":"max-video-preview:-1"},"canonical":"https:\/\/alimentsalento.com\/fr\/vin\/","og_locale":"fr_FR","og_type":"article","og_title":"Vins et Spiritueux - Aliments Salento","og_description":"[vc_row css_animation=&#8221;fadeIn&#8221; type=&#8221;boxed&#8221; css=&#8221;.vc_custom_1487082335567{margin-bottom: 75px !important;}&#8221;][vc_column css=&#8221;.vc_custom_1638377567437{margin-top: 100px !important;}&#8221;][vc_column_text css=&#8221;.vc_custom_1644221759418{margin-bottom: 75px !important;}&#8221;] Vins et Spiritueux &#8220;Le vin n&#8217;est rien d&#8217;autre que la lumi\u00e8re du soleil m\u00eal\u00e9e \u00e0 l&#8217;humidit\u00e9 de la vigne&#8221; (Galileo Galilei) [\/vc_column_text][\/vc_column][\/vc_row][vc_row][vc_column][vc_column_text] Il est interdit de vendre des boissons alcoolis\u00e9es aux mineurs de moins de 18 ans. La preuve de l&#8217;\u00e2ge de l&#8217;acheteur [&hellip;]","og_url":"https:\/\/alimentsalento.com\/fr\/vin\/","og_site_name":"Aliments Salento","article_publisher":"https:\/\/www.facebook.com\/alimentssalento","article_modified_time":"2022-02-07T18:11:59+00:00","twitter_card":"summary_large_image","twitter_misc":{"Dur\u00e9e de lecture estim\u00e9e":"1 minute"},"schema":{"@context":"https:\/\/schema.org","@graph":[{"@type":"WebPage","@id":"https:\/\/alimentsalento.com\/fr\/vin\/","url":"https:\/\/alimentsalento.com\/fr\/vin\/","name":"Vins et Spiritueux - Aliments Salento","isPartOf":{"@id":"https:\/\/alimentsalento.com\/fr\/#website"},"datePublished":"2022-01-14T16:56:44+00:00","dateModified":"2022-02-07T18:11:59+00:00","breadcrumb":{"@id":"https:\/\/alimentsalento.com\/fr\/vin\/#breadcrumb"},"inLanguage":"fr-FR","potentialAction":[{"@type":"ReadAction","target":["https:\/\/alimentsalento.com\/fr\/vin\/"]}]},{"@type":"BreadcrumbList","@id":"https:\/\/alimentsalento.com\/fr\/vin\/#breadcrumb","itemListElement":[{"@type":"ListItem","position":1,"name":"Home","item":"https:\/\/alimentsalento.com\/fr\/"},{"@type":"ListItem","position":2,"name":"Vins et Spiritueux"}]},{"@type":"WebSite","@id":"https:\/\/alimentsalento.com\/fr\/#website","url":"https:\/\/alimentsalento.com\/fr\/","name":"Aliments Salento","description":"Benvenuti in Salento, terra di sapori e di colori.","publisher":{"@id":"https:\/\/alimentsalento.com\/fr\/#organization"},"potentialAction":[{"@type":"SearchAction","target":{"@type":"EntryPoint","urlTemplate":"https:\/\/alimentsalento.com\/fr\/?s={search_term_string}"},"query-input":{"@type":"PropertyValueSpecification","valueRequired":true,"valueName":"search_term_string"}}],"inLanguage":"fr-FR"},{"@type":"Organization","@id":"https:\/\/alimentsalento.com\/fr\/#organization","name":"Aliments Salento","url":"https:\/\/alimentsalento.com\/fr\/","logo":{"@type":"ImageObject","inLanguage":"fr-FR","@id":"https:\/\/alimentsalento.com\/fr\/#\/schema\/logo\/image\/","url":"https:\/\/alimentsalento.com\/wp-content\/uploads\/2021\/12\/AlimentsalentoSLchef6.png","contentUrl":"https:\/\/alimentsalento.com\/wp-content\/uploads\/2021\/12\/AlimentsalentoSLchef6.png","width":542,"height":176,"caption":"Aliments Salento"},"image":{"@id":"https:\/\/alimentsalento.com\/fr\/#\/schema\/logo\/image\/"},"sameAs":["https:\/\/www.facebook.com\/alimentssalento","https:\/\/www.instagram.com\/aliments_salento\/","https:\/\/www.linkedin.com\/company\/aliments-salento"]}]}},"_links":{"self":[{"href":"https:\/\/alimentsalento.com\/fr\/wp-json\/wp\/v2\/pages\/6829","targetHints":{"allow":["GET"]}}],"collection":[{"href":"https:\/\/alimentsalento.com\/fr\/wp-json\/wp\/v2\/pages"}],"about":[{"href":"https:\/\/alimentsalento.com\/fr\/wp-json\/wp\/v2\/types\/page"}],"author":[{"embeddable":true,"href":"https:\/\/alimentsalento.com\/fr\/wp-json\/wp\/v2\/users\/1"}],"replies":[{"embeddable":true,"href":"https:\/\/alimentsalento.com\/fr\/wp-json\/wp\/v2\/comments?post=6829"}],"version-history":[{"count":0,"href":"https:\/\/alimentsalento.com\/fr\/wp-json\/wp\/v2\/pages\/6829\/revisions"}],"wp:attachment":[{"href":"https:\/\/alimentsalento.com\/fr\/wp-json\/wp\/v2\/media?parent=6829"}],"curies":[{"name":"wp","href":"https:\/\/api.w.org\/{rel}","templated":true}]}}