{"id":6809,"date":"2022-01-14T17:52:33","date_gmt":"2022-01-14T16:52:33","guid":{"rendered":"https:\/\/alimentsalento.com\/produits-typiques\/"},"modified":"2022-01-20T12:14:01","modified_gmt":"2022-01-20T11:14:01","slug":"produits-typiques","status":"publish","type":"page","link":"https:\/\/alimentsalento.com\/fr\/produits-typiques\/","title":{"rendered":"Produits Typiques"},"content":{"rendered":"<p>[vc_row css_animation=&#8221;fadeIn&#8221; type=&#8221;boxed&#8221; css=&#8221;.vc_custom_1487082335567{margin-bottom: 75px !important;}&#8221;][vc_column css=&#8221;.vc_custom_1638377567437{margin-top: 100px !important;}&#8221;][vc_column_text css=&#8221;.vc_custom_1638810309081{margin-bottom: 75px !important;}&#8221;]<\/p>\n<h1 style=\"text-align: center;\">Produits Typiques<\/h1>\n<p style=\"text-align: center;\">Un \u00e9quilibre de la tradition du Salento \u00e0 travers des produits gastronomiques durables et tra\u00e7ables.<\/p>\n<p>[\/vc_column_text]<div class=\"row\"><div class=\"categories_grid\">\n\t\t\t<div class=\"category_1\">\n\t\t\t\t<div class=\"category_grid_box\">\n\t\t\t\t\t<span class=\"category_item_bkg\" style=\"background-image:url(https:\/\/alimentsalento.com\/wp-content\/uploads\/2021\/12\/confetturesalento.jpg)\"><\/span>\n\t\t\t\t\t<a href=\"https:\/\/alimentsalento.com\/fr\/categorie-produit\/produits-typiques\/confitures\/\" class=\"category_item\" >\n\t\t\t\t\t\t<span class=\"category_name\">Confitures\t\t\t\t\t\t\t\t\t\t\t\t\t<\/span>\n\t\t\t\t\t<\/a>\n\t\t\t\t<\/div>\n\t\t\t<\/div>\n\n\t\t\t\n\t\t\t<div class=\"category_2\">\n\t\t\t\t<div class=\"category_grid_box\">\n\t\t\t\t\t<span class=\"category_item_bkg\" style=\"background-image:url(https:\/\/alimentsalento.com\/wp-content\/uploads\/2021\/12\/marmellata-agrumi-misti.jpg)\"><\/span>\n\t\t\t\t\t<a href=\"https:\/\/alimentsalento.com\/fr\/categorie-produit\/produits-typiques\/confitures-dagrumes\/\" class=\"category_item\" >\n\t\t\t\t\t\t<span class=\"category_name\">Confitures d&#039;Agrumes\t\t\t\t\t\t\t\t\t\t\t\t\t<\/span>\n\t\t\t\t\t<\/a>\n\t\t\t\t<\/div>\n\t\t\t<\/div>\n\n\t\t\t\n\t\t\t<div class=\"category_3\">\n\t\t\t\t<div class=\"category_grid_box\">\n\t\t\t\t\t<span class=\"category_item_bkg\" style=\"background-image:url(https:\/\/alimentsalento.com\/wp-content\/uploads\/2021\/12\/pate-salento.jpg)\"><\/span>\n\t\t\t\t\t<a href=\"https:\/\/alimentsalento.com\/fr\/categorie-produit\/produits-typiques\/pate-fr\/\" class=\"category_item\" >\n\t\t\t\t\t\t<span class=\"category_name\">Pat\u00e9\t\t\t\t\t\t\t\t\t\t\t\t\t<\/span>\n\t\t\t\t\t<\/a>\n\t\t\t\t<\/div>\n\t\t\t<\/div>\n\n\t\t\t\n\t\t\t<div class=\"category_4\">\n\t\t\t\t<div class=\"category_grid_box\">\n\t\t\t\t\t<span class=\"category_item_bkg\" style=\"background-image:url(https:\/\/alimentsalento.com\/wp-content\/uploads\/2021\/12\/miele-del-salento.jpg)\"><\/span>\n\t\t\t\t\t<a href=\"https:\/\/alimentsalento.com\/fr\/categorie-produit\/produits-typiques\/miel-biologique\/\" class=\"category_item\" >\n\t\t\t\t\t\t<span class=\"category_name\">Miel Biologique\t\t\t\t\t\t\t\t\t\t\t\t\t<\/span>\n\t\t\t\t\t<\/a>\n\t\t\t\t<\/div>\n\t\t\t<\/div>\n\n\t\t\t\n\t\t\t<div class=\"category_5\">\n\t\t\t\t<div class=\"category_grid_box\">\n\t\t\t\t\t<span class=\"category_item_bkg\" style=\"background-image:url(https:\/\/alimentsalento.com\/wp-content\/uploads\/2021\/12\/sottoli-aliments-salento.jpg)\"><\/span>\n\t\t\t\t\t<a href=\"https:\/\/alimentsalento.com\/fr\/categorie-produit\/produits-typiques\/conserves-a-lhuile\/\" class=\"category_item\" >\n\t\t\t\t\t\t<span class=\"category_name\">Conserves \u00c0 L&#039;Huile D&#039;Olive\t\t\t\t\t\t\t\t\t\t\t\t\t<\/span>\n\t\t\t\t\t<\/a>\n\t\t\t\t<\/div>\n\t\t\t<\/div>\n\n\t\t\t\n\t\t\t<div class=\"category_6\">\n\t\t\t\t<div class=\"category_grid_box\">\n\t\t\t\t\t<span class=\"category_item_bkg\" style=\"background-image:url(https:\/\/alimentsalento.com\/wp-content\/uploads\/2021\/12\/olive-salento-e1638379819219.jpg)\"><\/span>\n\t\t\t\t\t<a href=\"https:\/\/alimentsalento.com\/fr\/categorie-produit\/produits-typiques\/olives-fr\/\" class=\"category_item\" >\n\t\t\t\t\t\t<span class=\"category_name\">Olives\t\t\t\t\t\t\t\t\t\t\t\t\t<\/span>\n\t\t\t\t\t<\/a>\n\t\t\t\t<\/div>\n\t\t\t<\/div>\n\n\t\t\t\n\t\t\t<div class=\"clearfix\"><\/div>\n\n\t\t<\/div><\/div><div class=\"row\"><div class=\"categories_grid\">\n\t\t\t<div class=\"category_1\">\n\t\t\t\t<div class=\"category_grid_box\">\n\t\t\t\t\t<span class=\"category_item_bkg\" style=\"background-image:url(https:\/\/alimentsalento.com\/wp-content\/uploads\/2021\/12\/sughi-pronti-salento.jpg)\"><\/span>\n\t\t\t\t\t<a href=\"https:\/\/alimentsalento.com\/fr\/categorie-produit\/produits-typiques\/sauces-pretes\/\" class=\"category_item\" >\n\t\t\t\t\t\t<span class=\"category_name\">Sauces Pr\u00eates\t\t\t\t\t\t\t\t\t\t\t\t\t<\/span>\n\t\t\t\t\t<\/a>\n\t\t\t\t<\/div>\n\t\t\t<\/div>\n\n\t\t\t\n\t\t\t<div class=\"category_2\">\n\t\t\t\t<div class=\"category_grid_box\">\n\t\t\t\t\t<span class=\"category_item_bkg\" style=\"background-image:url(https:\/\/alimentsalento.com\/wp-content\/uploads\/2021\/12\/salsa-bio.jpg)\"><\/span>\n\t\t\t\t\t<a href=\"https:\/\/alimentsalento.com\/fr\/categorie-produit\/produits-typiques\/sauces-fr\/\" class=\"category_item\" >\n\t\t\t\t\t\t<span class=\"category_name\">Sauces\t\t\t\t\t\t\t\t\t\t\t\t\t<\/span>\n\t\t\t\t\t<\/a>\n\t\t\t\t<\/div>\n\t\t\t<\/div>\n\n\t\t\t\n\t\t\t<div class=\"category_3\">\n\t\t\t\t<div class=\"category_grid_box\">\n\t\t\t\t\t<span class=\"category_item_bkg\" style=\"background-image:url(https:\/\/alimentsalento.com\/wp-content\/uploads\/2021\/12\/bruschettapomodoro1q_1e98e505-b111-4ff0-a071-078097d2b0bc_2048x2048.jpg)\"><\/span>\n\t\t\t\t\t<a href=\"https:\/\/alimentsalento.com\/fr\/categorie-produit\/produits-typiques\/creme-et-bruschette\/\" class=\"category_item\" >\n\t\t\t\t\t\t<span class=\"category_name\">Cr\u00e8me Et Bruschette\t\t\t\t\t\t\t\t\t\t\t\t\t<\/span>\n\t\t\t\t\t<\/a>\n\t\t\t\t<\/div>\n\t\t\t<\/div>\n\n\t\t\t\n\t\t\t<div class=\"category_4\">\n\t\t\t\t<div class=\"category_grid_box\">\n\t\t\t\t\t<span class=\"category_item_bkg\" style=\"background-image:url(https:\/\/alimentsalento.com\/wp-content\/uploads\/2021\/12\/zucchine-capperi-00001-scaled.jpeg)\"><\/span>\n\t\t\t\t\t<a href=\"https:\/\/alimentsalento.com\/fr\/categorie-produit\/produits-typiques\/pesto-fr\/\" class=\"category_item\" >\n\t\t\t\t\t\t<span class=\"category_name\">Pesto\t\t\t\t\t\t\t\t\t\t\t\t\t<\/span>\n\t\t\t\t\t<\/a>\n\t\t\t\t<\/div>\n\t\t\t<\/div>\n\n\t\t\t\n\t\t\t<div class=\"category_5\">\n\t\t\t\t<div class=\"category_grid_box\">\n\t\t\t\t\t<span class=\"category_item_bkg\" style=\"background-image:url(https:\/\/alimentsalento.com\/wp-content\/uploads\/2021\/12\/speciale-salse.jpg)\"><\/span>\n\t\t\t\t\t<a href=\"https:\/\/alimentsalento.com\/fr\/categorie-produit\/produits-typiques\/assaisonnements\/\" class=\"category_item\" >\n\t\t\t\t\t\t<span class=\"category_name\">Assaisonnements\t\t\t\t\t\t\t\t\t\t\t\t\t<\/span>\n\t\t\t\t\t<\/a>\n\t\t\t\t<\/div>\n\t\t\t<\/div>\n\n\t\t\t\n\t\t\t<div class=\"category_6\">\n\t\t\t\t<div class=\"category_grid_box\">\n\t\t\t\t\t<span class=\"category_item_bkg\" style=\"background-image:url(https:\/\/alimentsalento.com\/wp-content\/uploads\/2021\/12\/biodiverse-ADV-scaled-e1638560079121.jpeg)\"><\/span>\n\t\t\t\t\t<a href=\"https:\/\/alimentsalento.com\/fr\/categorie-produit\/produits-typiques\/soupes\/\" class=\"category_item\" >\n\t\t\t\t\t\t<span class=\"category_name\">Soupes\t\t\t\t\t\t\t\t\t\t\t\t\t<\/span>\n\t\t\t\t\t<\/a>\n\t\t\t\t<\/div>\n\t\t\t<\/div>\n\n\t\t\t\n\t\t\t<div class=\"category_more_than_6\">\n\t\t\t\t<div class=\"category_grid_box\">\n\t\t\t\t\t<span class=\"category_item_bkg\" style=\"background-image:url(https:\/\/alimentsalento.com\/wp-content\/uploads\/2021\/12\/g2.jpg)\"><\/span>\n\t\t\t\t\t<a href=\"https:\/\/alimentsalento.com\/fr\/categorie-produit\/produits-typiques\/safran\/\" class=\"category_item\" >\n\t\t\t\t\t\t<span class=\"category_name\">Safran\t\t\t\t\t\t\t\t\t\t\t\t\t<\/span>\n\t\t\t\t\t<\/a>\n\t\t\t\t<\/div>\n\t\t\t<\/div>\n\n\t\t\t\n\t\t\t<div class=\"category_more_than_6\">\n\t\t\t\t<div class=\"category_grid_box\">\n\t\t\t\t\t<span class=\"category_item_bkg\" style=\"background-image:url(https:\/\/alimentsalento.com\/wp-content\/uploads\/2022\/01\/frise.jpg)\"><\/span>\n\t\t\t\t\t<a href=\"https:\/\/alimentsalento.com\/fr\/categorie-produit\/produits-typiques\/frise-fr\/\" class=\"category_item\" >\n\t\t\t\t\t\t<span class=\"category_name\">Frise\t\t\t\t\t\t\t\t\t\t\t\t\t<\/span>\n\t\t\t\t\t<\/a>\n\t\t\t\t<\/div>\n\t\t\t<\/div>\n\n\t\t\t\n\t\t\t<div class=\"category_more_than_6\">\n\t\t\t\t<div class=\"category_grid_box\">\n\t\t\t\t\t<span class=\"category_item_bkg\" style=\"background-image:url(https:\/\/alimentsalento.com\/wp-content\/uploads\/2022\/01\/taralli.jpg)\"><\/span>\n\t\t\t\t\t<a href=\"https:\/\/alimentsalento.com\/fr\/categorie-produit\/produits-typiques\/tarallini-fr\/\" class=\"category_item\" >\n\t\t\t\t\t\t<span class=\"category_name\">Tarallini\t\t\t\t\t\t\t\t\t\t\t\t\t<\/span>\n\t\t\t\t\t<\/a>\n\t\t\t\t<\/div>\n\t\t\t<\/div>\n\n\t\t\t\n\t\t\t<div class=\"category_more_than_6\">\n\t\t\t\t<div class=\"category_grid_box\">\n\t\t\t\t\t<span class=\"category_item_bkg\" style=\"background-image:url(https:\/\/alimentsalento.com\/wp-content\/uploads\/2022\/01\/front-view-sweet-sand-biscuits-white-cookie-sugar-dessert-cake-tea-photo-scaled.jpg)\"><\/span>\n\t\t\t\t\t<a href=\"https:\/\/alimentsalento.com\/fr\/categorie-produit\/produits-typiques\/biscuits-artisanaux\/\" class=\"category_item\" >\n\t\t\t\t\t\t<span class=\"category_name\">Biscuits Artisanaux\t\t\t\t\t\t\t\t\t\t\t\t\t<\/span>\n\t\t\t\t\t<\/a>\n\t\t\t\t<\/div>\n\t\t\t<\/div>\n\n\t\t\t\n\t\t\t<div class=\"clearfix\"><\/div>\n\n\t\t<\/div><\/div>[\/vc_column][\/vc_row]<\/p>\n","protected":false},"excerpt":{"rendered":"<p>[vc_row css_animation=&#8221;fadeIn&#8221; type=&#8221;boxed&#8221; css=&#8221;.vc_custom_1487082335567{margin-bottom: 75px !important;}&#8221;][vc_column css=&#8221;.vc_custom_1638377567437{margin-top: 100px !important;}&#8221;][vc_column_text css=&#8221;.vc_custom_1638810309081{margin-bottom: 75px !important;}&#8221;] Produits Typiques Un \u00e9quilibre de la tradition du Salento \u00e0 travers des produits gastronomiques durables et tra\u00e7ables. [\/vc_column_text][\/vc_column][\/vc_row]<\/p>\n","protected":false},"author":1,"featured_media":0,"parent":0,"menu_order":0,"comment_status":"closed","ping_status":"closed","template":"","meta":{"footnotes":""},"class_list":["post-6809","page","type-page","status-publish","hentry"],"yoast_head":"<!-- This site is optimized with the Yoast SEO plugin v27.4 - https:\/\/yoast.com\/product\/yoast-seo-wordpress\/ -->\n<title>Produits Typiques - Aliments Salento<\/title>\n<meta name=\"robots\" content=\"index, follow, max-snippet:-1, max-image-preview:large, max-video-preview:-1\" \/>\n<link rel=\"canonical\" href=\"https:\/\/alimentsalento.com\/fr\/produits-typiques\/\" \/>\n<meta property=\"og:locale\" content=\"fr_FR\" \/>\n<meta property=\"og:type\" content=\"article\" \/>\n<meta property=\"og:title\" content=\"Produits Typiques - Aliments Salento\" \/>\n<meta property=\"og:description\" content=\"[vc_row css_animation=&#8221;fadeIn&#8221; type=&#8221;boxed&#8221; css=&#8221;.vc_custom_1487082335567{margin-bottom: 75px !important;}&#8221;][vc_column css=&#8221;.vc_custom_1638377567437{margin-top: 100px !important;}&#8221;][vc_column_text css=&#8221;.vc_custom_1638810309081{margin-bottom: 75px !important;}&#8221;] Produits Typiques Un \u00e9quilibre de la tradition du Salento \u00e0 travers des produits gastronomiques durables et tra\u00e7ables. [\/vc_column_text][\/vc_column][\/vc_row]\" \/>\n<meta property=\"og:url\" content=\"https:\/\/alimentsalento.com\/fr\/produits-typiques\/\" \/>\n<meta property=\"og:site_name\" content=\"Aliments Salento\" \/>\n<meta property=\"article:publisher\" content=\"https:\/\/www.facebook.com\/alimentssalento\" \/>\n<meta property=\"article:modified_time\" content=\"2022-01-20T11:14:01+00:00\" \/>\n<meta name=\"twitter:card\" content=\"summary_large_image\" \/>\n<script type=\"application\/ld+json\" class=\"yoast-schema-graph\">{\"@context\":\"https:\\\/\\\/schema.org\",\"@graph\":[{\"@type\":\"WebPage\",\"@id\":\"https:\\\/\\\/alimentsalento.com\\\/fr\\\/produits-typiques\\\/\",\"url\":\"https:\\\/\\\/alimentsalento.com\\\/fr\\\/produits-typiques\\\/\",\"name\":\"Produits Typiques - Aliments Salento\",\"isPartOf\":{\"@id\":\"https:\\\/\\\/alimentsalento.com\\\/fr\\\/#website\"},\"datePublished\":\"2022-01-14T16:52:33+00:00\",\"dateModified\":\"2022-01-20T11:14:01+00:00\",\"breadcrumb\":{\"@id\":\"https:\\\/\\\/alimentsalento.com\\\/fr\\\/produits-typiques\\\/#breadcrumb\"},\"inLanguage\":\"fr-FR\",\"potentialAction\":[{\"@type\":\"ReadAction\",\"target\":[\"https:\\\/\\\/alimentsalento.com\\\/fr\\\/produits-typiques\\\/\"]}]},{\"@type\":\"BreadcrumbList\",\"@id\":\"https:\\\/\\\/alimentsalento.com\\\/fr\\\/produits-typiques\\\/#breadcrumb\",\"itemListElement\":[{\"@type\":\"ListItem\",\"position\":1,\"name\":\"Home\",\"item\":\"https:\\\/\\\/alimentsalento.com\\\/fr\\\/\"},{\"@type\":\"ListItem\",\"position\":2,\"name\":\"Produits Typiques\"}]},{\"@type\":\"WebSite\",\"@id\":\"https:\\\/\\\/alimentsalento.com\\\/fr\\\/#website\",\"url\":\"https:\\\/\\\/alimentsalento.com\\\/fr\\\/\",\"name\":\"Aliments Salento\",\"description\":\"Benvenuti in Salento, terra di sapori e di colori.\",\"publisher\":{\"@id\":\"https:\\\/\\\/alimentsalento.com\\\/fr\\\/#organization\"},\"potentialAction\":[{\"@type\":\"SearchAction\",\"target\":{\"@type\":\"EntryPoint\",\"urlTemplate\":\"https:\\\/\\\/alimentsalento.com\\\/fr\\\/?s={search_term_string}\"},\"query-input\":{\"@type\":\"PropertyValueSpecification\",\"valueRequired\":true,\"valueName\":\"search_term_string\"}}],\"inLanguage\":\"fr-FR\"},{\"@type\":\"Organization\",\"@id\":\"https:\\\/\\\/alimentsalento.com\\\/fr\\\/#organization\",\"name\":\"Aliments Salento\",\"url\":\"https:\\\/\\\/alimentsalento.com\\\/fr\\\/\",\"logo\":{\"@type\":\"ImageObject\",\"inLanguage\":\"fr-FR\",\"@id\":\"https:\\\/\\\/alimentsalento.com\\\/fr\\\/#\\\/schema\\\/logo\\\/image\\\/\",\"url\":\"https:\\\/\\\/alimentsalento.com\\\/wp-content\\\/uploads\\\/2021\\\/12\\\/AlimentsalentoSLchef6.png\",\"contentUrl\":\"https:\\\/\\\/alimentsalento.com\\\/wp-content\\\/uploads\\\/2021\\\/12\\\/AlimentsalentoSLchef6.png\",\"width\":542,\"height\":176,\"caption\":\"Aliments Salento\"},\"image\":{\"@id\":\"https:\\\/\\\/alimentsalento.com\\\/fr\\\/#\\\/schema\\\/logo\\\/image\\\/\"},\"sameAs\":[\"https:\\\/\\\/www.facebook.com\\\/alimentssalento\",\"https:\\\/\\\/www.instagram.com\\\/aliments_salento\\\/\",\"https:\\\/\\\/www.linkedin.com\\\/company\\\/aliments-salento\"]}]}<\/script>\n<!-- \/ Yoast SEO plugin. -->","yoast_head_json":{"title":"Produits Typiques - Aliments Salento","robots":{"index":"index","follow":"follow","max-snippet":"max-snippet:-1","max-image-preview":"max-image-preview:large","max-video-preview":"max-video-preview:-1"},"canonical":"https:\/\/alimentsalento.com\/fr\/produits-typiques\/","og_locale":"fr_FR","og_type":"article","og_title":"Produits Typiques - Aliments Salento","og_description":"[vc_row css_animation=&#8221;fadeIn&#8221; type=&#8221;boxed&#8221; css=&#8221;.vc_custom_1487082335567{margin-bottom: 75px !important;}&#8221;][vc_column css=&#8221;.vc_custom_1638377567437{margin-top: 100px !important;}&#8221;][vc_column_text css=&#8221;.vc_custom_1638810309081{margin-bottom: 75px !important;}&#8221;] Produits Typiques Un \u00e9quilibre de la tradition du Salento \u00e0 travers des produits gastronomiques durables et tra\u00e7ables. [\/vc_column_text][\/vc_column][\/vc_row]","og_url":"https:\/\/alimentsalento.com\/fr\/produits-typiques\/","og_site_name":"Aliments Salento","article_publisher":"https:\/\/www.facebook.com\/alimentssalento","article_modified_time":"2022-01-20T11:14:01+00:00","twitter_card":"summary_large_image","schema":{"@context":"https:\/\/schema.org","@graph":[{"@type":"WebPage","@id":"https:\/\/alimentsalento.com\/fr\/produits-typiques\/","url":"https:\/\/alimentsalento.com\/fr\/produits-typiques\/","name":"Produits Typiques - Aliments Salento","isPartOf":{"@id":"https:\/\/alimentsalento.com\/fr\/#website"},"datePublished":"2022-01-14T16:52:33+00:00","dateModified":"2022-01-20T11:14:01+00:00","breadcrumb":{"@id":"https:\/\/alimentsalento.com\/fr\/produits-typiques\/#breadcrumb"},"inLanguage":"fr-FR","potentialAction":[{"@type":"ReadAction","target":["https:\/\/alimentsalento.com\/fr\/produits-typiques\/"]}]},{"@type":"BreadcrumbList","@id":"https:\/\/alimentsalento.com\/fr\/produits-typiques\/#breadcrumb","itemListElement":[{"@type":"ListItem","position":1,"name":"Home","item":"https:\/\/alimentsalento.com\/fr\/"},{"@type":"ListItem","position":2,"name":"Produits Typiques"}]},{"@type":"WebSite","@id":"https:\/\/alimentsalento.com\/fr\/#website","url":"https:\/\/alimentsalento.com\/fr\/","name":"Aliments Salento","description":"Benvenuti in Salento, terra di sapori e di colori.","publisher":{"@id":"https:\/\/alimentsalento.com\/fr\/#organization"},"potentialAction":[{"@type":"SearchAction","target":{"@type":"EntryPoint","urlTemplate":"https:\/\/alimentsalento.com\/fr\/?s={search_term_string}"},"query-input":{"@type":"PropertyValueSpecification","valueRequired":true,"valueName":"search_term_string"}}],"inLanguage":"fr-FR"},{"@type":"Organization","@id":"https:\/\/alimentsalento.com\/fr\/#organization","name":"Aliments Salento","url":"https:\/\/alimentsalento.com\/fr\/","logo":{"@type":"ImageObject","inLanguage":"fr-FR","@id":"https:\/\/alimentsalento.com\/fr\/#\/schema\/logo\/image\/","url":"https:\/\/alimentsalento.com\/wp-content\/uploads\/2021\/12\/AlimentsalentoSLchef6.png","contentUrl":"https:\/\/alimentsalento.com\/wp-content\/uploads\/2021\/12\/AlimentsalentoSLchef6.png","width":542,"height":176,"caption":"Aliments Salento"},"image":{"@id":"https:\/\/alimentsalento.com\/fr\/#\/schema\/logo\/image\/"},"sameAs":["https:\/\/www.facebook.com\/alimentssalento","https:\/\/www.instagram.com\/aliments_salento\/","https:\/\/www.linkedin.com\/company\/aliments-salento"]}]}},"_links":{"self":[{"href":"https:\/\/alimentsalento.com\/fr\/wp-json\/wp\/v2\/pages\/6809","targetHints":{"allow":["GET"]}}],"collection":[{"href":"https:\/\/alimentsalento.com\/fr\/wp-json\/wp\/v2\/pages"}],"about":[{"href":"https:\/\/alimentsalento.com\/fr\/wp-json\/wp\/v2\/types\/page"}],"author":[{"embeddable":true,"href":"https:\/\/alimentsalento.com\/fr\/wp-json\/wp\/v2\/users\/1"}],"replies":[{"embeddable":true,"href":"https:\/\/alimentsalento.com\/fr\/wp-json\/wp\/v2\/comments?post=6809"}],"version-history":[{"count":0,"href":"https:\/\/alimentsalento.com\/fr\/wp-json\/wp\/v2\/pages\/6809\/revisions"}],"wp:attachment":[{"href":"https:\/\/alimentsalento.com\/fr\/wp-json\/wp\/v2\/media?parent=6809"}],"curies":[{"name":"wp","href":"https:\/\/api.w.org\/{rel}","templated":true}]}}