{"id":6725,"date":"2022-01-14T09:08:44","date_gmt":"2022-01-14T08:08:44","guid":{"rendered":"https:\/\/alimentsalento.com\/home-2\/"},"modified":"2022-01-14T09:08:44","modified_gmt":"2022-01-14T08:08:44","slug":"home-2","status":"publish","type":"page","link":"https:\/\/alimentsalento.com\/fr\/home-2\/","title":{"rendered":"Home"},"content":{"rendered":"<p>[vc_row full_height=&#8221;yes&#8221; font_color=&#8221;#000000&#8243; css=&#8221;.vc_custom_1491898177248{background: #303030 url(http:\/\/import.getbowtied.com\/shopkeeper-replica\/wp-content\/uploads\/full-slide-1-bg.jpg?id=2254) !important;background-position: center !important;background-repeat: no-repeat !important;background-size: cover !important;}&#8221;][vc_column][vc_column_text css=&#8221;.vc_custom_1487146281984{padding-top: 40px !important;padding-right: 6% !important;padding-left: 6% !important;}&#8221;]<\/p>\n<h2 style=\"text-align: left;\"><span style=\"font-size: 135%; letter-spacing: -3px; line-height: 1.3; color: #ffffff;\">Tout ce dont vous avez besoin<br \/>\npour commencer \u00e0 vendre en ligne magnifiquement<\/span><\/h2>\n<p>[\/vc_column_text][vc_column_text css=&#8221;.vc_custom_1487146626097{margin-top: -20px !important;padding-right: 6% !important;padding-left: 6% !important;}&#8221;]<\/p>\n<h5 style=\"line-height: 2em; text-align: left;\"><span style=\"color: #ffffff;\">Th\u00e8me de commerce \u00e9lectronique WordPress puissant et rapide. Fr\u00e9quemment mis \u00e0 jour.<\/span><br \/>\n<span style=\"color: #ffffff;\">Professional Customer Service from <a style=\"border-bottom: 1px dotted #999999; color: #ffffff;\" href=\"https:\/\/www.getbowtied.com\/\" target=\"_blank\" rel=\"noopener\">Get Bowtied<\/a>.<\/span><\/h5>\n<p>[\/vc_column_text][vc_column_text css=&#8221;.vc_custom_1488454032050{padding-right: 6% !important;padding-left: 6% !important;}&#8221;]<\/p>\n<h6 style=\"text-align: left;\"><span style=\"color: #999;\"><a style=\"color: #999; border-bottom: 1px dotted #999;\" href=\"http:\/\/shopkeeper.wp-theme.help\/hc\/en-us\/articles\/207365265-Updates-History\" target=\"_blank\" rel=\"noopener\">V. 2.0<\/a><\/span><\/h6>\n<p>[\/vc_column_text][\/vc_column][\/vc_row]<\/p>\n","protected":false},"excerpt":{"rendered":"<p>[vc_row full_height=&#8221;yes&#8221; font_color=&#8221;#000000&#8243; css=&#8221;.vc_custom_1491898177248{background: #303030 url(http:\/\/import.getbowtied.com\/shopkeeper-replica\/wp-content\/uploads\/full-slide-1-bg.jpg?id=2254) !important;background-position: center !important;background-repeat: no-repeat !important;background-size: cover !important;}&#8221;][vc_column][vc_column_text css=&#8221;.vc_custom_1487146281984{padding-top: 40px !important;padding-right: 6% !important;padding-left: 6% !important;}&#8221;] Tout ce dont vous avez besoin pour commencer \u00e0 vendre en ligne magnifiquement [\/vc_column_text][vc_column_text css=&#8221;.vc_custom_1487146626097{margin-top: -20px !important;padding-right: 6% !important;padding-left: 6% !important;}&#8221;] Th\u00e8me de commerce \u00e9lectronique WordPress puissant et rapide. Fr\u00e9quemment mis \u00e0 jour. Professional Customer [&hellip;]<\/p>\n","protected":false},"author":1,"featured_media":0,"parent":0,"menu_order":0,"comment_status":"closed","ping_status":"open","template":"page-full-width.php","meta":{"footnotes":""},"class_list":["post-6725","page","type-page","status-publish","hentry"],"yoast_head":"<!-- This site is optimized with the Yoast SEO plugin v27.5 - https:\/\/yoast.com\/product\/yoast-seo-wordpress\/ -->\n<title>Home - Aliments Salento<\/title>\n<meta name=\"robots\" content=\"index, follow, max-snippet:-1, max-image-preview:large, max-video-preview:-1\" \/>\n<link rel=\"canonical\" href=\"https:\/\/alimentsalento.com\/fr\/home-2\/\" \/>\n<meta property=\"og:locale\" content=\"fr_FR\" \/>\n<meta property=\"og:type\" content=\"article\" \/>\n<meta property=\"og:title\" content=\"Home - Aliments Salento\" \/>\n<meta property=\"og:description\" content=\"[vc_row full_height=&#8221;yes&#8221; font_color=&#8221;#000000&#8243; css=&#8221;.vc_custom_1491898177248{background: #303030 url(http:\/\/import.getbowtied.com\/shopkeeper-replica\/wp-content\/uploads\/full-slide-1-bg.jpg?id=2254) !important;background-position: center !important;background-repeat: no-repeat !important;background-size: cover !important;}&#8221;][vc_column][vc_column_text css=&#8221;.vc_custom_1487146281984{padding-top: 40px !important;padding-right: 6% !important;padding-left: 6% !important;}&#8221;] Tout ce dont vous avez besoin pour commencer \u00e0 vendre en ligne magnifiquement [\/vc_column_text][vc_column_text css=&#8221;.vc_custom_1487146626097{margin-top: -20px !important;padding-right: 6% !important;padding-left: 6% !important;}&#8221;] Th\u00e8me de commerce \u00e9lectronique WordPress puissant et rapide. Fr\u00e9quemment mis \u00e0 jour. Professional Customer [&hellip;]\" \/>\n<meta property=\"og:url\" content=\"https:\/\/alimentsalento.com\/fr\/home-2\/\" \/>\n<meta property=\"og:site_name\" content=\"Aliments Salento\" \/>\n<meta property=\"article:publisher\" content=\"https:\/\/www.facebook.com\/alimentssalento\" \/>\n<meta name=\"twitter:card\" content=\"summary_large_image\" \/>\n<meta name=\"twitter:label1\" content=\"Dur\u00e9e de lecture estim\u00e9e\" \/>\n\t<meta name=\"twitter:data1\" content=\"1 minute\" \/>\n<script type=\"application\/ld+json\" class=\"yoast-schema-graph\">{\"@context\":\"https:\\\/\\\/schema.org\",\"@graph\":[{\"@type\":\"WebPage\",\"@id\":\"https:\\\/\\\/alimentsalento.com\\\/fr\\\/home-2\\\/\",\"url\":\"https:\\\/\\\/alimentsalento.com\\\/fr\\\/home-2\\\/\",\"name\":\"Home - Aliments Salento\",\"isPartOf\":{\"@id\":\"https:\\\/\\\/alimentsalento.com\\\/fr\\\/#website\"},\"datePublished\":\"2022-01-14T08:08:44+00:00\",\"breadcrumb\":{\"@id\":\"https:\\\/\\\/alimentsalento.com\\\/fr\\\/home-2\\\/#breadcrumb\"},\"inLanguage\":\"fr-FR\",\"potentialAction\":[{\"@type\":\"ReadAction\",\"target\":[\"https:\\\/\\\/alimentsalento.com\\\/fr\\\/home-2\\\/\"]}]},{\"@type\":\"BreadcrumbList\",\"@id\":\"https:\\\/\\\/alimentsalento.com\\\/fr\\\/home-2\\\/#breadcrumb\",\"itemListElement\":[{\"@type\":\"ListItem\",\"position\":1,\"name\":\"Home\",\"item\":\"https:\\\/\\\/alimentsalento.com\\\/fr\\\/\"},{\"@type\":\"ListItem\",\"position\":2,\"name\":\"Home\"}]},{\"@type\":\"WebSite\",\"@id\":\"https:\\\/\\\/alimentsalento.com\\\/fr\\\/#website\",\"url\":\"https:\\\/\\\/alimentsalento.com\\\/fr\\\/\",\"name\":\"Aliments Salento\",\"description\":\"Benvenuti in Salento, terra di sapori e di colori.\",\"publisher\":{\"@id\":\"https:\\\/\\\/alimentsalento.com\\\/fr\\\/#organization\"},\"potentialAction\":[{\"@type\":\"SearchAction\",\"target\":{\"@type\":\"EntryPoint\",\"urlTemplate\":\"https:\\\/\\\/alimentsalento.com\\\/fr\\\/?s={search_term_string}\"},\"query-input\":{\"@type\":\"PropertyValueSpecification\",\"valueRequired\":true,\"valueName\":\"search_term_string\"}}],\"inLanguage\":\"fr-FR\"},{\"@type\":\"Organization\",\"@id\":\"https:\\\/\\\/alimentsalento.com\\\/fr\\\/#organization\",\"name\":\"Aliments Salento\",\"url\":\"https:\\\/\\\/alimentsalento.com\\\/fr\\\/\",\"logo\":{\"@type\":\"ImageObject\",\"inLanguage\":\"fr-FR\",\"@id\":\"https:\\\/\\\/alimentsalento.com\\\/fr\\\/#\\\/schema\\\/logo\\\/image\\\/\",\"url\":\"https:\\\/\\\/alimentsalento.com\\\/wp-content\\\/uploads\\\/2021\\\/12\\\/AlimentsalentoSLchef6.png\",\"contentUrl\":\"https:\\\/\\\/alimentsalento.com\\\/wp-content\\\/uploads\\\/2021\\\/12\\\/AlimentsalentoSLchef6.png\",\"width\":542,\"height\":176,\"caption\":\"Aliments Salento\"},\"image\":{\"@id\":\"https:\\\/\\\/alimentsalento.com\\\/fr\\\/#\\\/schema\\\/logo\\\/image\\\/\"},\"sameAs\":[\"https:\\\/\\\/www.facebook.com\\\/alimentssalento\",\"https:\\\/\\\/www.instagram.com\\\/aliments_salento\\\/\",\"https:\\\/\\\/www.linkedin.com\\\/company\\\/aliments-salento\"]}]}<\/script>\n<!-- \/ Yoast SEO plugin. -->","yoast_head_json":{"title":"Home - Aliments Salento","robots":{"index":"index","follow":"follow","max-snippet":"max-snippet:-1","max-image-preview":"max-image-preview:large","max-video-preview":"max-video-preview:-1"},"canonical":"https:\/\/alimentsalento.com\/fr\/home-2\/","og_locale":"fr_FR","og_type":"article","og_title":"Home - Aliments Salento","og_description":"[vc_row full_height=&#8221;yes&#8221; font_color=&#8221;#000000&#8243; css=&#8221;.vc_custom_1491898177248{background: #303030 url(http:\/\/import.getbowtied.com\/shopkeeper-replica\/wp-content\/uploads\/full-slide-1-bg.jpg?id=2254) !important;background-position: center !important;background-repeat: no-repeat !important;background-size: cover !important;}&#8221;][vc_column][vc_column_text css=&#8221;.vc_custom_1487146281984{padding-top: 40px !important;padding-right: 6% !important;padding-left: 6% !important;}&#8221;] Tout ce dont vous avez besoin pour commencer \u00e0 vendre en ligne magnifiquement [\/vc_column_text][vc_column_text css=&#8221;.vc_custom_1487146626097{margin-top: -20px !important;padding-right: 6% !important;padding-left: 6% !important;}&#8221;] Th\u00e8me de commerce \u00e9lectronique WordPress puissant et rapide. Fr\u00e9quemment mis \u00e0 jour. Professional Customer [&hellip;]","og_url":"https:\/\/alimentsalento.com\/fr\/home-2\/","og_site_name":"Aliments Salento","article_publisher":"https:\/\/www.facebook.com\/alimentssalento","twitter_card":"summary_large_image","twitter_misc":{"Dur\u00e9e de lecture estim\u00e9e":"1 minute"},"schema":{"@context":"https:\/\/schema.org","@graph":[{"@type":"WebPage","@id":"https:\/\/alimentsalento.com\/fr\/home-2\/","url":"https:\/\/alimentsalento.com\/fr\/home-2\/","name":"Home - Aliments Salento","isPartOf":{"@id":"https:\/\/alimentsalento.com\/fr\/#website"},"datePublished":"2022-01-14T08:08:44+00:00","breadcrumb":{"@id":"https:\/\/alimentsalento.com\/fr\/home-2\/#breadcrumb"},"inLanguage":"fr-FR","potentialAction":[{"@type":"ReadAction","target":["https:\/\/alimentsalento.com\/fr\/home-2\/"]}]},{"@type":"BreadcrumbList","@id":"https:\/\/alimentsalento.com\/fr\/home-2\/#breadcrumb","itemListElement":[{"@type":"ListItem","position":1,"name":"Home","item":"https:\/\/alimentsalento.com\/fr\/"},{"@type":"ListItem","position":2,"name":"Home"}]},{"@type":"WebSite","@id":"https:\/\/alimentsalento.com\/fr\/#website","url":"https:\/\/alimentsalento.com\/fr\/","name":"Aliments Salento","description":"Benvenuti in Salento, terra di sapori e di colori.","publisher":{"@id":"https:\/\/alimentsalento.com\/fr\/#organization"},"potentialAction":[{"@type":"SearchAction","target":{"@type":"EntryPoint","urlTemplate":"https:\/\/alimentsalento.com\/fr\/?s={search_term_string}"},"query-input":{"@type":"PropertyValueSpecification","valueRequired":true,"valueName":"search_term_string"}}],"inLanguage":"fr-FR"},{"@type":"Organization","@id":"https:\/\/alimentsalento.com\/fr\/#organization","name":"Aliments Salento","url":"https:\/\/alimentsalento.com\/fr\/","logo":{"@type":"ImageObject","inLanguage":"fr-FR","@id":"https:\/\/alimentsalento.com\/fr\/#\/schema\/logo\/image\/","url":"https:\/\/alimentsalento.com\/wp-content\/uploads\/2021\/12\/AlimentsalentoSLchef6.png","contentUrl":"https:\/\/alimentsalento.com\/wp-content\/uploads\/2021\/12\/AlimentsalentoSLchef6.png","width":542,"height":176,"caption":"Aliments Salento"},"image":{"@id":"https:\/\/alimentsalento.com\/fr\/#\/schema\/logo\/image\/"},"sameAs":["https:\/\/www.facebook.com\/alimentssalento","https:\/\/www.instagram.com\/aliments_salento\/","https:\/\/www.linkedin.com\/company\/aliments-salento"]}]}},"_links":{"self":[{"href":"https:\/\/alimentsalento.com\/fr\/wp-json\/wp\/v2\/pages\/6725","targetHints":{"allow":["GET"]}}],"collection":[{"href":"https:\/\/alimentsalento.com\/fr\/wp-json\/wp\/v2\/pages"}],"about":[{"href":"https:\/\/alimentsalento.com\/fr\/wp-json\/wp\/v2\/types\/page"}],"author":[{"embeddable":true,"href":"https:\/\/alimentsalento.com\/fr\/wp-json\/wp\/v2\/users\/1"}],"replies":[{"embeddable":true,"href":"https:\/\/alimentsalento.com\/fr\/wp-json\/wp\/v2\/comments?post=6725"}],"version-history":[{"count":0,"href":"https:\/\/alimentsalento.com\/fr\/wp-json\/wp\/v2\/pages\/6725\/revisions"}],"wp:attachment":[{"href":"https:\/\/alimentsalento.com\/fr\/wp-json\/wp\/v2\/media?parent=6725"}],"curies":[{"name":"wp","href":"https:\/\/api.w.org\/{rel}","templated":true}]}}