{"id":6721,"date":"2022-01-14T09:04:12","date_gmt":"2022-01-14T08:04:12","guid":{"rendered":"https:\/\/alimentsalento.com\/produits-de-beaute\/"},"modified":"2022-01-20T12:15:40","modified_gmt":"2022-01-20T11:15:40","slug":"produits-de-beaute","status":"publish","type":"page","link":"https:\/\/alimentsalento.com\/fr\/produits-de-beaute\/","title":{"rendered":"Produits de beaut\u00e9"},"content":{"rendered":"<p>[vc_row css_animation=&#8221;fadeIn&#8221; type=&#8221;boxed&#8221; css=&#8221;.vc_custom_1487082335567{margin-bottom: 75px !important;}&#8221;][vc_column css=&#8221;.vc_custom_1638377567437{margin-top: 100px !important;}&#8221;][vc_column_text css=&#8221;.vc_custom_1638441954242{margin-bottom: 75px !important;}&#8221;]<\/p>\n<h1 style=\"text-align: center;\">Produits de beaut\u00e9<\/h1>\n<p style=\"text-align: center;\">Une s\u00e9lection des meilleurs produits cosm\u00e9tiques du Salento<\/p>\n<p>[\/vc_column_text]<div class=\"row\"><div class=\"categories_grid\">\n\t\t\t<div class=\"category_two_cat_1\">\n\t\t\t\t<div class=\"category_grid_box\">\n\t\t\t\t\t<span class=\"category_item_bkg\" style=\"background-image:url(https:\/\/alimentsalento.com\/wp-content\/uploads\/2021\/12\/linea-corpo.webp)\"><\/span>\n\t\t\t\t\t<a href=\"https:\/\/alimentsalento.com\/fr\/categorie-produit\/produits-de-beaute\/ligne-du-corps\/\" class=\"category_item\" >\n\t\t\t\t\t\t<span class=\"category_name\">Ligne Du Corps\t\t\t\t\t\t\t\t\t\t\t\t\t<\/span>\n\t\t\t\t\t<\/a>\n\t\t\t\t<\/div>\n\t\t\t<\/div>\n\n\t\t\t\n\t\t\t<div class=\"category_two_cat_2\">\n\t\t\t\t<div class=\"category_grid_box\">\n\t\t\t\t\t<span class=\"category_item_bkg\" style=\"background-image:url(https:\/\/alimentsalento.com\/wp-content\/uploads\/2021\/12\/linea-viso.jpg)\"><\/span>\n\t\t\t\t\t<a href=\"https:\/\/alimentsalento.com\/fr\/categorie-produit\/produits-de-beaute\/ligne-du-visage\/\" class=\"category_item\" >\n\t\t\t\t\t\t<span class=\"category_name\">Ligne Du Visage\t\t\t\t\t\t\t\t\t\t\t\t\t<\/span>\n\t\t\t\t\t<\/a>\n\t\t\t\t<\/div>\n\t\t\t<\/div>\n\n\t\t\t\n\t\t\t<div class=\"clearfix\"><\/div>\n\n\t\t<\/div><\/div>[\/vc_column][\/vc_row]<\/p>\n","protected":false},"excerpt":{"rendered":"<p>[vc_row css_animation=&#8221;fadeIn&#8221; type=&#8221;boxed&#8221; css=&#8221;.vc_custom_1487082335567{margin-bottom: 75px !important;}&#8221;][vc_column css=&#8221;.vc_custom_1638377567437{margin-top: 100px !important;}&#8221;][vc_column_text css=&#8221;.vc_custom_1638441954242{margin-bottom: 75px !important;}&#8221;] Produits de beaut\u00e9 Une s\u00e9lection des meilleurs produits cosm\u00e9tiques du Salento [\/vc_column_text][\/vc_column][\/vc_row]<\/p>\n","protected":false},"author":1,"featured_media":0,"parent":0,"menu_order":0,"comment_status":"closed","ping_status":"closed","template":"","meta":{"footnotes":""},"class_list":["post-6721","page","type-page","status-publish","hentry"],"yoast_head":"<!-- This site is optimized with the Yoast SEO plugin v27.4 - https:\/\/yoast.com\/product\/yoast-seo-wordpress\/ -->\n<title>Produits de beaut\u00e9 - Aliments Salento<\/title>\n<meta name=\"robots\" content=\"index, follow, max-snippet:-1, max-image-preview:large, max-video-preview:-1\" \/>\n<link rel=\"canonical\" href=\"https:\/\/alimentsalento.com\/fr\/produits-de-beaute\/\" \/>\n<meta property=\"og:locale\" content=\"fr_FR\" \/>\n<meta property=\"og:type\" content=\"article\" \/>\n<meta property=\"og:title\" content=\"Produits de beaut\u00e9 - Aliments Salento\" \/>\n<meta property=\"og:description\" content=\"[vc_row css_animation=&#8221;fadeIn&#8221; type=&#8221;boxed&#8221; css=&#8221;.vc_custom_1487082335567{margin-bottom: 75px !important;}&#8221;][vc_column css=&#8221;.vc_custom_1638377567437{margin-top: 100px !important;}&#8221;][vc_column_text css=&#8221;.vc_custom_1638441954242{margin-bottom: 75px !important;}&#8221;] Produits de beaut\u00e9 Une s\u00e9lection des meilleurs produits cosm\u00e9tiques du Salento [\/vc_column_text][\/vc_column][\/vc_row]\" \/>\n<meta property=\"og:url\" content=\"https:\/\/alimentsalento.com\/fr\/produits-de-beaute\/\" \/>\n<meta property=\"og:site_name\" content=\"Aliments Salento\" \/>\n<meta property=\"article:publisher\" content=\"https:\/\/www.facebook.com\/alimentssalento\" \/>\n<meta property=\"article:modified_time\" content=\"2022-01-20T11:15:40+00:00\" \/>\n<meta name=\"twitter:card\" content=\"summary_large_image\" \/>\n<script type=\"application\/ld+json\" class=\"yoast-schema-graph\">{\"@context\":\"https:\\\/\\\/schema.org\",\"@graph\":[{\"@type\":\"WebPage\",\"@id\":\"https:\\\/\\\/alimentsalento.com\\\/fr\\\/produits-de-beaute\\\/\",\"url\":\"https:\\\/\\\/alimentsalento.com\\\/fr\\\/produits-de-beaute\\\/\",\"name\":\"Produits de beaut\u00e9 - Aliments Salento\",\"isPartOf\":{\"@id\":\"https:\\\/\\\/alimentsalento.com\\\/fr\\\/#website\"},\"datePublished\":\"2022-01-14T08:04:12+00:00\",\"dateModified\":\"2022-01-20T11:15:40+00:00\",\"breadcrumb\":{\"@id\":\"https:\\\/\\\/alimentsalento.com\\\/fr\\\/produits-de-beaute\\\/#breadcrumb\"},\"inLanguage\":\"fr-FR\",\"potentialAction\":[{\"@type\":\"ReadAction\",\"target\":[\"https:\\\/\\\/alimentsalento.com\\\/fr\\\/produits-de-beaute\\\/\"]}]},{\"@type\":\"BreadcrumbList\",\"@id\":\"https:\\\/\\\/alimentsalento.com\\\/fr\\\/produits-de-beaute\\\/#breadcrumb\",\"itemListElement\":[{\"@type\":\"ListItem\",\"position\":1,\"name\":\"Home\",\"item\":\"https:\\\/\\\/alimentsalento.com\\\/fr\\\/\"},{\"@type\":\"ListItem\",\"position\":2,\"name\":\"Produits de beaut\u00e9\"}]},{\"@type\":\"WebSite\",\"@id\":\"https:\\\/\\\/alimentsalento.com\\\/fr\\\/#website\",\"url\":\"https:\\\/\\\/alimentsalento.com\\\/fr\\\/\",\"name\":\"Aliments Salento\",\"description\":\"Benvenuti in Salento, terra di sapori e di colori.\",\"publisher\":{\"@id\":\"https:\\\/\\\/alimentsalento.com\\\/fr\\\/#organization\"},\"potentialAction\":[{\"@type\":\"SearchAction\",\"target\":{\"@type\":\"EntryPoint\",\"urlTemplate\":\"https:\\\/\\\/alimentsalento.com\\\/fr\\\/?s={search_term_string}\"},\"query-input\":{\"@type\":\"PropertyValueSpecification\",\"valueRequired\":true,\"valueName\":\"search_term_string\"}}],\"inLanguage\":\"fr-FR\"},{\"@type\":\"Organization\",\"@id\":\"https:\\\/\\\/alimentsalento.com\\\/fr\\\/#organization\",\"name\":\"Aliments Salento\",\"url\":\"https:\\\/\\\/alimentsalento.com\\\/fr\\\/\",\"logo\":{\"@type\":\"ImageObject\",\"inLanguage\":\"fr-FR\",\"@id\":\"https:\\\/\\\/alimentsalento.com\\\/fr\\\/#\\\/schema\\\/logo\\\/image\\\/\",\"url\":\"https:\\\/\\\/alimentsalento.com\\\/wp-content\\\/uploads\\\/2021\\\/12\\\/AlimentsalentoSLchef6.png\",\"contentUrl\":\"https:\\\/\\\/alimentsalento.com\\\/wp-content\\\/uploads\\\/2021\\\/12\\\/AlimentsalentoSLchef6.png\",\"width\":542,\"height\":176,\"caption\":\"Aliments Salento\"},\"image\":{\"@id\":\"https:\\\/\\\/alimentsalento.com\\\/fr\\\/#\\\/schema\\\/logo\\\/image\\\/\"},\"sameAs\":[\"https:\\\/\\\/www.facebook.com\\\/alimentssalento\",\"https:\\\/\\\/www.instagram.com\\\/aliments_salento\\\/\",\"https:\\\/\\\/www.linkedin.com\\\/company\\\/aliments-salento\"]}]}<\/script>\n<!-- \/ Yoast SEO plugin. -->","yoast_head_json":{"title":"Produits de beaut\u00e9 - Aliments Salento","robots":{"index":"index","follow":"follow","max-snippet":"max-snippet:-1","max-image-preview":"max-image-preview:large","max-video-preview":"max-video-preview:-1"},"canonical":"https:\/\/alimentsalento.com\/fr\/produits-de-beaute\/","og_locale":"fr_FR","og_type":"article","og_title":"Produits de beaut\u00e9 - Aliments Salento","og_description":"[vc_row css_animation=&#8221;fadeIn&#8221; type=&#8221;boxed&#8221; css=&#8221;.vc_custom_1487082335567{margin-bottom: 75px !important;}&#8221;][vc_column css=&#8221;.vc_custom_1638377567437{margin-top: 100px !important;}&#8221;][vc_column_text css=&#8221;.vc_custom_1638441954242{margin-bottom: 75px !important;}&#8221;] Produits de beaut\u00e9 Une s\u00e9lection des meilleurs produits cosm\u00e9tiques du Salento [\/vc_column_text][\/vc_column][\/vc_row]","og_url":"https:\/\/alimentsalento.com\/fr\/produits-de-beaute\/","og_site_name":"Aliments Salento","article_publisher":"https:\/\/www.facebook.com\/alimentssalento","article_modified_time":"2022-01-20T11:15:40+00:00","twitter_card":"summary_large_image","schema":{"@context":"https:\/\/schema.org","@graph":[{"@type":"WebPage","@id":"https:\/\/alimentsalento.com\/fr\/produits-de-beaute\/","url":"https:\/\/alimentsalento.com\/fr\/produits-de-beaute\/","name":"Produits de beaut\u00e9 - Aliments Salento","isPartOf":{"@id":"https:\/\/alimentsalento.com\/fr\/#website"},"datePublished":"2022-01-14T08:04:12+00:00","dateModified":"2022-01-20T11:15:40+00:00","breadcrumb":{"@id":"https:\/\/alimentsalento.com\/fr\/produits-de-beaute\/#breadcrumb"},"inLanguage":"fr-FR","potentialAction":[{"@type":"ReadAction","target":["https:\/\/alimentsalento.com\/fr\/produits-de-beaute\/"]}]},{"@type":"BreadcrumbList","@id":"https:\/\/alimentsalento.com\/fr\/produits-de-beaute\/#breadcrumb","itemListElement":[{"@type":"ListItem","position":1,"name":"Home","item":"https:\/\/alimentsalento.com\/fr\/"},{"@type":"ListItem","position":2,"name":"Produits de beaut\u00e9"}]},{"@type":"WebSite","@id":"https:\/\/alimentsalento.com\/fr\/#website","url":"https:\/\/alimentsalento.com\/fr\/","name":"Aliments Salento","description":"Benvenuti in Salento, terra di sapori e di colori.","publisher":{"@id":"https:\/\/alimentsalento.com\/fr\/#organization"},"potentialAction":[{"@type":"SearchAction","target":{"@type":"EntryPoint","urlTemplate":"https:\/\/alimentsalento.com\/fr\/?s={search_term_string}"},"query-input":{"@type":"PropertyValueSpecification","valueRequired":true,"valueName":"search_term_string"}}],"inLanguage":"fr-FR"},{"@type":"Organization","@id":"https:\/\/alimentsalento.com\/fr\/#organization","name":"Aliments Salento","url":"https:\/\/alimentsalento.com\/fr\/","logo":{"@type":"ImageObject","inLanguage":"fr-FR","@id":"https:\/\/alimentsalento.com\/fr\/#\/schema\/logo\/image\/","url":"https:\/\/alimentsalento.com\/wp-content\/uploads\/2021\/12\/AlimentsalentoSLchef6.png","contentUrl":"https:\/\/alimentsalento.com\/wp-content\/uploads\/2021\/12\/AlimentsalentoSLchef6.png","width":542,"height":176,"caption":"Aliments Salento"},"image":{"@id":"https:\/\/alimentsalento.com\/fr\/#\/schema\/logo\/image\/"},"sameAs":["https:\/\/www.facebook.com\/alimentssalento","https:\/\/www.instagram.com\/aliments_salento\/","https:\/\/www.linkedin.com\/company\/aliments-salento"]}]}},"_links":{"self":[{"href":"https:\/\/alimentsalento.com\/fr\/wp-json\/wp\/v2\/pages\/6721","targetHints":{"allow":["GET"]}}],"collection":[{"href":"https:\/\/alimentsalento.com\/fr\/wp-json\/wp\/v2\/pages"}],"about":[{"href":"https:\/\/alimentsalento.com\/fr\/wp-json\/wp\/v2\/types\/page"}],"author":[{"embeddable":true,"href":"https:\/\/alimentsalento.com\/fr\/wp-json\/wp\/v2\/users\/1"}],"replies":[{"embeddable":true,"href":"https:\/\/alimentsalento.com\/fr\/wp-json\/wp\/v2\/comments?post=6721"}],"version-history":[{"count":0,"href":"https:\/\/alimentsalento.com\/fr\/wp-json\/wp\/v2\/pages\/6721\/revisions"}],"wp:attachment":[{"href":"https:\/\/alimentsalento.com\/fr\/wp-json\/wp\/v2\/media?parent=6721"}],"curies":[{"name":"wp","href":"https:\/\/api.w.org\/{rel}","templated":true}]}}