{"id":6678,"date":"2022-01-13T16:59:30","date_gmt":"2022-01-13T15:59:30","guid":{"rendered":"https:\/\/alimentsalento.com\/qui-sommes-nous\/"},"modified":"2022-04-12T09:25:25","modified_gmt":"2022-04-12T07:25:25","slug":"qui-sommes-nous","status":"publish","type":"page","link":"https:\/\/alimentsalento.com\/fr\/qui-sommes-nous\/","title":{"rendered":"Qui sommes-nous"},"content":{"rendered":"<p>&nbsp;[vc_row full_width=&#8221;stretch_row&#8221; full_height=&#8221;yes&#8221; css_animation=&#8221;fadeIn&#8221; css=&#8221;.vc_custom_1641377851300{background: rgba(0,0,0,0.1) url(https:\/\/alimentsalento.com\/wp-content\/uploads\/2022\/01\/frantoio-ipogeo-1.jpg?id=4234) !important;background-position: center !important;background-repeat: no-repeat !important;background-size: cover !important;*background-color: rgb(0,0,0) !important;}&#8221;][vc_column width=&#8221;1\/2&#8243; css=&#8221;.vc_custom_1638215404203{padding-top: 250px !important;}&#8221;][vc_column_text]<\/p>\n<h1><span style=\"color: #ffffff;\">Qui sommes-nous<\/span><\/h1>\n<p>&nbsp;[\/vc_column_text][vc_column_text]<span style=\"color: #ffffff;\"><strong>Aliments Salento<\/strong> est une soci\u00e9t\u00e9 commerciale fran\u00e7aise qui op\u00e8re dans le secteur agroalimentaire et oenogastronomique. Son si\u00e8ge social et sa direction sont \u00e0 Paris-France. La soci\u00e9t\u00e9 a des bureaux de repr\u00e9sentation \u00e0 Nard\u00f2 (Lecce) &#8211; Italie.<br \/>\nL\u2019entreprise n\u00e9gocie, commercialise et promeut les produits oenogastronomiques italiens des Pouilles et du Salento.<br \/>\n<\/span>[\/vc_column_text][\/vc_column][\/vc_row][vc_row][vc_column][vc_column_text]<\/p>\n<h2>Notre entreprise<\/h2>\n<p>&nbsp;[\/vc_column_text][\/vc_column][\/vc_row][vc_row css=&#8221;.vc_custom_1484857863227{margin-bottom: 75px !important;}&#8221;][vc_column width=&#8221;1\/2&#8243;][vc_column_text]<\/p>\n<p style=\"text-align: justify;\"><strong>Aliments Salento<\/strong> est une entreprise qui n\u00e9gocie et commercialise des produits oenogastronomiques typiques des Pouilles et du Salento.<br \/>\nLe Pr\u00e9sident de la soci\u00e9t\u00e9 Salvatore Lega, chef \u00e9m\u00e9rite, et les autres associ\u00e9s, tous du Salento, ont de fortes comp\u00e9tences professionnelles dans le secteur. La soci\u00e9t\u00e9 se propose de faire conna\u00eetre et appr\u00e9cier en Italie et \u00e0 l\u2019\u00e9tranger les produits typiques d\u2019excellence des Pouilles et du Salento obtenus \u00e0 partir du traitement des mati\u00e8res premi\u00e8res locales issues de l&#8217;agriculture biologique et transform\u00e9es selon la tradition. La vocation d\u2019Aliments Salento est de faire d\u00e9guster aux consommateurs, italiens ou non, les produits typiques des Pouilles et du Salento afin de faire appr\u00e9cier leurs qualit\u00e9s et leur authenticit\u00e9 car ils sont tout particuli\u00e8rement b\u00e9n\u00e9fiques \u00e0 la sant\u00e9.<\/p>\n<p>[\/vc_column_text][\/vc_column][vc_column width=&#8221;1\/2&#8243;][vc_single_image image=&#8221;2991&#8243; img_size=&#8221;full&#8221;][\/vc_column][\/vc_row][vc_row css=&#8221;.vc_custom_1635527920306{margin-bottom: 75px !important;}&#8221;][vc_column][vc_text_separator title=&#8221;Chef Salvatore Lega&#8221;][vc_single_image image=&#8221;4157&#8243; img_size=&#8221;600px&#8221; alignment=&#8221;center&#8221;][\/vc_column][\/vc_row][vc_row css=&#8221;.vc_custom_1635527920306{margin-bottom: 75px !important;}&#8221;][vc_column width=&#8221;2\/5&#8243;][vc_single_image image=&#8221;4092&#8243; img_size=&#8221;full&#8221;][vc_single_image image=&#8221;3909&#8243; img_size=&#8221;full&#8221;][vc_single_image image=&#8221;4093&#8243; img_size=&#8221;full&#8221;][\/vc_column][vc_column width=&#8221;3\/5&#8243;][vc_column_text]<\/p>\n<h2>Nos parcours gustatifs<\/h2>\n<p>&nbsp;[\/vc_column_text][vc_column_text]<\/p>\n<p style=\"text-align: justify;\">Les produits typiques des Pouilles et du Salento les plus appr\u00e9ci\u00e9s sont l\u2019huile d&#8217;olive extra-vierge, parfois appel\u00e9e \u201d l\u2019or vert des Pouilles\u201d , le vin Primitivo, un des vins AOC du territoire, parmi les plus appr\u00e9ci\u00e9s dans le monde. Il ne faut pas oublier non plus les autres produits typiques, les confitures, le miel, les marinades, les p\u00e2tes fra\u00eeches et s\u00e8ches, les p\u00e2tisseries traditionnelles et tant d\u2019autres d\u00e9licieux produits.<\/p>\n<p style=\"text-align: justify;\">L\u2019objectif est de transporter les papilles gustatives des consommateurs dans le monde des go\u00fbts uniques de la cuisine typique des Pouilles et du Salento en faisant en sorte qu&#8217;ils ne puissent plus s\u2019en passer.<\/p>\n<p style=\"text-align: justify;\">Dans ce but, Aliments Salento organise des pr\u00e9sentations et des d\u00e9gustations dans les magasins sp\u00e9cialis\u00e9s \u00e0 Paris et dans toute la France, ainsi que dans les plus importantes villes des autres pays de l\u2019Europe. Les produits utilis\u00e9s, exclusivement ceux des Pouilles et du Salento, sont soigneusement s\u00e9lectionn\u00e9s et pr\u00e9par\u00e9s par le Chef Salvatore Lega.<\/p>\n<p>&nbsp;[\/vc_column_text][vc_single_image image=&#8221;3908&#8243; img_size=&#8221;full&#8221;][\/vc_column][\/vc_row][vc_row][vc_column][vc_images_carousel images=&#8221;3910,3907&#8243; img_size=&#8221;full&#8221; speed=&#8221;4000&#8243; autoplay=&#8221;yes&#8221; wrap=&#8221;yes&#8221;][\/vc_column][\/vc_row][vc_row css=&#8221;.vc_custom_1635527920306{margin-bottom: 75px !important;}&#8221;][vc_column][vc_images_carousel images=&#8221;3848,3850,3854&#8243; img_size=&#8221;full&#8221; onclick=&#8221;link_no&#8221; speed=&#8221;3500&#8243; autoplay=&#8221;yes&#8221; hide_pagination_control=&#8221;yes&#8221; hide_prev_next_buttons=&#8221;yes&#8221; wrap=&#8221;yes&#8221;][\/vc_column][\/vc_row][vc_row css=&#8221;.vc_custom_1635528030600{margin-bottom: 75px !important;}&#8221;][vc_column][vc_column_text css=&#8221;.vc_custom_1635528049131{padding-right: 23% !important;}&#8221;]<\/p>\n<h2>Conna\u00eetre le territoire<\/h2>\n<p>&nbsp;[\/vc_column_text][vc_column_text]L&#8217;action promotionnelle d&#8217;Aliments Salento ne vise pas uniquement \u00e0 faire appr\u00e9cier les produits gastronomiques typiques mais elle vise \u00e9galement \u00e0 faire conna\u00eetre les paysages fabuleux des Pouilles et du Salento et la beaut\u00e9 de leurs plages, les splendeurs culturelles et artistiques des centres historiques ainsi que le fascinant folklore local.[\/vc_column_text][vc_single_image image=&#8221;3860&#8243; img_size=&#8221;full&#8221; alignment=&#8221;center&#8221;][vc_column_text]Le climat temp\u00e9r\u00e9 presque toute l&#8217;ann\u00e9e, le maquis m\u00e9diterran\u00e9en, la nature non pollu\u00e9e, l&#8217;agriculture biologique, le soleil, la mer cristalline sont autant de facteurs qui, en plus de permettre l&#8217;\u00e9laboration de produits gastronomiques typiques de qualit\u00e9, g\u00e9n\u00e8rent une tr\u00e8s forte attractivit\u00e9 et suffisamment d&#8217;empathie pour inciter les touristes \u00e0 passer leurs vacances ou \u00e0 vivre une bonne partie de l&#8217;ann\u00e9e dans les Pouilles et le Salento plus pr\u00e9cis\u00e9ment o\u00f9 ils trouvent toujours un accueil chaleureux de la part des habitants.[\/vc_column_text][vc_single_image image=&#8221;3856&#8243; img_size=&#8221;full&#8221; alignment=&#8221;center&#8221;][vc_column_text]Afin de permettre \u00e0 ses clients de composer leurs menus avec les sp\u00e9cialit\u00e9s de la cuisine salentine et des Pouilles et ravir leurs palais, Aliments Salento a s\u00e9lectionn\u00e9 les meilleurs produits typiques du Salento.<\/p>\n<p>L\u2019huile extra-vierge d\u2019olive, aliment riche aux exceptionnelles propri\u00e9t\u00e9s nutritives a des effets b\u00e9n\u00e9fiques sur la sant\u00e9, elle est le produit de base indispensable pour la pr\u00e9paration des plats typiques les plus savoureux.[\/vc_column_text][vc_single_image image=&#8221;3861&#8243; img_size=&#8221;full&#8221; alignment=&#8221;center&#8221;][vc_column_text]Par ailleurs, afin de faire conna\u00eetre et appr\u00e9cier la gastronomie italienne et les produits des Pouilles, Aliments Salento a sign\u00e9 une convention avec un institut italien de formation professionnelle, Efal Salento, agr\u00e9\u00e9 par la r\u00e9gion des Pouilles pour former des cuisiniers non italiens \u00e0 la cuisine m\u00e9diterran\u00e9enne et \u00e0 la pr\u00e9paration des plats \u00e0 base des produits du Salento et des Pouilles.[\/vc_column_text][\/vc_column][\/vc_row][vc_row full_width=&#8221;stretch_row_content&#8221; gap=&#8221;35&#8243; equal_height=&#8221;yes&#8221; content_placement=&#8221;middle&#8221; css=&#8221;.vc_custom_1484858516306{margin-bottom: 75px !important;padding-right: 5% !important;padding-left: 5% !important;}&#8221;][vc_column width=&#8221;1\/3&#8243;][vc_single_image image=&#8221;3164&#8243; img_size=&#8221;full&#8221; alignment=&#8221;center&#8221;][\/vc_column][vc_column width=&#8221;1\/3&#8243;][vc_single_image image=&#8221;3825&#8243; img_size=&#8221;full&#8221; alignment=&#8221;center&#8221;][\/vc_column][vc_column width=&#8221;1\/3&#8243;][vc_single_image image=&#8221;3827&#8243; img_size=&#8221;full&#8221; alignment=&#8221;center&#8221;][\/vc_column][\/vc_row][vc_row full_width=&#8221;stretch_row_content_no_spaces&#8221; gap=&#8221;30&#8243;][vc_column width=&#8221;1\/2&#8243;][vc_single_image image=&#8221;3877&#8243; img_size=&#8221;full&#8221; alignment=&#8221;center&#8221;][\/vc_column][vc_column width=&#8221;1\/2&#8243;][vc_single_image image=&#8221;3881&#8243; img_size=&#8221;full&#8221; alignment=&#8221;center&#8221;][\/vc_column][\/vc_row]&nbsp;<\/p>\n","protected":false},"excerpt":{"rendered":"<p>&nbsp;[vc_row full_width=&#8221;stretch_row&#8221; full_height=&#8221;yes&#8221; css_animation=&#8221;fadeIn&#8221; css=&#8221;.vc_custom_1641377851300{background: rgba(0,0,0,0.1) url(https:\/\/alimentsalento.com\/wp-content\/uploads\/2022\/01\/frantoio-ipogeo-1.jpg?id=4234) !important;background-position: center !important;background-repeat: no-repeat !important;background-size: cover !important;*background-color: rgb(0,0,0) !important;}&#8221;][vc_column width=&#8221;1\/2&#8243; css=&#8221;.vc_custom_1638215404203{padding-top: 250px !important;}&#8221;][vc_column_text] Qui sommes-nous &nbsp;[\/vc_column_text][vc_column_text]Aliments Salento est une soci\u00e9t\u00e9 commerciale fran\u00e7aise qui op\u00e8re dans le secteur agroalimentaire et oenogastronomique. Son si\u00e8ge social et sa direction sont \u00e0 Paris-France. La soci\u00e9t\u00e9 a des bureaux de repr\u00e9sentation \u00e0 Nard\u00f2 [&hellip;]<\/p>\n","protected":false},"author":1,"featured_media":0,"parent":0,"menu_order":0,"comment_status":"closed","ping_status":"closed","template":"page-boxed.php","meta":{"footnotes":""},"class_list":["post-6678","page","type-page","status-publish","hentry"],"yoast_head":"<!-- This site is optimized with the Yoast SEO plugin v27.3 - https:\/\/yoast.com\/product\/yoast-seo-wordpress\/ -->\n<title>Qui sommes-nous - Aliments Salento<\/title>\n<meta name=\"robots\" content=\"index, follow, max-snippet:-1, max-image-preview:large, max-video-preview:-1\" \/>\n<link rel=\"canonical\" href=\"https:\/\/alimentsalento.com\/fr\/qui-sommes-nous\/\" \/>\n<meta property=\"og:locale\" content=\"fr_FR\" \/>\n<meta property=\"og:type\" content=\"article\" \/>\n<meta property=\"og:title\" content=\"Qui sommes-nous - Aliments Salento\" \/>\n<meta property=\"og:description\" content=\"&nbsp;[vc_row full_width=&#8221;stretch_row&#8221; full_height=&#8221;yes&#8221; css_animation=&#8221;fadeIn&#8221; css=&#8221;.vc_custom_1641377851300{background: rgba(0,0,0,0.1) url(https:\/\/alimentsalento.com\/wp-content\/uploads\/2022\/01\/frantoio-ipogeo-1.jpg?id=4234) !important;background-position: center !important;background-repeat: no-repeat !important;background-size: cover !important;*background-color: rgb(0,0,0) !important;}&#8221;][vc_column width=&#8221;1\/2&#8243; css=&#8221;.vc_custom_1638215404203{padding-top: 250px !important;}&#8221;][vc_column_text] Qui sommes-nous &nbsp;[\/vc_column_text][vc_column_text]Aliments Salento est une soci\u00e9t\u00e9 commerciale fran\u00e7aise qui op\u00e8re dans le secteur agroalimentaire et oenogastronomique. Son si\u00e8ge social et sa direction sont \u00e0 Paris-France. La soci\u00e9t\u00e9 a des bureaux de repr\u00e9sentation \u00e0 Nard\u00f2 [&hellip;]\" \/>\n<meta property=\"og:url\" content=\"https:\/\/alimentsalento.com\/fr\/qui-sommes-nous\/\" \/>\n<meta property=\"og:site_name\" content=\"Aliments Salento\" \/>\n<meta property=\"article:publisher\" content=\"https:\/\/www.facebook.com\/alimentssalento\" \/>\n<meta property=\"article:modified_time\" content=\"2022-04-12T07:25:25+00:00\" \/>\n<meta name=\"twitter:card\" content=\"summary_large_image\" \/>\n<meta name=\"twitter:label1\" content=\"Dur\u00e9e de lecture estim\u00e9e\" \/>\n\t<meta name=\"twitter:data1\" content=\"6 minutes\" \/>\n<script type=\"application\/ld+json\" class=\"yoast-schema-graph\">{\"@context\":\"https:\\\/\\\/schema.org\",\"@graph\":[{\"@type\":\"WebPage\",\"@id\":\"https:\\\/\\\/alimentsalento.com\\\/fr\\\/qui-sommes-nous\\\/\",\"url\":\"https:\\\/\\\/alimentsalento.com\\\/fr\\\/qui-sommes-nous\\\/\",\"name\":\"Qui sommes-nous - Aliments Salento\",\"isPartOf\":{\"@id\":\"https:\\\/\\\/alimentsalento.com\\\/fr\\\/#website\"},\"datePublished\":\"2022-01-13T15:59:30+00:00\",\"dateModified\":\"2022-04-12T07:25:25+00:00\",\"breadcrumb\":{\"@id\":\"https:\\\/\\\/alimentsalento.com\\\/fr\\\/qui-sommes-nous\\\/#breadcrumb\"},\"inLanguage\":\"fr-FR\",\"potentialAction\":[{\"@type\":\"ReadAction\",\"target\":[\"https:\\\/\\\/alimentsalento.com\\\/fr\\\/qui-sommes-nous\\\/\"]}]},{\"@type\":\"BreadcrumbList\",\"@id\":\"https:\\\/\\\/alimentsalento.com\\\/fr\\\/qui-sommes-nous\\\/#breadcrumb\",\"itemListElement\":[{\"@type\":\"ListItem\",\"position\":1,\"name\":\"Home\",\"item\":\"https:\\\/\\\/alimentsalento.com\\\/fr\\\/\"},{\"@type\":\"ListItem\",\"position\":2,\"name\":\"Qui sommes-nous\"}]},{\"@type\":\"WebSite\",\"@id\":\"https:\\\/\\\/alimentsalento.com\\\/fr\\\/#website\",\"url\":\"https:\\\/\\\/alimentsalento.com\\\/fr\\\/\",\"name\":\"Aliments Salento\",\"description\":\"Benvenuti in Salento, terra di sapori e di colori.\",\"publisher\":{\"@id\":\"https:\\\/\\\/alimentsalento.com\\\/fr\\\/#organization\"},\"potentialAction\":[{\"@type\":\"SearchAction\",\"target\":{\"@type\":\"EntryPoint\",\"urlTemplate\":\"https:\\\/\\\/alimentsalento.com\\\/fr\\\/?s={search_term_string}\"},\"query-input\":{\"@type\":\"PropertyValueSpecification\",\"valueRequired\":true,\"valueName\":\"search_term_string\"}}],\"inLanguage\":\"fr-FR\"},{\"@type\":\"Organization\",\"@id\":\"https:\\\/\\\/alimentsalento.com\\\/fr\\\/#organization\",\"name\":\"Aliments Salento\",\"url\":\"https:\\\/\\\/alimentsalento.com\\\/fr\\\/\",\"logo\":{\"@type\":\"ImageObject\",\"inLanguage\":\"fr-FR\",\"@id\":\"https:\\\/\\\/alimentsalento.com\\\/fr\\\/#\\\/schema\\\/logo\\\/image\\\/\",\"url\":\"https:\\\/\\\/alimentsalento.com\\\/wp-content\\\/uploads\\\/2021\\\/12\\\/AlimentsalentoSLchef6.png\",\"contentUrl\":\"https:\\\/\\\/alimentsalento.com\\\/wp-content\\\/uploads\\\/2021\\\/12\\\/AlimentsalentoSLchef6.png\",\"width\":542,\"height\":176,\"caption\":\"Aliments Salento\"},\"image\":{\"@id\":\"https:\\\/\\\/alimentsalento.com\\\/fr\\\/#\\\/schema\\\/logo\\\/image\\\/\"},\"sameAs\":[\"https:\\\/\\\/www.facebook.com\\\/alimentssalento\",\"https:\\\/\\\/www.instagram.com\\\/aliments_salento\\\/\",\"https:\\\/\\\/www.linkedin.com\\\/company\\\/aliments-salento\"]}]}<\/script>\n<!-- \/ Yoast SEO plugin. -->","yoast_head_json":{"title":"Qui sommes-nous - Aliments Salento","robots":{"index":"index","follow":"follow","max-snippet":"max-snippet:-1","max-image-preview":"max-image-preview:large","max-video-preview":"max-video-preview:-1"},"canonical":"https:\/\/alimentsalento.com\/fr\/qui-sommes-nous\/","og_locale":"fr_FR","og_type":"article","og_title":"Qui sommes-nous - Aliments Salento","og_description":"&nbsp;[vc_row full_width=&#8221;stretch_row&#8221; full_height=&#8221;yes&#8221; css_animation=&#8221;fadeIn&#8221; css=&#8221;.vc_custom_1641377851300{background: rgba(0,0,0,0.1) url(https:\/\/alimentsalento.com\/wp-content\/uploads\/2022\/01\/frantoio-ipogeo-1.jpg?id=4234) !important;background-position: center !important;background-repeat: no-repeat !important;background-size: cover !important;*background-color: rgb(0,0,0) !important;}&#8221;][vc_column width=&#8221;1\/2&#8243; css=&#8221;.vc_custom_1638215404203{padding-top: 250px !important;}&#8221;][vc_column_text] Qui sommes-nous &nbsp;[\/vc_column_text][vc_column_text]Aliments Salento est une soci\u00e9t\u00e9 commerciale fran\u00e7aise qui op\u00e8re dans le secteur agroalimentaire et oenogastronomique. Son si\u00e8ge social et sa direction sont \u00e0 Paris-France. La soci\u00e9t\u00e9 a des bureaux de repr\u00e9sentation \u00e0 Nard\u00f2 [&hellip;]","og_url":"https:\/\/alimentsalento.com\/fr\/qui-sommes-nous\/","og_site_name":"Aliments Salento","article_publisher":"https:\/\/www.facebook.com\/alimentssalento","article_modified_time":"2022-04-12T07:25:25+00:00","twitter_card":"summary_large_image","twitter_misc":{"Dur\u00e9e de lecture estim\u00e9e":"6 minutes"},"schema":{"@context":"https:\/\/schema.org","@graph":[{"@type":"WebPage","@id":"https:\/\/alimentsalento.com\/fr\/qui-sommes-nous\/","url":"https:\/\/alimentsalento.com\/fr\/qui-sommes-nous\/","name":"Qui sommes-nous - Aliments Salento","isPartOf":{"@id":"https:\/\/alimentsalento.com\/fr\/#website"},"datePublished":"2022-01-13T15:59:30+00:00","dateModified":"2022-04-12T07:25:25+00:00","breadcrumb":{"@id":"https:\/\/alimentsalento.com\/fr\/qui-sommes-nous\/#breadcrumb"},"inLanguage":"fr-FR","potentialAction":[{"@type":"ReadAction","target":["https:\/\/alimentsalento.com\/fr\/qui-sommes-nous\/"]}]},{"@type":"BreadcrumbList","@id":"https:\/\/alimentsalento.com\/fr\/qui-sommes-nous\/#breadcrumb","itemListElement":[{"@type":"ListItem","position":1,"name":"Home","item":"https:\/\/alimentsalento.com\/fr\/"},{"@type":"ListItem","position":2,"name":"Qui sommes-nous"}]},{"@type":"WebSite","@id":"https:\/\/alimentsalento.com\/fr\/#website","url":"https:\/\/alimentsalento.com\/fr\/","name":"Aliments Salento","description":"Benvenuti in Salento, terra di sapori e di colori.","publisher":{"@id":"https:\/\/alimentsalento.com\/fr\/#organization"},"potentialAction":[{"@type":"SearchAction","target":{"@type":"EntryPoint","urlTemplate":"https:\/\/alimentsalento.com\/fr\/?s={search_term_string}"},"query-input":{"@type":"PropertyValueSpecification","valueRequired":true,"valueName":"search_term_string"}}],"inLanguage":"fr-FR"},{"@type":"Organization","@id":"https:\/\/alimentsalento.com\/fr\/#organization","name":"Aliments Salento","url":"https:\/\/alimentsalento.com\/fr\/","logo":{"@type":"ImageObject","inLanguage":"fr-FR","@id":"https:\/\/alimentsalento.com\/fr\/#\/schema\/logo\/image\/","url":"https:\/\/alimentsalento.com\/wp-content\/uploads\/2021\/12\/AlimentsalentoSLchef6.png","contentUrl":"https:\/\/alimentsalento.com\/wp-content\/uploads\/2021\/12\/AlimentsalentoSLchef6.png","width":542,"height":176,"caption":"Aliments Salento"},"image":{"@id":"https:\/\/alimentsalento.com\/fr\/#\/schema\/logo\/image\/"},"sameAs":["https:\/\/www.facebook.com\/alimentssalento","https:\/\/www.instagram.com\/aliments_salento\/","https:\/\/www.linkedin.com\/company\/aliments-salento"]}]}},"_links":{"self":[{"href":"https:\/\/alimentsalento.com\/fr\/wp-json\/wp\/v2\/pages\/6678","targetHints":{"allow":["GET"]}}],"collection":[{"href":"https:\/\/alimentsalento.com\/fr\/wp-json\/wp\/v2\/pages"}],"about":[{"href":"https:\/\/alimentsalento.com\/fr\/wp-json\/wp\/v2\/types\/page"}],"author":[{"embeddable":true,"href":"https:\/\/alimentsalento.com\/fr\/wp-json\/wp\/v2\/users\/1"}],"replies":[{"embeddable":true,"href":"https:\/\/alimentsalento.com\/fr\/wp-json\/wp\/v2\/comments?post=6678"}],"version-history":[{"count":0,"href":"https:\/\/alimentsalento.com\/fr\/wp-json\/wp\/v2\/pages\/6678\/revisions"}],"wp:attachment":[{"href":"https:\/\/alimentsalento.com\/fr\/wp-json\/wp\/v2\/media?parent=6678"}],"curies":[{"name":"wp","href":"https:\/\/api.w.org\/{rel}","templated":true}]}}