{"id":8290,"date":"2022-01-28T13:02:40","date_gmt":"2022-01-28T14:46:36","guid":{"rendered":"https:\/\/alimentsalento.com\/product\/caja-de-100-capsulas\/"},"modified":"2022-04-04T11:53:33","modified_gmt":"2022-04-04T09:53:33","slug":"caja-de-100-capsulas","status":"publish","type":"product","link":"https:\/\/alimentsalento.com\/es\/producto\/caja-de-100-capsulas\/","title":{"rendered":"Caja de 100 c\u00e1psulas"},"content":{"rendered":"<p><strong><em>C\u00e1psulas de mezcla GRANATA<br \/>\n<\/em><\/strong> Mezcla armoniosa de los preciados Ar\u00e1bica brasile\u00f1os y de las tierras altas de Am\u00e9rica Central y los mejores Robustaas africanos e indios. El resultado es una taza de caf\u00e9 muy equilibrada, con un cuerpo y aroma \u00fanicos, con sabor a caramelo, chocolate y tostado.<strong><em><br \/>\n<\/em><\/strong><\/p>\n<p><strong><em>C\u00e1psulas de Mezcla ORO<br \/>\n<\/em><\/strong> Mezcla de finos Ar\u00e1bica de las tierras altas de \u00c1frica y Brasil, dosificados por expertos con refinados Robustaas de la India. Nace una taza de caf\u00e9 espresso delicada, moderna, intensamente arom\u00e1tica, caracterizada por un regusto persistente dulce y afrutado.<strong><em><br \/>\n<\/em><\/strong><\/p>\n<p><em><strong>C\u00e1psulas Mezcla NEGRO<\/strong><\/em><br \/>\nEs el espresso t\u00edpicamente italiano, obtenido de una mezcla equilibrada de los Robustas africanos m\u00e1s antiguos y buscados con un toque de Ar\u00e1bica brasile\u00f1o cl\u00e1sico. Su inconfundible taza con cuerpo tiene el sabor intenso y decisivo del chocolate negro.<\/p>\n<p><em><strong>C\u00e1psula de Mezcla AZUL CLARO &#8211; Descafeinada <\/strong><\/em><br \/>\nMezcla armoniosa del gran Ar\u00e1bica de Am\u00e9rica Latina con Robusta indio seleccionado. Su taza de caf\u00e9 descafeinado es muy equilibrada, de cuerpo \u00fanico, con sabor a caramelo, frutos secos y pan tostado.<\/p>\n","protected":false},"excerpt":{"rendered":"<p>Qu\u00e9 es la c\u00e1psula de caf\u00e9<br \/>\nPorci\u00f3n de caf\u00e9 tostado y molido, que se dosifica y prensa entre dos capas especiales de papel filtro y se envasa en atm\u00f3sfera protectora; esto garantiza calidad y fragancia a lo largo del tiempo.<\/p>\n","protected":false},"featured_media":8340,"comment_status":"closed","ping_status":"closed","template":"","meta":[],"product_cat":[359,369],"product_tag":[],"class_list":["post-8290","product","type-product","status-publish","has-post-thumbnail","hentry","product_cat-cafe-es","product_cat-capsulas-de-cafe"],"yoast_head":"<!-- This site is optimized with the Yoast SEO plugin v27.4 - https:\/\/yoast.com\/product\/yoast-seo-wordpress\/ -->\n<title>Caja de 100 c\u00e1psulas - Aliments Salento<\/title>\n<meta name=\"robots\" content=\"index, follow, max-snippet:-1, max-image-preview:large, max-video-preview:-1\" \/>\n<link rel=\"canonical\" href=\"https:\/\/alimentsalento.com\/es\/producto\/caja-de-100-capsulas\/\" \/>\n<meta property=\"og:locale\" content=\"es_ES\" \/>\n<meta property=\"og:type\" content=\"article\" \/>\n<meta property=\"og:title\" content=\"Caja de 100 c\u00e1psulas - Aliments Salento\" \/>\n<meta property=\"og:description\" content=\"Qu\u00e9 es la c\u00e1psula de caf\u00e9 Porci\u00f3n de caf\u00e9 tostado y molido, que se dosifica y prensa entre dos capas especiales de papel filtro y se envasa en atm\u00f3sfera protectora; esto garantiza calidad y fragancia a lo largo del tiempo.\" \/>\n<meta property=\"og:url\" content=\"https:\/\/alimentsalento.com\/es\/producto\/caja-de-100-capsulas\/\" \/>\n<meta property=\"og:site_name\" content=\"Aliments Salento\" \/>\n<meta property=\"article:publisher\" content=\"https:\/\/www.facebook.com\/alimentssalento\" \/>\n<meta property=\"article:modified_time\" content=\"2022-04-04T09:53:33+00:00\" \/>\n<meta property=\"og:image\" content=\"https:\/\/alimentsalento.com\/wp-content\/uploads\/2022\/01\/intenso100.jpg\" \/>\n\t<meta property=\"og:image:width\" content=\"920\" \/>\n\t<meta property=\"og:image:height\" content=\"1140\" \/>\n\t<meta property=\"og:image:type\" content=\"image\/jpeg\" \/>\n<meta name=\"twitter:card\" content=\"summary_large_image\" \/>\n<meta name=\"twitter:label1\" content=\"Tiempo de lectura\" \/>\n\t<meta name=\"twitter:data1\" content=\"1 minuto\" \/>\n<script type=\"application\/ld+json\" class=\"yoast-schema-graph\">{\"@context\":\"https:\\\/\\\/schema.org\",\"@graph\":[{\"@type\":\"WebPage\",\"@id\":\"https:\\\/\\\/alimentsalento.com\\\/es\\\/producto\\\/caja-de-100-capsulas\\\/\",\"url\":\"https:\\\/\\\/alimentsalento.com\\\/es\\\/producto\\\/caja-de-100-capsulas\\\/\",\"name\":\"Caja de 100 c\u00e1psulas - Aliments Salento\",\"isPartOf\":{\"@id\":\"https:\\\/\\\/alimentsalento.com\\\/es\\\/#website\"},\"primaryImageOfPage\":{\"@id\":\"https:\\\/\\\/alimentsalento.com\\\/es\\\/producto\\\/caja-de-100-capsulas\\\/#primaryimage\"},\"image\":{\"@id\":\"https:\\\/\\\/alimentsalento.com\\\/es\\\/producto\\\/caja-de-100-capsulas\\\/#primaryimage\"},\"thumbnailUrl\":\"https:\\\/\\\/alimentsalento.com\\\/wp-content\\\/uploads\\\/2022\\\/01\\\/intenso100.jpg\",\"datePublished\":\"2022-01-28T14:46:36+00:00\",\"dateModified\":\"2022-04-04T09:53:33+00:00\",\"breadcrumb\":{\"@id\":\"https:\\\/\\\/alimentsalento.com\\\/es\\\/producto\\\/caja-de-100-capsulas\\\/#breadcrumb\"},\"inLanguage\":\"es\",\"potentialAction\":[{\"@type\":\"ReadAction\",\"target\":[\"https:\\\/\\\/alimentsalento.com\\\/es\\\/producto\\\/caja-de-100-capsulas\\\/\"]}]},{\"@type\":\"ImageObject\",\"inLanguage\":\"es\",\"@id\":\"https:\\\/\\\/alimentsalento.com\\\/es\\\/producto\\\/caja-de-100-capsulas\\\/#primaryimage\",\"url\":\"https:\\\/\\\/alimentsalento.com\\\/wp-content\\\/uploads\\\/2022\\\/01\\\/intenso100.jpg\",\"contentUrl\":\"https:\\\/\\\/alimentsalento.com\\\/wp-content\\\/uploads\\\/2022\\\/01\\\/intenso100.jpg\",\"width\":920,\"height\":1140},{\"@type\":\"BreadcrumbList\",\"@id\":\"https:\\\/\\\/alimentsalento.com\\\/es\\\/producto\\\/caja-de-100-capsulas\\\/#breadcrumb\",\"itemListElement\":[{\"@type\":\"ListItem\",\"position\":1,\"name\":\"Home\",\"item\":\"https:\\\/\\\/alimentsalento.com\\\/es\\\/\"},{\"@type\":\"ListItem\",\"position\":2,\"name\":\"Tienda\",\"item\":\"https:\\\/\\\/alimentsalento.com\\\/es\\\/tienda\\\/\"},{\"@type\":\"ListItem\",\"position\":3,\"name\":\"Caja de 100 c\u00e1psulas\"}]},{\"@type\":\"WebSite\",\"@id\":\"https:\\\/\\\/alimentsalento.com\\\/es\\\/#website\",\"url\":\"https:\\\/\\\/alimentsalento.com\\\/es\\\/\",\"name\":\"Aliments Salento\",\"description\":\"Benvenuti in Salento, terra di sapori e di colori.\",\"publisher\":{\"@id\":\"https:\\\/\\\/alimentsalento.com\\\/es\\\/#organization\"},\"potentialAction\":[{\"@type\":\"SearchAction\",\"target\":{\"@type\":\"EntryPoint\",\"urlTemplate\":\"https:\\\/\\\/alimentsalento.com\\\/es\\\/?s={search_term_string}\"},\"query-input\":{\"@type\":\"PropertyValueSpecification\",\"valueRequired\":true,\"valueName\":\"search_term_string\"}}],\"inLanguage\":\"es\"},{\"@type\":\"Organization\",\"@id\":\"https:\\\/\\\/alimentsalento.com\\\/es\\\/#organization\",\"name\":\"Aliments Salento\",\"url\":\"https:\\\/\\\/alimentsalento.com\\\/es\\\/\",\"logo\":{\"@type\":\"ImageObject\",\"inLanguage\":\"es\",\"@id\":\"https:\\\/\\\/alimentsalento.com\\\/es\\\/#\\\/schema\\\/logo\\\/image\\\/\",\"url\":\"https:\\\/\\\/alimentsalento.com\\\/wp-content\\\/uploads\\\/2021\\\/12\\\/AlimentsalentoSLchef6.png\",\"contentUrl\":\"https:\\\/\\\/alimentsalento.com\\\/wp-content\\\/uploads\\\/2021\\\/12\\\/AlimentsalentoSLchef6.png\",\"width\":542,\"height\":176,\"caption\":\"Aliments Salento\"},\"image\":{\"@id\":\"https:\\\/\\\/alimentsalento.com\\\/es\\\/#\\\/schema\\\/logo\\\/image\\\/\"},\"sameAs\":[\"https:\\\/\\\/www.facebook.com\\\/alimentssalento\",\"https:\\\/\\\/www.instagram.com\\\/aliments_salento\\\/\",\"https:\\\/\\\/www.linkedin.com\\\/company\\\/aliments-salento\"]}]}<\/script>\n<!-- \/ Yoast SEO plugin. -->","yoast_head_json":{"title":"Caja de 100 c\u00e1psulas - Aliments Salento","robots":{"index":"index","follow":"follow","max-snippet":"max-snippet:-1","max-image-preview":"max-image-preview:large","max-video-preview":"max-video-preview:-1"},"canonical":"https:\/\/alimentsalento.com\/es\/producto\/caja-de-100-capsulas\/","og_locale":"es_ES","og_type":"article","og_title":"Caja de 100 c\u00e1psulas - Aliments Salento","og_description":"Qu\u00e9 es la c\u00e1psula de caf\u00e9 Porci\u00f3n de caf\u00e9 tostado y molido, que se dosifica y prensa entre dos capas especiales de papel filtro y se envasa en atm\u00f3sfera protectora; esto garantiza calidad y fragancia a lo largo del tiempo.","og_url":"https:\/\/alimentsalento.com\/es\/producto\/caja-de-100-capsulas\/","og_site_name":"Aliments Salento","article_publisher":"https:\/\/www.facebook.com\/alimentssalento","article_modified_time":"2022-04-04T09:53:33+00:00","og_image":[{"width":920,"height":1140,"url":"https:\/\/alimentsalento.com\/wp-content\/uploads\/2022\/01\/intenso100.jpg","type":"image\/jpeg"}],"twitter_card":"summary_large_image","twitter_misc":{"Tiempo de lectura":"1 minuto"},"schema":{"@context":"https:\/\/schema.org","@graph":[{"@type":"WebPage","@id":"https:\/\/alimentsalento.com\/es\/producto\/caja-de-100-capsulas\/","url":"https:\/\/alimentsalento.com\/es\/producto\/caja-de-100-capsulas\/","name":"Caja de 100 c\u00e1psulas - Aliments Salento","isPartOf":{"@id":"https:\/\/alimentsalento.com\/es\/#website"},"primaryImageOfPage":{"@id":"https:\/\/alimentsalento.com\/es\/producto\/caja-de-100-capsulas\/#primaryimage"},"image":{"@id":"https:\/\/alimentsalento.com\/es\/producto\/caja-de-100-capsulas\/#primaryimage"},"thumbnailUrl":"https:\/\/alimentsalento.com\/wp-content\/uploads\/2022\/01\/intenso100.jpg","datePublished":"2022-01-28T14:46:36+00:00","dateModified":"2022-04-04T09:53:33+00:00","breadcrumb":{"@id":"https:\/\/alimentsalento.com\/es\/producto\/caja-de-100-capsulas\/#breadcrumb"},"inLanguage":"es","potentialAction":[{"@type":"ReadAction","target":["https:\/\/alimentsalento.com\/es\/producto\/caja-de-100-capsulas\/"]}]},{"@type":"ImageObject","inLanguage":"es","@id":"https:\/\/alimentsalento.com\/es\/producto\/caja-de-100-capsulas\/#primaryimage","url":"https:\/\/alimentsalento.com\/wp-content\/uploads\/2022\/01\/intenso100.jpg","contentUrl":"https:\/\/alimentsalento.com\/wp-content\/uploads\/2022\/01\/intenso100.jpg","width":920,"height":1140},{"@type":"BreadcrumbList","@id":"https:\/\/alimentsalento.com\/es\/producto\/caja-de-100-capsulas\/#breadcrumb","itemListElement":[{"@type":"ListItem","position":1,"name":"Home","item":"https:\/\/alimentsalento.com\/es\/"},{"@type":"ListItem","position":2,"name":"Tienda","item":"https:\/\/alimentsalento.com\/es\/tienda\/"},{"@type":"ListItem","position":3,"name":"Caja de 100 c\u00e1psulas"}]},{"@type":"WebSite","@id":"https:\/\/alimentsalento.com\/es\/#website","url":"https:\/\/alimentsalento.com\/es\/","name":"Aliments Salento","description":"Benvenuti in Salento, terra di sapori e di colori.","publisher":{"@id":"https:\/\/alimentsalento.com\/es\/#organization"},"potentialAction":[{"@type":"SearchAction","target":{"@type":"EntryPoint","urlTemplate":"https:\/\/alimentsalento.com\/es\/?s={search_term_string}"},"query-input":{"@type":"PropertyValueSpecification","valueRequired":true,"valueName":"search_term_string"}}],"inLanguage":"es"},{"@type":"Organization","@id":"https:\/\/alimentsalento.com\/es\/#organization","name":"Aliments Salento","url":"https:\/\/alimentsalento.com\/es\/","logo":{"@type":"ImageObject","inLanguage":"es","@id":"https:\/\/alimentsalento.com\/es\/#\/schema\/logo\/image\/","url":"https:\/\/alimentsalento.com\/wp-content\/uploads\/2021\/12\/AlimentsalentoSLchef6.png","contentUrl":"https:\/\/alimentsalento.com\/wp-content\/uploads\/2021\/12\/AlimentsalentoSLchef6.png","width":542,"height":176,"caption":"Aliments Salento"},"image":{"@id":"https:\/\/alimentsalento.com\/es\/#\/schema\/logo\/image\/"},"sameAs":["https:\/\/www.facebook.com\/alimentssalento","https:\/\/www.instagram.com\/aliments_salento\/","https:\/\/www.linkedin.com\/company\/aliments-salento"]}]}},"_links":{"self":[{"href":"https:\/\/alimentsalento.com\/es\/wp-json\/wp\/v2\/product\/8290","targetHints":{"allow":["GET"]}}],"collection":[{"href":"https:\/\/alimentsalento.com\/es\/wp-json\/wp\/v2\/product"}],"about":[{"href":"https:\/\/alimentsalento.com\/es\/wp-json\/wp\/v2\/types\/product"}],"replies":[{"embeddable":true,"href":"https:\/\/alimentsalento.com\/es\/wp-json\/wp\/v2\/comments?post=8290"}],"wp:featuredmedia":[{"embeddable":true,"href":"https:\/\/alimentsalento.com\/es\/wp-json\/wp\/v2\/media\/8340"}],"wp:attachment":[{"href":"https:\/\/alimentsalento.com\/es\/wp-json\/wp\/v2\/media?parent=8290"}],"wp:term":[{"taxonomy":"product_cat","embeddable":true,"href":"https:\/\/alimentsalento.com\/es\/wp-json\/wp\/v2\/product_cat?post=8290"},{"taxonomy":"product_tag","embeddable":true,"href":"https:\/\/alimentsalento.com\/es\/wp-json\/wp\/v2\/product_tag?post=8290"}],"curies":[{"name":"wp","href":"https:\/\/api.w.org\/{rel}","templated":true}]}}