{"id":8181,"date":"2022-01-28T11:35:37","date_gmt":"2022-01-28T12:17:32","guid":{"rendered":"https:\/\/alimentsalento.com\/product\/cafe-aroma-gold-molido\/"},"modified":"2022-01-28T13:17:32","modified_gmt":"2022-01-28T12:17:32","slug":"cafe-aroma-oro-molido","status":"publish","type":"product","link":"https:\/\/alimentsalento.com\/es\/producto\/cafe-aroma-oro-molido\/","title":{"rendered":"Caf\u00e9 Aroma Gold &#8211; molido"},"content":{"rendered":"<p>Mezcla de finos Ar\u00e1bica de las tierras altas de \u00c1frica y Brasil, dosificados por expertos con refinados Robustaas de la India. Nace una taza de caf\u00e9 espresso delicada, moderna, intensamente arom\u00e1tica, caracterizada por un regusto persistente dulce y afrutado.<\/p>\n","protected":false},"excerpt":{"rendered":"<p>Mezcla de caf\u00e9 tostado molido.<\/p>\n","protected":false},"featured_media":8320,"comment_status":"closed","ping_status":"closed","template":"","meta":[],"product_cat":[359,363],"product_tag":[],"class_list":["post-8181","product","type-product","status-publish","has-post-thumbnail","hentry","product_cat-cafe-es","product_cat-cafe-molido"],"yoast_head":"<!-- This site is optimized with the Yoast SEO plugin v27.3 - https:\/\/yoast.com\/product\/yoast-seo-wordpress\/ -->\n<title>Caf\u00e9 Aroma Gold - molido - Aliments Salento<\/title>\n<meta name=\"robots\" content=\"index, follow, max-snippet:-1, max-image-preview:large, max-video-preview:-1\" \/>\n<link rel=\"canonical\" href=\"https:\/\/alimentsalento.com\/es\/producto\/cafe-aroma-oro-molido\/\" \/>\n<meta property=\"og:locale\" content=\"es_ES\" \/>\n<meta property=\"og:type\" content=\"article\" \/>\n<meta property=\"og:title\" content=\"Caf\u00e9 Aroma Gold - molido - Aliments Salento\" \/>\n<meta property=\"og:description\" content=\"Mezcla de caf\u00e9 tostado molido.\" \/>\n<meta property=\"og:url\" content=\"https:\/\/alimentsalento.com\/es\/producto\/cafe-aroma-oro-molido\/\" \/>\n<meta property=\"og:site_name\" content=\"Aliments Salento\" \/>\n<meta property=\"article:publisher\" content=\"https:\/\/www.facebook.com\/alimentssalento\" \/>\n<meta property=\"og:image\" content=\"https:\/\/alimentsalento.com\/wp-content\/uploads\/2022\/01\/gold.jpg\" \/>\n\t<meta property=\"og:image:width\" content=\"920\" \/>\n\t<meta property=\"og:image:height\" content=\"1140\" \/>\n\t<meta property=\"og:image:type\" content=\"image\/jpeg\" \/>\n<meta name=\"twitter:card\" content=\"summary_large_image\" \/>\n<script type=\"application\/ld+json\" class=\"yoast-schema-graph\">{\"@context\":\"https:\\\/\\\/schema.org\",\"@graph\":[{\"@type\":\"WebPage\",\"@id\":\"https:\\\/\\\/alimentsalento.com\\\/es\\\/producto\\\/cafe-aroma-oro-molido\\\/\",\"url\":\"https:\\\/\\\/alimentsalento.com\\\/es\\\/producto\\\/cafe-aroma-oro-molido\\\/\",\"name\":\"Caf\u00e9 Aroma Gold - molido - Aliments Salento\",\"isPartOf\":{\"@id\":\"https:\\\/\\\/alimentsalento.com\\\/es\\\/#website\"},\"primaryImageOfPage\":{\"@id\":\"https:\\\/\\\/alimentsalento.com\\\/es\\\/producto\\\/cafe-aroma-oro-molido\\\/#primaryimage\"},\"image\":{\"@id\":\"https:\\\/\\\/alimentsalento.com\\\/es\\\/producto\\\/cafe-aroma-oro-molido\\\/#primaryimage\"},\"thumbnailUrl\":\"https:\\\/\\\/alimentsalento.com\\\/wp-content\\\/uploads\\\/2022\\\/01\\\/gold.jpg\",\"datePublished\":\"2022-01-28T12:17:32+00:00\",\"breadcrumb\":{\"@id\":\"https:\\\/\\\/alimentsalento.com\\\/es\\\/producto\\\/cafe-aroma-oro-molido\\\/#breadcrumb\"},\"inLanguage\":\"es\",\"potentialAction\":[{\"@type\":\"ReadAction\",\"target\":[\"https:\\\/\\\/alimentsalento.com\\\/es\\\/producto\\\/cafe-aroma-oro-molido\\\/\"]}]},{\"@type\":\"ImageObject\",\"inLanguage\":\"es\",\"@id\":\"https:\\\/\\\/alimentsalento.com\\\/es\\\/producto\\\/cafe-aroma-oro-molido\\\/#primaryimage\",\"url\":\"https:\\\/\\\/alimentsalento.com\\\/wp-content\\\/uploads\\\/2022\\\/01\\\/gold.jpg\",\"contentUrl\":\"https:\\\/\\\/alimentsalento.com\\\/wp-content\\\/uploads\\\/2022\\\/01\\\/gold.jpg\",\"width\":920,\"height\":1140},{\"@type\":\"BreadcrumbList\",\"@id\":\"https:\\\/\\\/alimentsalento.com\\\/es\\\/producto\\\/cafe-aroma-oro-molido\\\/#breadcrumb\",\"itemListElement\":[{\"@type\":\"ListItem\",\"position\":1,\"name\":\"Home\",\"item\":\"https:\\\/\\\/alimentsalento.com\\\/es\\\/\"},{\"@type\":\"ListItem\",\"position\":2,\"name\":\"Tienda\",\"item\":\"https:\\\/\\\/alimentsalento.com\\\/es\\\/tienda\\\/\"},{\"@type\":\"ListItem\",\"position\":3,\"name\":\"Caf\u00e9 Aroma Gold &#8211; molido\"}]},{\"@type\":\"WebSite\",\"@id\":\"https:\\\/\\\/alimentsalento.com\\\/es\\\/#website\",\"url\":\"https:\\\/\\\/alimentsalento.com\\\/es\\\/\",\"name\":\"Aliments Salento\",\"description\":\"Benvenuti in Salento, terra di sapori e di colori.\",\"publisher\":{\"@id\":\"https:\\\/\\\/alimentsalento.com\\\/es\\\/#organization\"},\"potentialAction\":[{\"@type\":\"SearchAction\",\"target\":{\"@type\":\"EntryPoint\",\"urlTemplate\":\"https:\\\/\\\/alimentsalento.com\\\/es\\\/?s={search_term_string}\"},\"query-input\":{\"@type\":\"PropertyValueSpecification\",\"valueRequired\":true,\"valueName\":\"search_term_string\"}}],\"inLanguage\":\"es\"},{\"@type\":\"Organization\",\"@id\":\"https:\\\/\\\/alimentsalento.com\\\/es\\\/#organization\",\"name\":\"Aliments Salento\",\"url\":\"https:\\\/\\\/alimentsalento.com\\\/es\\\/\",\"logo\":{\"@type\":\"ImageObject\",\"inLanguage\":\"es\",\"@id\":\"https:\\\/\\\/alimentsalento.com\\\/es\\\/#\\\/schema\\\/logo\\\/image\\\/\",\"url\":\"https:\\\/\\\/alimentsalento.com\\\/wp-content\\\/uploads\\\/2021\\\/12\\\/AlimentsalentoSLchef6.png\",\"contentUrl\":\"https:\\\/\\\/alimentsalento.com\\\/wp-content\\\/uploads\\\/2021\\\/12\\\/AlimentsalentoSLchef6.png\",\"width\":542,\"height\":176,\"caption\":\"Aliments Salento\"},\"image\":{\"@id\":\"https:\\\/\\\/alimentsalento.com\\\/es\\\/#\\\/schema\\\/logo\\\/image\\\/\"},\"sameAs\":[\"https:\\\/\\\/www.facebook.com\\\/alimentssalento\",\"https:\\\/\\\/www.instagram.com\\\/aliments_salento\\\/\",\"https:\\\/\\\/www.linkedin.com\\\/company\\\/aliments-salento\"]}]}<\/script>\n<!-- \/ Yoast SEO plugin. -->","yoast_head_json":{"title":"Caf\u00e9 Aroma Gold - molido - Aliments Salento","robots":{"index":"index","follow":"follow","max-snippet":"max-snippet:-1","max-image-preview":"max-image-preview:large","max-video-preview":"max-video-preview:-1"},"canonical":"https:\/\/alimentsalento.com\/es\/producto\/cafe-aroma-oro-molido\/","og_locale":"es_ES","og_type":"article","og_title":"Caf\u00e9 Aroma Gold - molido - Aliments Salento","og_description":"Mezcla de caf\u00e9 tostado molido.","og_url":"https:\/\/alimentsalento.com\/es\/producto\/cafe-aroma-oro-molido\/","og_site_name":"Aliments Salento","article_publisher":"https:\/\/www.facebook.com\/alimentssalento","og_image":[{"width":920,"height":1140,"url":"https:\/\/alimentsalento.com\/wp-content\/uploads\/2022\/01\/gold.jpg","type":"image\/jpeg"}],"twitter_card":"summary_large_image","schema":{"@context":"https:\/\/schema.org","@graph":[{"@type":"WebPage","@id":"https:\/\/alimentsalento.com\/es\/producto\/cafe-aroma-oro-molido\/","url":"https:\/\/alimentsalento.com\/es\/producto\/cafe-aroma-oro-molido\/","name":"Caf\u00e9 Aroma Gold - molido - Aliments Salento","isPartOf":{"@id":"https:\/\/alimentsalento.com\/es\/#website"},"primaryImageOfPage":{"@id":"https:\/\/alimentsalento.com\/es\/producto\/cafe-aroma-oro-molido\/#primaryimage"},"image":{"@id":"https:\/\/alimentsalento.com\/es\/producto\/cafe-aroma-oro-molido\/#primaryimage"},"thumbnailUrl":"https:\/\/alimentsalento.com\/wp-content\/uploads\/2022\/01\/gold.jpg","datePublished":"2022-01-28T12:17:32+00:00","breadcrumb":{"@id":"https:\/\/alimentsalento.com\/es\/producto\/cafe-aroma-oro-molido\/#breadcrumb"},"inLanguage":"es","potentialAction":[{"@type":"ReadAction","target":["https:\/\/alimentsalento.com\/es\/producto\/cafe-aroma-oro-molido\/"]}]},{"@type":"ImageObject","inLanguage":"es","@id":"https:\/\/alimentsalento.com\/es\/producto\/cafe-aroma-oro-molido\/#primaryimage","url":"https:\/\/alimentsalento.com\/wp-content\/uploads\/2022\/01\/gold.jpg","contentUrl":"https:\/\/alimentsalento.com\/wp-content\/uploads\/2022\/01\/gold.jpg","width":920,"height":1140},{"@type":"BreadcrumbList","@id":"https:\/\/alimentsalento.com\/es\/producto\/cafe-aroma-oro-molido\/#breadcrumb","itemListElement":[{"@type":"ListItem","position":1,"name":"Home","item":"https:\/\/alimentsalento.com\/es\/"},{"@type":"ListItem","position":2,"name":"Tienda","item":"https:\/\/alimentsalento.com\/es\/tienda\/"},{"@type":"ListItem","position":3,"name":"Caf\u00e9 Aroma Gold &#8211; molido"}]},{"@type":"WebSite","@id":"https:\/\/alimentsalento.com\/es\/#website","url":"https:\/\/alimentsalento.com\/es\/","name":"Aliments Salento","description":"Benvenuti in Salento, terra di sapori e di colori.","publisher":{"@id":"https:\/\/alimentsalento.com\/es\/#organization"},"potentialAction":[{"@type":"SearchAction","target":{"@type":"EntryPoint","urlTemplate":"https:\/\/alimentsalento.com\/es\/?s={search_term_string}"},"query-input":{"@type":"PropertyValueSpecification","valueRequired":true,"valueName":"search_term_string"}}],"inLanguage":"es"},{"@type":"Organization","@id":"https:\/\/alimentsalento.com\/es\/#organization","name":"Aliments Salento","url":"https:\/\/alimentsalento.com\/es\/","logo":{"@type":"ImageObject","inLanguage":"es","@id":"https:\/\/alimentsalento.com\/es\/#\/schema\/logo\/image\/","url":"https:\/\/alimentsalento.com\/wp-content\/uploads\/2021\/12\/AlimentsalentoSLchef6.png","contentUrl":"https:\/\/alimentsalento.com\/wp-content\/uploads\/2021\/12\/AlimentsalentoSLchef6.png","width":542,"height":176,"caption":"Aliments Salento"},"image":{"@id":"https:\/\/alimentsalento.com\/es\/#\/schema\/logo\/image\/"},"sameAs":["https:\/\/www.facebook.com\/alimentssalento","https:\/\/www.instagram.com\/aliments_salento\/","https:\/\/www.linkedin.com\/company\/aliments-salento"]}]}},"_links":{"self":[{"href":"https:\/\/alimentsalento.com\/es\/wp-json\/wp\/v2\/product\/8181","targetHints":{"allow":["GET"]}}],"collection":[{"href":"https:\/\/alimentsalento.com\/es\/wp-json\/wp\/v2\/product"}],"about":[{"href":"https:\/\/alimentsalento.com\/es\/wp-json\/wp\/v2\/types\/product"}],"replies":[{"embeddable":true,"href":"https:\/\/alimentsalento.com\/es\/wp-json\/wp\/v2\/comments?post=8181"}],"wp:featuredmedia":[{"embeddable":true,"href":"https:\/\/alimentsalento.com\/es\/wp-json\/wp\/v2\/media\/8320"}],"wp:attachment":[{"href":"https:\/\/alimentsalento.com\/es\/wp-json\/wp\/v2\/media?parent=8181"}],"wp:term":[{"taxonomy":"product_cat","embeddable":true,"href":"https:\/\/alimentsalento.com\/es\/wp-json\/wp\/v2\/product_cat?post=8181"},{"taxonomy":"product_tag","embeddable":true,"href":"https:\/\/alimentsalento.com\/es\/wp-json\/wp\/v2\/product_tag?post=8181"}],"curies":[{"name":"wp","href":"https:\/\/api.w.org\/{rel}","templated":true}]}}