{"id":8156,"date":"2022-01-28T11:48:16","date_gmt":"2022-01-28T12:04:35","guid":{"rendered":"https:\/\/alimentsalento.com\/product\/maquina-de-capsulas-de-espresso-ciao\/"},"modified":"2022-04-04T11:28:10","modified_gmt":"2022-04-04T09:28:10","slug":"ciao-red-pod-cafetera-espresso","status":"publish","type":"product","link":"https:\/\/alimentsalento.com\/es\/producto\/ciao-red-pod-cafetera-espresso\/","title":{"rendered":"M\u00e1quina de c\u00e1psulas de espresso &#8220;Ciao&#8221;"},"content":{"rendered":"<p>La potencia reducida permite un ahorro significativo en el consumo el\u00e9ctrico.<br \/>\nEl nuevo sistema hidr\u00e1ulico autolimpiante patentado elimina los problemas asociados a la formaci\u00f3n de dep\u00f3sitos calc\u00e1reos en el grupo de caf\u00e9.<br \/>\nEl sistema de cierre de campana central garantiza una gran estabilidad y permite un \u00f3ptimo cierre del grupo y por tanto una mejor infusi\u00f3n del caf\u00e9.<\/p>\n","protected":false},"excerpt":{"rendered":"<p>El dise\u00f1o innovador, las formas atractivas y compactas hacen de &#8220;Ciao&#8221; la m\u00e1quina de caf\u00e9 espresso ideal para la oficina y el hogar.<\/p>\n","protected":false},"featured_media":8355,"comment_status":"closed","ping_status":"closed","template":"","meta":[],"product_cat":[359,360],"product_tag":[],"class_list":["post-8156","product","type-product","status-publish","has-post-thumbnail","hentry","product_cat-cafe-es","product_cat-maquinas-de-cafe"],"yoast_head":"<!-- This site is optimized with the Yoast SEO plugin v27.4 - https:\/\/yoast.com\/product\/yoast-seo-wordpress\/ -->\n<title>M\u00e1quina de c\u00e1psulas de espresso &quot;Ciao&quot; - Aliments Salento<\/title>\n<meta name=\"robots\" content=\"index, follow, max-snippet:-1, max-image-preview:large, max-video-preview:-1\" \/>\n<link rel=\"canonical\" href=\"https:\/\/alimentsalento.com\/es\/producto\/ciao-red-pod-cafetera-espresso\/\" \/>\n<meta property=\"og:locale\" content=\"es_ES\" \/>\n<meta property=\"og:type\" content=\"article\" \/>\n<meta property=\"og:title\" content=\"M\u00e1quina de c\u00e1psulas de espresso &quot;Ciao&quot; - Aliments Salento\" \/>\n<meta property=\"og:description\" content=\"El dise\u00f1o innovador, las formas atractivas y compactas hacen de &quot;Ciao&quot; la m\u00e1quina de caf\u00e9 espresso ideal para la oficina y el hogar.\" \/>\n<meta property=\"og:url\" content=\"https:\/\/alimentsalento.com\/es\/producto\/ciao-red-pod-cafetera-espresso\/\" \/>\n<meta property=\"og:site_name\" content=\"Aliments Salento\" \/>\n<meta property=\"article:publisher\" content=\"https:\/\/www.facebook.com\/alimentssalento\" \/>\n<meta property=\"article:modified_time\" content=\"2022-04-04T09:28:10+00:00\" \/>\n<meta property=\"og:image\" content=\"https:\/\/alimentsalento.com\/wp-content\/uploads\/2022\/01\/ciao_pod_rossa-1.jpg\" \/>\n\t<meta property=\"og:image:width\" content=\"920\" \/>\n\t<meta property=\"og:image:height\" content=\"1140\" \/>\n\t<meta property=\"og:image:type\" content=\"image\/jpeg\" \/>\n<meta name=\"twitter:card\" content=\"summary_large_image\" \/>\n<script type=\"application\/ld+json\" class=\"yoast-schema-graph\">{\"@context\":\"https:\\\/\\\/schema.org\",\"@graph\":[{\"@type\":\"WebPage\",\"@id\":\"https:\\\/\\\/alimentsalento.com\\\/es\\\/producto\\\/ciao-red-pod-cafetera-espresso\\\/\",\"url\":\"https:\\\/\\\/alimentsalento.com\\\/es\\\/producto\\\/ciao-red-pod-cafetera-espresso\\\/\",\"name\":\"M\u00e1quina de c\u00e1psulas de espresso \\\"Ciao\\\" - Aliments Salento\",\"isPartOf\":{\"@id\":\"https:\\\/\\\/alimentsalento.com\\\/es\\\/#website\"},\"primaryImageOfPage\":{\"@id\":\"https:\\\/\\\/alimentsalento.com\\\/es\\\/producto\\\/ciao-red-pod-cafetera-espresso\\\/#primaryimage\"},\"image\":{\"@id\":\"https:\\\/\\\/alimentsalento.com\\\/es\\\/producto\\\/ciao-red-pod-cafetera-espresso\\\/#primaryimage\"},\"thumbnailUrl\":\"https:\\\/\\\/alimentsalento.com\\\/wp-content\\\/uploads\\\/2022\\\/01\\\/ciao_pod_rossa-1.jpg\",\"datePublished\":\"2022-01-28T12:04:35+00:00\",\"dateModified\":\"2022-04-04T09:28:10+00:00\",\"breadcrumb\":{\"@id\":\"https:\\\/\\\/alimentsalento.com\\\/es\\\/producto\\\/ciao-red-pod-cafetera-espresso\\\/#breadcrumb\"},\"inLanguage\":\"es\",\"potentialAction\":[{\"@type\":\"ReadAction\",\"target\":[\"https:\\\/\\\/alimentsalento.com\\\/es\\\/producto\\\/ciao-red-pod-cafetera-espresso\\\/\"]}]},{\"@type\":\"ImageObject\",\"inLanguage\":\"es\",\"@id\":\"https:\\\/\\\/alimentsalento.com\\\/es\\\/producto\\\/ciao-red-pod-cafetera-espresso\\\/#primaryimage\",\"url\":\"https:\\\/\\\/alimentsalento.com\\\/wp-content\\\/uploads\\\/2022\\\/01\\\/ciao_pod_rossa-1.jpg\",\"contentUrl\":\"https:\\\/\\\/alimentsalento.com\\\/wp-content\\\/uploads\\\/2022\\\/01\\\/ciao_pod_rossa-1.jpg\",\"width\":920,\"height\":1140},{\"@type\":\"BreadcrumbList\",\"@id\":\"https:\\\/\\\/alimentsalento.com\\\/es\\\/producto\\\/ciao-red-pod-cafetera-espresso\\\/#breadcrumb\",\"itemListElement\":[{\"@type\":\"ListItem\",\"position\":1,\"name\":\"Home\",\"item\":\"https:\\\/\\\/alimentsalento.com\\\/es\\\/\"},{\"@type\":\"ListItem\",\"position\":2,\"name\":\"Tienda\",\"item\":\"https:\\\/\\\/alimentsalento.com\\\/es\\\/tienda\\\/\"},{\"@type\":\"ListItem\",\"position\":3,\"name\":\"M\u00e1quina de c\u00e1psulas de espresso &#8220;Ciao&#8221;\"}]},{\"@type\":\"WebSite\",\"@id\":\"https:\\\/\\\/alimentsalento.com\\\/es\\\/#website\",\"url\":\"https:\\\/\\\/alimentsalento.com\\\/es\\\/\",\"name\":\"Aliments Salento\",\"description\":\"Benvenuti in Salento, terra di sapori e di colori.\",\"publisher\":{\"@id\":\"https:\\\/\\\/alimentsalento.com\\\/es\\\/#organization\"},\"potentialAction\":[{\"@type\":\"SearchAction\",\"target\":{\"@type\":\"EntryPoint\",\"urlTemplate\":\"https:\\\/\\\/alimentsalento.com\\\/es\\\/?s={search_term_string}\"},\"query-input\":{\"@type\":\"PropertyValueSpecification\",\"valueRequired\":true,\"valueName\":\"search_term_string\"}}],\"inLanguage\":\"es\"},{\"@type\":\"Organization\",\"@id\":\"https:\\\/\\\/alimentsalento.com\\\/es\\\/#organization\",\"name\":\"Aliments Salento\",\"url\":\"https:\\\/\\\/alimentsalento.com\\\/es\\\/\",\"logo\":{\"@type\":\"ImageObject\",\"inLanguage\":\"es\",\"@id\":\"https:\\\/\\\/alimentsalento.com\\\/es\\\/#\\\/schema\\\/logo\\\/image\\\/\",\"url\":\"https:\\\/\\\/alimentsalento.com\\\/wp-content\\\/uploads\\\/2021\\\/12\\\/AlimentsalentoSLchef6.png\",\"contentUrl\":\"https:\\\/\\\/alimentsalento.com\\\/wp-content\\\/uploads\\\/2021\\\/12\\\/AlimentsalentoSLchef6.png\",\"width\":542,\"height\":176,\"caption\":\"Aliments Salento\"},\"image\":{\"@id\":\"https:\\\/\\\/alimentsalento.com\\\/es\\\/#\\\/schema\\\/logo\\\/image\\\/\"},\"sameAs\":[\"https:\\\/\\\/www.facebook.com\\\/alimentssalento\",\"https:\\\/\\\/www.instagram.com\\\/aliments_salento\\\/\",\"https:\\\/\\\/www.linkedin.com\\\/company\\\/aliments-salento\"]}]}<\/script>\n<!-- \/ Yoast SEO plugin. -->","yoast_head_json":{"title":"M\u00e1quina de c\u00e1psulas de espresso \"Ciao\" - Aliments Salento","robots":{"index":"index","follow":"follow","max-snippet":"max-snippet:-1","max-image-preview":"max-image-preview:large","max-video-preview":"max-video-preview:-1"},"canonical":"https:\/\/alimentsalento.com\/es\/producto\/ciao-red-pod-cafetera-espresso\/","og_locale":"es_ES","og_type":"article","og_title":"M\u00e1quina de c\u00e1psulas de espresso \"Ciao\" - Aliments Salento","og_description":"El dise\u00f1o innovador, las formas atractivas y compactas hacen de \"Ciao\" la m\u00e1quina de caf\u00e9 espresso ideal para la oficina y el hogar.","og_url":"https:\/\/alimentsalento.com\/es\/producto\/ciao-red-pod-cafetera-espresso\/","og_site_name":"Aliments Salento","article_publisher":"https:\/\/www.facebook.com\/alimentssalento","article_modified_time":"2022-04-04T09:28:10+00:00","og_image":[{"width":920,"height":1140,"url":"https:\/\/alimentsalento.com\/wp-content\/uploads\/2022\/01\/ciao_pod_rossa-1.jpg","type":"image\/jpeg"}],"twitter_card":"summary_large_image","schema":{"@context":"https:\/\/schema.org","@graph":[{"@type":"WebPage","@id":"https:\/\/alimentsalento.com\/es\/producto\/ciao-red-pod-cafetera-espresso\/","url":"https:\/\/alimentsalento.com\/es\/producto\/ciao-red-pod-cafetera-espresso\/","name":"M\u00e1quina de c\u00e1psulas de espresso \"Ciao\" - Aliments Salento","isPartOf":{"@id":"https:\/\/alimentsalento.com\/es\/#website"},"primaryImageOfPage":{"@id":"https:\/\/alimentsalento.com\/es\/producto\/ciao-red-pod-cafetera-espresso\/#primaryimage"},"image":{"@id":"https:\/\/alimentsalento.com\/es\/producto\/ciao-red-pod-cafetera-espresso\/#primaryimage"},"thumbnailUrl":"https:\/\/alimentsalento.com\/wp-content\/uploads\/2022\/01\/ciao_pod_rossa-1.jpg","datePublished":"2022-01-28T12:04:35+00:00","dateModified":"2022-04-04T09:28:10+00:00","breadcrumb":{"@id":"https:\/\/alimentsalento.com\/es\/producto\/ciao-red-pod-cafetera-espresso\/#breadcrumb"},"inLanguage":"es","potentialAction":[{"@type":"ReadAction","target":["https:\/\/alimentsalento.com\/es\/producto\/ciao-red-pod-cafetera-espresso\/"]}]},{"@type":"ImageObject","inLanguage":"es","@id":"https:\/\/alimentsalento.com\/es\/producto\/ciao-red-pod-cafetera-espresso\/#primaryimage","url":"https:\/\/alimentsalento.com\/wp-content\/uploads\/2022\/01\/ciao_pod_rossa-1.jpg","contentUrl":"https:\/\/alimentsalento.com\/wp-content\/uploads\/2022\/01\/ciao_pod_rossa-1.jpg","width":920,"height":1140},{"@type":"BreadcrumbList","@id":"https:\/\/alimentsalento.com\/es\/producto\/ciao-red-pod-cafetera-espresso\/#breadcrumb","itemListElement":[{"@type":"ListItem","position":1,"name":"Home","item":"https:\/\/alimentsalento.com\/es\/"},{"@type":"ListItem","position":2,"name":"Tienda","item":"https:\/\/alimentsalento.com\/es\/tienda\/"},{"@type":"ListItem","position":3,"name":"M\u00e1quina de c\u00e1psulas de espresso &#8220;Ciao&#8221;"}]},{"@type":"WebSite","@id":"https:\/\/alimentsalento.com\/es\/#website","url":"https:\/\/alimentsalento.com\/es\/","name":"Aliments Salento","description":"Benvenuti in Salento, terra di sapori e di colori.","publisher":{"@id":"https:\/\/alimentsalento.com\/es\/#organization"},"potentialAction":[{"@type":"SearchAction","target":{"@type":"EntryPoint","urlTemplate":"https:\/\/alimentsalento.com\/es\/?s={search_term_string}"},"query-input":{"@type":"PropertyValueSpecification","valueRequired":true,"valueName":"search_term_string"}}],"inLanguage":"es"},{"@type":"Organization","@id":"https:\/\/alimentsalento.com\/es\/#organization","name":"Aliments Salento","url":"https:\/\/alimentsalento.com\/es\/","logo":{"@type":"ImageObject","inLanguage":"es","@id":"https:\/\/alimentsalento.com\/es\/#\/schema\/logo\/image\/","url":"https:\/\/alimentsalento.com\/wp-content\/uploads\/2021\/12\/AlimentsalentoSLchef6.png","contentUrl":"https:\/\/alimentsalento.com\/wp-content\/uploads\/2021\/12\/AlimentsalentoSLchef6.png","width":542,"height":176,"caption":"Aliments Salento"},"image":{"@id":"https:\/\/alimentsalento.com\/es\/#\/schema\/logo\/image\/"},"sameAs":["https:\/\/www.facebook.com\/alimentssalento","https:\/\/www.instagram.com\/aliments_salento\/","https:\/\/www.linkedin.com\/company\/aliments-salento"]}]}},"_links":{"self":[{"href":"https:\/\/alimentsalento.com\/es\/wp-json\/wp\/v2\/product\/8156","targetHints":{"allow":["GET"]}}],"collection":[{"href":"https:\/\/alimentsalento.com\/es\/wp-json\/wp\/v2\/product"}],"about":[{"href":"https:\/\/alimentsalento.com\/es\/wp-json\/wp\/v2\/types\/product"}],"replies":[{"embeddable":true,"href":"https:\/\/alimentsalento.com\/es\/wp-json\/wp\/v2\/comments?post=8156"}],"wp:featuredmedia":[{"embeddable":true,"href":"https:\/\/alimentsalento.com\/es\/wp-json\/wp\/v2\/media\/8355"}],"wp:attachment":[{"href":"https:\/\/alimentsalento.com\/es\/wp-json\/wp\/v2\/media?parent=8156"}],"wp:term":[{"taxonomy":"product_cat","embeddable":true,"href":"https:\/\/alimentsalento.com\/es\/wp-json\/wp\/v2\/product_cat?post=8156"},{"taxonomy":"product_tag","embeddable":true,"href":"https:\/\/alimentsalento.com\/es\/wp-json\/wp\/v2\/product_tag?post=8156"}],"curies":[{"name":"wp","href":"https:\/\/api.w.org\/{rel}","templated":true}]}}