{"id":7575,"date":"2022-01-15T12:32:51","date_gmt":"2022-01-19T07:54:35","guid":{"rendered":"https:\/\/alimentsalento.com\/product\/paquete-de-6-botellas-de-aceite\/"},"modified":"2023-05-08T12:20:39","modified_gmt":"2023-05-08T10:20:39","slug":"confezione-olio-6-esp345","status":"publish","type":"product","link":"https:\/\/alimentsalento.com\/es\/producto\/confezione-olio-6-esp345\/","title":{"rendered":"Paquete de 6 botellas de aceite"},"content":{"rendered":"","protected":false},"excerpt":{"rendered":"<p>Puedes componer tu propio paquete eligiendo las botellas de aceite que m\u00e1s te gusten por capacidad y variedad entre las incluidas en la categor\u00eda ACEITE.<br \/>\nEl coste total del paquete se calcular\u00e1 sobre la base del precio de cada botella individual seleccionada.<\/p>\n<h5><strong><a href=\"https:\/\/alimentsalento.com\/es\/categoria-producto\/aceite-biologico\/\">HAZ CLIC AQU\u00cd PARA ELEGIR TUS BOTELLAS<\/a><\/strong><\/h5>\n","protected":false},"featured_media":7174,"comment_status":"open","ping_status":"closed","template":"","meta":[],"product_cat":[308],"product_tag":[],"class_list":["post-7575","product","type-product","status-publish","has-post-thumbnail","hentry","product_cat-paquete-de-aceite-biologico"],"yoast_head":"<!-- This site is optimized with the Yoast SEO plugin v27.3 - https:\/\/yoast.com\/product\/yoast-seo-wordpress\/ -->\n<title>Paquete de 6 botellas de aceite - Aliments Salento<\/title>\n<meta name=\"robots\" content=\"index, follow, max-snippet:-1, max-image-preview:large, max-video-preview:-1\" \/>\n<link rel=\"canonical\" href=\"https:\/\/alimentsalento.com\/es\/producto\/confezione-olio-6-esp345\/\" \/>\n<meta property=\"og:locale\" content=\"es_ES\" \/>\n<meta property=\"og:type\" content=\"article\" \/>\n<meta property=\"og:title\" content=\"Paquete de 6 botellas de aceite - Aliments Salento\" \/>\n<meta property=\"og:description\" content=\"Puedes componer tu propio paquete eligiendo las botellas de aceite que m\u00e1s te gusten por capacidad y variedad entre las incluidas en la categor\u00eda ACEITE. El coste total del paquete se calcular\u00e1 sobre la base del precio de cada botella individual seleccionada. HAZ CLIC AQU\u00cd PARA ELEGIR TUS BOTELLAS\" \/>\n<meta property=\"og:url\" content=\"https:\/\/alimentsalento.com\/es\/producto\/confezione-olio-6-esp345\/\" \/>\n<meta property=\"og:site_name\" content=\"Aliments Salento\" \/>\n<meta property=\"article:publisher\" content=\"https:\/\/www.facebook.com\/alimentssalento\" \/>\n<meta property=\"article:modified_time\" content=\"2023-05-08T10:20:39+00:00\" \/>\n<meta property=\"og:image\" content=\"https:\/\/alimentsalento.com\/wp-content\/uploads\/2022\/01\/Coffret-Olio-6.jpg\" \/>\n\t<meta property=\"og:image:width\" content=\"920\" \/>\n\t<meta property=\"og:image:height\" content=\"1140\" \/>\n\t<meta property=\"og:image:type\" content=\"image\/jpeg\" \/>\n<meta name=\"twitter:card\" content=\"summary_large_image\" \/>\n<script type=\"application\/ld+json\" class=\"yoast-schema-graph\">{\"@context\":\"https:\\\/\\\/schema.org\",\"@graph\":[{\"@type\":\"WebPage\",\"@id\":\"https:\\\/\\\/alimentsalento.com\\\/es\\\/producto\\\/confezione-olio-6-esp345\\\/\",\"url\":\"https:\\\/\\\/alimentsalento.com\\\/es\\\/producto\\\/confezione-olio-6-esp345\\\/\",\"name\":\"Paquete de 6 botellas de aceite - Aliments Salento\",\"isPartOf\":{\"@id\":\"https:\\\/\\\/alimentsalento.com\\\/es\\\/#website\"},\"primaryImageOfPage\":{\"@id\":\"https:\\\/\\\/alimentsalento.com\\\/es\\\/producto\\\/confezione-olio-6-esp345\\\/#primaryimage\"},\"image\":{\"@id\":\"https:\\\/\\\/alimentsalento.com\\\/es\\\/producto\\\/confezione-olio-6-esp345\\\/#primaryimage\"},\"thumbnailUrl\":\"https:\\\/\\\/alimentsalento.com\\\/wp-content\\\/uploads\\\/2022\\\/01\\\/Coffret-Olio-6.jpg\",\"datePublished\":\"2022-01-19T07:54:35+00:00\",\"dateModified\":\"2023-05-08T10:20:39+00:00\",\"breadcrumb\":{\"@id\":\"https:\\\/\\\/alimentsalento.com\\\/es\\\/producto\\\/confezione-olio-6-esp345\\\/#breadcrumb\"},\"inLanguage\":\"es\",\"potentialAction\":[{\"@type\":\"ReadAction\",\"target\":[\"https:\\\/\\\/alimentsalento.com\\\/es\\\/producto\\\/confezione-olio-6-esp345\\\/\"]}]},{\"@type\":\"ImageObject\",\"inLanguage\":\"es\",\"@id\":\"https:\\\/\\\/alimentsalento.com\\\/es\\\/producto\\\/confezione-olio-6-esp345\\\/#primaryimage\",\"url\":\"https:\\\/\\\/alimentsalento.com\\\/wp-content\\\/uploads\\\/2022\\\/01\\\/Coffret-Olio-6.jpg\",\"contentUrl\":\"https:\\\/\\\/alimentsalento.com\\\/wp-content\\\/uploads\\\/2022\\\/01\\\/Coffret-Olio-6.jpg\",\"width\":920,\"height\":1140},{\"@type\":\"BreadcrumbList\",\"@id\":\"https:\\\/\\\/alimentsalento.com\\\/es\\\/producto\\\/confezione-olio-6-esp345\\\/#breadcrumb\",\"itemListElement\":[{\"@type\":\"ListItem\",\"position\":1,\"name\":\"Home\",\"item\":\"https:\\\/\\\/alimentsalento.com\\\/es\\\/\"},{\"@type\":\"ListItem\",\"position\":2,\"name\":\"Tienda\",\"item\":\"https:\\\/\\\/alimentsalento.com\\\/es\\\/tienda\\\/\"},{\"@type\":\"ListItem\",\"position\":3,\"name\":\"Paquete de 6 botellas de aceite\"}]},{\"@type\":\"WebSite\",\"@id\":\"https:\\\/\\\/alimentsalento.com\\\/es\\\/#website\",\"url\":\"https:\\\/\\\/alimentsalento.com\\\/es\\\/\",\"name\":\"Aliments Salento\",\"description\":\"Benvenuti in Salento, terra di sapori e di colori.\",\"publisher\":{\"@id\":\"https:\\\/\\\/alimentsalento.com\\\/es\\\/#organization\"},\"potentialAction\":[{\"@type\":\"SearchAction\",\"target\":{\"@type\":\"EntryPoint\",\"urlTemplate\":\"https:\\\/\\\/alimentsalento.com\\\/es\\\/?s={search_term_string}\"},\"query-input\":{\"@type\":\"PropertyValueSpecification\",\"valueRequired\":true,\"valueName\":\"search_term_string\"}}],\"inLanguage\":\"es\"},{\"@type\":\"Organization\",\"@id\":\"https:\\\/\\\/alimentsalento.com\\\/es\\\/#organization\",\"name\":\"Aliments Salento\",\"url\":\"https:\\\/\\\/alimentsalento.com\\\/es\\\/\",\"logo\":{\"@type\":\"ImageObject\",\"inLanguage\":\"es\",\"@id\":\"https:\\\/\\\/alimentsalento.com\\\/es\\\/#\\\/schema\\\/logo\\\/image\\\/\",\"url\":\"https:\\\/\\\/alimentsalento.com\\\/wp-content\\\/uploads\\\/2021\\\/12\\\/AlimentsalentoSLchef6.png\",\"contentUrl\":\"https:\\\/\\\/alimentsalento.com\\\/wp-content\\\/uploads\\\/2021\\\/12\\\/AlimentsalentoSLchef6.png\",\"width\":542,\"height\":176,\"caption\":\"Aliments Salento\"},\"image\":{\"@id\":\"https:\\\/\\\/alimentsalento.com\\\/es\\\/#\\\/schema\\\/logo\\\/image\\\/\"},\"sameAs\":[\"https:\\\/\\\/www.facebook.com\\\/alimentssalento\",\"https:\\\/\\\/www.instagram.com\\\/aliments_salento\\\/\",\"https:\\\/\\\/www.linkedin.com\\\/company\\\/aliments-salento\"]}]}<\/script>\n<!-- \/ Yoast SEO plugin. -->","yoast_head_json":{"title":"Paquete de 6 botellas de aceite - Aliments Salento","robots":{"index":"index","follow":"follow","max-snippet":"max-snippet:-1","max-image-preview":"max-image-preview:large","max-video-preview":"max-video-preview:-1"},"canonical":"https:\/\/alimentsalento.com\/es\/producto\/confezione-olio-6-esp345\/","og_locale":"es_ES","og_type":"article","og_title":"Paquete de 6 botellas de aceite - Aliments Salento","og_description":"Puedes componer tu propio paquete eligiendo las botellas de aceite que m\u00e1s te gusten por capacidad y variedad entre las incluidas en la categor\u00eda ACEITE. El coste total del paquete se calcular\u00e1 sobre la base del precio de cada botella individual seleccionada. HAZ CLIC AQU\u00cd PARA ELEGIR TUS BOTELLAS","og_url":"https:\/\/alimentsalento.com\/es\/producto\/confezione-olio-6-esp345\/","og_site_name":"Aliments Salento","article_publisher":"https:\/\/www.facebook.com\/alimentssalento","article_modified_time":"2023-05-08T10:20:39+00:00","og_image":[{"width":920,"height":1140,"url":"https:\/\/alimentsalento.com\/wp-content\/uploads\/2022\/01\/Coffret-Olio-6.jpg","type":"image\/jpeg"}],"twitter_card":"summary_large_image","schema":{"@context":"https:\/\/schema.org","@graph":[{"@type":"WebPage","@id":"https:\/\/alimentsalento.com\/es\/producto\/confezione-olio-6-esp345\/","url":"https:\/\/alimentsalento.com\/es\/producto\/confezione-olio-6-esp345\/","name":"Paquete de 6 botellas de aceite - Aliments Salento","isPartOf":{"@id":"https:\/\/alimentsalento.com\/es\/#website"},"primaryImageOfPage":{"@id":"https:\/\/alimentsalento.com\/es\/producto\/confezione-olio-6-esp345\/#primaryimage"},"image":{"@id":"https:\/\/alimentsalento.com\/es\/producto\/confezione-olio-6-esp345\/#primaryimage"},"thumbnailUrl":"https:\/\/alimentsalento.com\/wp-content\/uploads\/2022\/01\/Coffret-Olio-6.jpg","datePublished":"2022-01-19T07:54:35+00:00","dateModified":"2023-05-08T10:20:39+00:00","breadcrumb":{"@id":"https:\/\/alimentsalento.com\/es\/producto\/confezione-olio-6-esp345\/#breadcrumb"},"inLanguage":"es","potentialAction":[{"@type":"ReadAction","target":["https:\/\/alimentsalento.com\/es\/producto\/confezione-olio-6-esp345\/"]}]},{"@type":"ImageObject","inLanguage":"es","@id":"https:\/\/alimentsalento.com\/es\/producto\/confezione-olio-6-esp345\/#primaryimage","url":"https:\/\/alimentsalento.com\/wp-content\/uploads\/2022\/01\/Coffret-Olio-6.jpg","contentUrl":"https:\/\/alimentsalento.com\/wp-content\/uploads\/2022\/01\/Coffret-Olio-6.jpg","width":920,"height":1140},{"@type":"BreadcrumbList","@id":"https:\/\/alimentsalento.com\/es\/producto\/confezione-olio-6-esp345\/#breadcrumb","itemListElement":[{"@type":"ListItem","position":1,"name":"Home","item":"https:\/\/alimentsalento.com\/es\/"},{"@type":"ListItem","position":2,"name":"Tienda","item":"https:\/\/alimentsalento.com\/es\/tienda\/"},{"@type":"ListItem","position":3,"name":"Paquete de 6 botellas de aceite"}]},{"@type":"WebSite","@id":"https:\/\/alimentsalento.com\/es\/#website","url":"https:\/\/alimentsalento.com\/es\/","name":"Aliments Salento","description":"Benvenuti in Salento, terra di sapori e di colori.","publisher":{"@id":"https:\/\/alimentsalento.com\/es\/#organization"},"potentialAction":[{"@type":"SearchAction","target":{"@type":"EntryPoint","urlTemplate":"https:\/\/alimentsalento.com\/es\/?s={search_term_string}"},"query-input":{"@type":"PropertyValueSpecification","valueRequired":true,"valueName":"search_term_string"}}],"inLanguage":"es"},{"@type":"Organization","@id":"https:\/\/alimentsalento.com\/es\/#organization","name":"Aliments Salento","url":"https:\/\/alimentsalento.com\/es\/","logo":{"@type":"ImageObject","inLanguage":"es","@id":"https:\/\/alimentsalento.com\/es\/#\/schema\/logo\/image\/","url":"https:\/\/alimentsalento.com\/wp-content\/uploads\/2021\/12\/AlimentsalentoSLchef6.png","contentUrl":"https:\/\/alimentsalento.com\/wp-content\/uploads\/2021\/12\/AlimentsalentoSLchef6.png","width":542,"height":176,"caption":"Aliments Salento"},"image":{"@id":"https:\/\/alimentsalento.com\/es\/#\/schema\/logo\/image\/"},"sameAs":["https:\/\/www.facebook.com\/alimentssalento","https:\/\/www.instagram.com\/aliments_salento\/","https:\/\/www.linkedin.com\/company\/aliments-salento"]}]}},"_links":{"self":[{"href":"https:\/\/alimentsalento.com\/es\/wp-json\/wp\/v2\/product\/7575","targetHints":{"allow":["GET"]}}],"collection":[{"href":"https:\/\/alimentsalento.com\/es\/wp-json\/wp\/v2\/product"}],"about":[{"href":"https:\/\/alimentsalento.com\/es\/wp-json\/wp\/v2\/types\/product"}],"replies":[{"embeddable":true,"href":"https:\/\/alimentsalento.com\/es\/wp-json\/wp\/v2\/comments?post=7575"}],"wp:featuredmedia":[{"embeddable":true,"href":"https:\/\/alimentsalento.com\/es\/wp-json\/wp\/v2\/media\/7174"}],"wp:attachment":[{"href":"https:\/\/alimentsalento.com\/es\/wp-json\/wp\/v2\/media?parent=7575"}],"wp:term":[{"taxonomy":"product_cat","embeddable":true,"href":"https:\/\/alimentsalento.com\/es\/wp-json\/wp\/v2\/product_cat?post=7575"},{"taxonomy":"product_tag","embeddable":true,"href":"https:\/\/alimentsalento.com\/es\/wp-json\/wp\/v2\/product_tag?post=7575"}],"curies":[{"name":"wp","href":"https:\/\/api.w.org\/{rel}","templated":true}]}}