{"id":7114,"date":"2021-10-21T20:44:30","date_gmt":"2022-01-15T09:52:59","guid":{"rendered":"https:\/\/alimentsalento.com\/product\/aceite-de-oliva-extra-virgen-bio-nutraceutico\/"},"modified":"2022-01-15T10:52:59","modified_gmt":"2022-01-15T09:52:59","slug":"aceite-de-oliva-virgen-extra-bio-nutraceutico","status":"publish","type":"product","link":"https:\/\/alimentsalento.com\/es\/producto\/aceite-de-oliva-virgen-extra-bio-nutraceutico\/","title":{"rendered":"Aceite de Oliva Extra Virgen BIO Nutraceutico"},"content":{"rendered":"<p>Propiedades del aceite nutrac\u00e8utico<\/p>\n<ul>\n<li>Rico en \u00e0cidos grasos monoinsaturados (\u00e0cido oleico), \u00e8ste aumenta la fluidez de la sangre y reduce el colesterol malo, favoreciendo el bueno.<\/li>\n<li>Rico en escualeno, una sustancia que abunda en el aceite de oliva (a\u00f9n m\u00e0s en el h\u00ecgado de tibur\u00f2n, de ah\u00ec el nombre) resultar\u00eca eficaz en la lucha contra los tumores de la piel.<\/li>\n<li>Aporta las vitaminas liposolubles: la vitamina A necesaria para la diferenciaci\u00f2n celular, la vitamina D que con la vitamina K asegura la formaci\u00f2n de la matriz \u00f2sea, la vitamina E que es un potente antioxidante y ejerce una actividad protectiva contra las enfermedades neoplasicas.<\/li>\n<li>Recomendado en los embarazos porque estimula la mineralizaci\u00f2n de los huesos y previene riesgos hemorr\u00e0gicos del feto.<\/li>\n<li>Rico en <strong>Oleuropeina<\/strong>, sustancia con elevadas funciones antioxidantes que protege las arterias, reduce la presi\u00f2n arterial y reduce el proceso ateroscler\u00e8tico.<\/li>\n<li>Rico en <strong>oleocantal<\/strong>, su particularidad reside en el hecho de que aunque tiene una f\u00f2rmula qu\u00ecmica diferente, posee la misma funcionalidad antiinflamatoria del ibuprofeno, un potente f\u00e0rmaco antiinflamatorio.<\/li>\n<li>Contiene muchos omega 3 y 6, grasas insaturadas muy valiosas para el bienestar del organismo, diversos estudios han demostrados que para los ni\u00f1os, son muy importantes para el desarrollo del tejido nervioso.<\/li>\n<li>Especialmente indicado en la alimentaci\u00f2n infantil por su composici\u00f2n \u00e0cida que lo hace muy similar a la composici\u00f2n de la grasa de la leche materna.<\/li>\n<li>Recomendado por su f\u00e0cil digestibilidad, ya que estimula las secreciones g\u00e0stricas predisponiendo al organismo a una mejor digesti\u00f2n, a una mejor absorci\u00f2n de las vitaminas liposolubles y, por consiguiente, una mejor absorci\u00f2n del calcio.<\/li>\n<li>Protege las mucosas del est\u00f2mago.<\/li>\n<li>Contra las arrugas, en efecto, al tomarlo fuera de hora, tiene un efecto regenerador sobre la piel.<\/li>\n<li>Indispensable para la prevenci\u00f2n de enfermedades degenerativas.<\/li>\n<li>Una fuente de energ\u00eca, para el crecimiento.<\/li>\n<li>Acci\u00f2n preventiva moderada sobre la aparici\u00f2n de trombosis.<\/li>\n<\/ul>\n","protected":false},"excerpt":{"rendered":"<p>Extra\u00ecdo en fr\u00eco de aceitunas: Celline, Leccine, Coratine, Nociare, Pecholine.<\/p>\n<p>El aceite nutraceutico (reglamentado del <strong>reg. UE 432\/2012)<\/strong> es rico en propiedades nutricionales beneficiosas y curativas como los <strong>polifenoles<\/strong> (<em>contribuyen a la protecci\u00f2n de los l\u00ecpidos sangu\u00ecneos del estr\u00e8s oxidativo)<\/em> y la <strong>vitamina E \u201calfa tocoferol\u201d<\/strong> (<em>protege las c\u00e8lulas del cuerpo del da\u00f1o oxidativo<\/em>), se distingue tanto por la alta digeribilidad e hipoalergenicidad, como por las propiedades curativas de los principios activos naturales. El aceite nutraceutico es generalmente amargo-picante.<\/p>\n<p>Afrutado medio con retrogusto agradable amargo y aroma de tomate.<br \/>\nGustalo con primeros platos, ensaladas ricas, alcachofas, carnes.<\/p>\n","protected":false},"featured_media":5978,"comment_status":"open","ping_status":"closed","template":"","meta":[],"product_cat":[192,204],"product_tag":[],"class_list":["post-7114","product","type-product","status-publish","has-post-thumbnail","hentry","product_cat-aceite-biologico","product_cat-nutraceutico-es"],"yoast_head":"<!-- This site is optimized with the Yoast SEO plugin v27.3 - https:\/\/yoast.com\/product\/yoast-seo-wordpress\/ -->\n<title>Aceite de Oliva Extra Virgen BIO Nutraceutico - Aliments Salento<\/title>\n<meta name=\"robots\" content=\"index, follow, max-snippet:-1, max-image-preview:large, max-video-preview:-1\" \/>\n<link rel=\"canonical\" href=\"https:\/\/alimentsalento.com\/es\/producto\/aceite-de-oliva-virgen-extra-bio-nutraceutico\/\" \/>\n<meta property=\"og:locale\" content=\"es_ES\" \/>\n<meta property=\"og:type\" content=\"article\" \/>\n<meta property=\"og:title\" content=\"Aceite de Oliva Extra Virgen BIO Nutraceutico - Aliments Salento\" \/>\n<meta property=\"og:description\" content=\"Extra\u00ecdo en fr\u00eco de aceitunas: Celline, Leccine, Coratine, Nociare, Pecholine. El aceite nutraceutico (reglamentado del reg. UE 432\/2012) es rico en propiedades nutricionales beneficiosas y curativas como los polifenoles (contribuyen a la protecci\u00f2n de los l\u00ecpidos sangu\u00ecneos del estr\u00e8s oxidativo) y la vitamina E \u201calfa tocoferol\u201d (protege las c\u00e8lulas del cuerpo del da\u00f1o oxidativo), se distingue tanto por la alta digeribilidad e hipoalergenicidad, como por las propiedades curativas de los principios activos naturales. El aceite nutraceutico es generalmente amargo-picante. Afrutado medio con retrogusto agradable amargo y aroma de tomate. Gustalo con primeros platos, ensaladas ricas, alcachofas, carnes.\" \/>\n<meta property=\"og:url\" content=\"https:\/\/alimentsalento.com\/es\/producto\/aceite-de-oliva-virgen-extra-bio-nutraceutico\/\" \/>\n<meta property=\"og:site_name\" content=\"Aliments Salento\" \/>\n<meta property=\"article:publisher\" content=\"https:\/\/www.facebook.com\/alimentssalento\" \/>\n<meta property=\"og:image\" content=\"https:\/\/alimentsalento.com\/wp-content\/uploads\/2021\/10\/Olio-Aliments-Salento-Nutraceutico-BIO-1.jpg\" \/>\n\t<meta property=\"og:image:width\" content=\"920\" \/>\n\t<meta property=\"og:image:height\" content=\"1140\" \/>\n\t<meta property=\"og:image:type\" content=\"image\/jpeg\" \/>\n<meta name=\"twitter:card\" content=\"summary_large_image\" \/>\n<meta name=\"twitter:label1\" content=\"Tiempo de lectura\" \/>\n\t<meta name=\"twitter:data1\" content=\"2 minutos\" \/>\n<script type=\"application\/ld+json\" class=\"yoast-schema-graph\">{\"@context\":\"https:\\\/\\\/schema.org\",\"@graph\":[{\"@type\":\"WebPage\",\"@id\":\"https:\\\/\\\/alimentsalento.com\\\/es\\\/producto\\\/aceite-de-oliva-virgen-extra-bio-nutraceutico\\\/\",\"url\":\"https:\\\/\\\/alimentsalento.com\\\/es\\\/producto\\\/aceite-de-oliva-virgen-extra-bio-nutraceutico\\\/\",\"name\":\"Aceite de Oliva Extra Virgen BIO Nutraceutico - Aliments Salento\",\"isPartOf\":{\"@id\":\"https:\\\/\\\/alimentsalento.com\\\/es\\\/#website\"},\"primaryImageOfPage\":{\"@id\":\"https:\\\/\\\/alimentsalento.com\\\/es\\\/producto\\\/aceite-de-oliva-virgen-extra-bio-nutraceutico\\\/#primaryimage\"},\"image\":{\"@id\":\"https:\\\/\\\/alimentsalento.com\\\/es\\\/producto\\\/aceite-de-oliva-virgen-extra-bio-nutraceutico\\\/#primaryimage\"},\"thumbnailUrl\":\"https:\\\/\\\/alimentsalento.com\\\/wp-content\\\/uploads\\\/2021\\\/10\\\/Olio-Aliments-Salento-Nutraceutico-BIO-1.jpg\",\"datePublished\":\"2022-01-15T09:52:59+00:00\",\"breadcrumb\":{\"@id\":\"https:\\\/\\\/alimentsalento.com\\\/es\\\/producto\\\/aceite-de-oliva-virgen-extra-bio-nutraceutico\\\/#breadcrumb\"},\"inLanguage\":\"es\",\"potentialAction\":[{\"@type\":\"ReadAction\",\"target\":[\"https:\\\/\\\/alimentsalento.com\\\/es\\\/producto\\\/aceite-de-oliva-virgen-extra-bio-nutraceutico\\\/\"]}]},{\"@type\":\"ImageObject\",\"inLanguage\":\"es\",\"@id\":\"https:\\\/\\\/alimentsalento.com\\\/es\\\/producto\\\/aceite-de-oliva-virgen-extra-bio-nutraceutico\\\/#primaryimage\",\"url\":\"https:\\\/\\\/alimentsalento.com\\\/wp-content\\\/uploads\\\/2021\\\/10\\\/Olio-Aliments-Salento-Nutraceutico-BIO-1.jpg\",\"contentUrl\":\"https:\\\/\\\/alimentsalento.com\\\/wp-content\\\/uploads\\\/2021\\\/10\\\/Olio-Aliments-Salento-Nutraceutico-BIO-1.jpg\",\"width\":920,\"height\":1140},{\"@type\":\"BreadcrumbList\",\"@id\":\"https:\\\/\\\/alimentsalento.com\\\/es\\\/producto\\\/aceite-de-oliva-virgen-extra-bio-nutraceutico\\\/#breadcrumb\",\"itemListElement\":[{\"@type\":\"ListItem\",\"position\":1,\"name\":\"Home\",\"item\":\"https:\\\/\\\/alimentsalento.com\\\/es\\\/\"},{\"@type\":\"ListItem\",\"position\":2,\"name\":\"Tienda\",\"item\":\"https:\\\/\\\/alimentsalento.com\\\/es\\\/tienda\\\/\"},{\"@type\":\"ListItem\",\"position\":3,\"name\":\"Aceite de Oliva Extra Virgen BIO Nutraceutico\"}]},{\"@type\":\"WebSite\",\"@id\":\"https:\\\/\\\/alimentsalento.com\\\/es\\\/#website\",\"url\":\"https:\\\/\\\/alimentsalento.com\\\/es\\\/\",\"name\":\"Aliments Salento\",\"description\":\"Benvenuti in Salento, terra di sapori e di colori.\",\"publisher\":{\"@id\":\"https:\\\/\\\/alimentsalento.com\\\/es\\\/#organization\"},\"potentialAction\":[{\"@type\":\"SearchAction\",\"target\":{\"@type\":\"EntryPoint\",\"urlTemplate\":\"https:\\\/\\\/alimentsalento.com\\\/es\\\/?s={search_term_string}\"},\"query-input\":{\"@type\":\"PropertyValueSpecification\",\"valueRequired\":true,\"valueName\":\"search_term_string\"}}],\"inLanguage\":\"es\"},{\"@type\":\"Organization\",\"@id\":\"https:\\\/\\\/alimentsalento.com\\\/es\\\/#organization\",\"name\":\"Aliments Salento\",\"url\":\"https:\\\/\\\/alimentsalento.com\\\/es\\\/\",\"logo\":{\"@type\":\"ImageObject\",\"inLanguage\":\"es\",\"@id\":\"https:\\\/\\\/alimentsalento.com\\\/es\\\/#\\\/schema\\\/logo\\\/image\\\/\",\"url\":\"https:\\\/\\\/alimentsalento.com\\\/wp-content\\\/uploads\\\/2021\\\/12\\\/AlimentsalentoSLchef6.png\",\"contentUrl\":\"https:\\\/\\\/alimentsalento.com\\\/wp-content\\\/uploads\\\/2021\\\/12\\\/AlimentsalentoSLchef6.png\",\"width\":542,\"height\":176,\"caption\":\"Aliments Salento\"},\"image\":{\"@id\":\"https:\\\/\\\/alimentsalento.com\\\/es\\\/#\\\/schema\\\/logo\\\/image\\\/\"},\"sameAs\":[\"https:\\\/\\\/www.facebook.com\\\/alimentssalento\",\"https:\\\/\\\/www.instagram.com\\\/aliments_salento\\\/\",\"https:\\\/\\\/www.linkedin.com\\\/company\\\/aliments-salento\"]}]}<\/script>\n<!-- \/ Yoast SEO plugin. -->","yoast_head_json":{"title":"Aceite de Oliva Extra Virgen BIO Nutraceutico - Aliments Salento","robots":{"index":"index","follow":"follow","max-snippet":"max-snippet:-1","max-image-preview":"max-image-preview:large","max-video-preview":"max-video-preview:-1"},"canonical":"https:\/\/alimentsalento.com\/es\/producto\/aceite-de-oliva-virgen-extra-bio-nutraceutico\/","og_locale":"es_ES","og_type":"article","og_title":"Aceite de Oliva Extra Virgen BIO Nutraceutico - Aliments Salento","og_description":"Extra\u00ecdo en fr\u00eco de aceitunas: Celline, Leccine, Coratine, Nociare, Pecholine. El aceite nutraceutico (reglamentado del reg. UE 432\/2012) es rico en propiedades nutricionales beneficiosas y curativas como los polifenoles (contribuyen a la protecci\u00f2n de los l\u00ecpidos sangu\u00ecneos del estr\u00e8s oxidativo) y la vitamina E \u201calfa tocoferol\u201d (protege las c\u00e8lulas del cuerpo del da\u00f1o oxidativo), se distingue tanto por la alta digeribilidad e hipoalergenicidad, como por las propiedades curativas de los principios activos naturales. El aceite nutraceutico es generalmente amargo-picante. Afrutado medio con retrogusto agradable amargo y aroma de tomate. Gustalo con primeros platos, ensaladas ricas, alcachofas, carnes.","og_url":"https:\/\/alimentsalento.com\/es\/producto\/aceite-de-oliva-virgen-extra-bio-nutraceutico\/","og_site_name":"Aliments Salento","article_publisher":"https:\/\/www.facebook.com\/alimentssalento","og_image":[{"width":920,"height":1140,"url":"https:\/\/alimentsalento.com\/wp-content\/uploads\/2021\/10\/Olio-Aliments-Salento-Nutraceutico-BIO-1.jpg","type":"image\/jpeg"}],"twitter_card":"summary_large_image","twitter_misc":{"Tiempo de lectura":"2 minutos"},"schema":{"@context":"https:\/\/schema.org","@graph":[{"@type":"WebPage","@id":"https:\/\/alimentsalento.com\/es\/producto\/aceite-de-oliva-virgen-extra-bio-nutraceutico\/","url":"https:\/\/alimentsalento.com\/es\/producto\/aceite-de-oliva-virgen-extra-bio-nutraceutico\/","name":"Aceite de Oliva Extra Virgen BIO Nutraceutico - Aliments Salento","isPartOf":{"@id":"https:\/\/alimentsalento.com\/es\/#website"},"primaryImageOfPage":{"@id":"https:\/\/alimentsalento.com\/es\/producto\/aceite-de-oliva-virgen-extra-bio-nutraceutico\/#primaryimage"},"image":{"@id":"https:\/\/alimentsalento.com\/es\/producto\/aceite-de-oliva-virgen-extra-bio-nutraceutico\/#primaryimage"},"thumbnailUrl":"https:\/\/alimentsalento.com\/wp-content\/uploads\/2021\/10\/Olio-Aliments-Salento-Nutraceutico-BIO-1.jpg","datePublished":"2022-01-15T09:52:59+00:00","breadcrumb":{"@id":"https:\/\/alimentsalento.com\/es\/producto\/aceite-de-oliva-virgen-extra-bio-nutraceutico\/#breadcrumb"},"inLanguage":"es","potentialAction":[{"@type":"ReadAction","target":["https:\/\/alimentsalento.com\/es\/producto\/aceite-de-oliva-virgen-extra-bio-nutraceutico\/"]}]},{"@type":"ImageObject","inLanguage":"es","@id":"https:\/\/alimentsalento.com\/es\/producto\/aceite-de-oliva-virgen-extra-bio-nutraceutico\/#primaryimage","url":"https:\/\/alimentsalento.com\/wp-content\/uploads\/2021\/10\/Olio-Aliments-Salento-Nutraceutico-BIO-1.jpg","contentUrl":"https:\/\/alimentsalento.com\/wp-content\/uploads\/2021\/10\/Olio-Aliments-Salento-Nutraceutico-BIO-1.jpg","width":920,"height":1140},{"@type":"BreadcrumbList","@id":"https:\/\/alimentsalento.com\/es\/producto\/aceite-de-oliva-virgen-extra-bio-nutraceutico\/#breadcrumb","itemListElement":[{"@type":"ListItem","position":1,"name":"Home","item":"https:\/\/alimentsalento.com\/es\/"},{"@type":"ListItem","position":2,"name":"Tienda","item":"https:\/\/alimentsalento.com\/es\/tienda\/"},{"@type":"ListItem","position":3,"name":"Aceite de Oliva Extra Virgen BIO Nutraceutico"}]},{"@type":"WebSite","@id":"https:\/\/alimentsalento.com\/es\/#website","url":"https:\/\/alimentsalento.com\/es\/","name":"Aliments Salento","description":"Benvenuti in Salento, terra di sapori e di colori.","publisher":{"@id":"https:\/\/alimentsalento.com\/es\/#organization"},"potentialAction":[{"@type":"SearchAction","target":{"@type":"EntryPoint","urlTemplate":"https:\/\/alimentsalento.com\/es\/?s={search_term_string}"},"query-input":{"@type":"PropertyValueSpecification","valueRequired":true,"valueName":"search_term_string"}}],"inLanguage":"es"},{"@type":"Organization","@id":"https:\/\/alimentsalento.com\/es\/#organization","name":"Aliments Salento","url":"https:\/\/alimentsalento.com\/es\/","logo":{"@type":"ImageObject","inLanguage":"es","@id":"https:\/\/alimentsalento.com\/es\/#\/schema\/logo\/image\/","url":"https:\/\/alimentsalento.com\/wp-content\/uploads\/2021\/12\/AlimentsalentoSLchef6.png","contentUrl":"https:\/\/alimentsalento.com\/wp-content\/uploads\/2021\/12\/AlimentsalentoSLchef6.png","width":542,"height":176,"caption":"Aliments Salento"},"image":{"@id":"https:\/\/alimentsalento.com\/es\/#\/schema\/logo\/image\/"},"sameAs":["https:\/\/www.facebook.com\/alimentssalento","https:\/\/www.instagram.com\/aliments_salento\/","https:\/\/www.linkedin.com\/company\/aliments-salento"]}]}},"_links":{"self":[{"href":"https:\/\/alimentsalento.com\/es\/wp-json\/wp\/v2\/product\/7114","targetHints":{"allow":["GET"]}}],"collection":[{"href":"https:\/\/alimentsalento.com\/es\/wp-json\/wp\/v2\/product"}],"about":[{"href":"https:\/\/alimentsalento.com\/es\/wp-json\/wp\/v2\/types\/product"}],"replies":[{"embeddable":true,"href":"https:\/\/alimentsalento.com\/es\/wp-json\/wp\/v2\/comments?post=7114"}],"wp:featuredmedia":[{"embeddable":true,"href":"https:\/\/alimentsalento.com\/es\/wp-json\/wp\/v2\/media\/5978"}],"wp:attachment":[{"href":"https:\/\/alimentsalento.com\/es\/wp-json\/wp\/v2\/media?parent=7114"}],"wp:term":[{"taxonomy":"product_cat","embeddable":true,"href":"https:\/\/alimentsalento.com\/es\/wp-json\/wp\/v2\/product_cat?post=7114"},{"taxonomy":"product_tag","embeddable":true,"href":"https:\/\/alimentsalento.com\/es\/wp-json\/wp\/v2\/product_tag?post=7114"}],"curies":[{"name":"wp","href":"https:\/\/api.w.org\/{rel}","templated":true}]}}