{"id":7068,"date":"2022-01-15T10:25:34","date_gmt":"2022-01-15T09:25:34","guid":{"rendered":"https:\/\/alimentsalento.com\/product\/huile-extra-vierge-bio-nutraceutique\/"},"modified":"2023-05-08T11:19:04","modified_gmt":"2023-05-08T09:19:04","slug":"huile-extra-vierge-bio-nutraceutique","status":"publish","type":"product","link":"https:\/\/alimentsalento.com\/es\/prodotto\/huile-extra-vierge-bio-nutraceutique\/","title":{"rendered":"Huile Extra Vierge BIO Nutraceutique"},"content":{"rendered":"<p>Propri\u00e9t\u00e9s de l&#8217;huile nutraceutique<\/p>\n<ul>\n<li>Riche d\u2019acides gras monoinsatur\u00e9s(acide ol\u00e9ique) celui-ci augmente la fluidit\u00e9 du sang et r\u00e9duit le cholest\u00e9rol mauvais \u00e0 faveur du bon cholest\u00e9rol;<\/li>\n<li>Riche de squal\u00e8ne, une substance qui abbonde dans l\u2019huile d\u2019olive(encore plus dans le foie des requins, d\u2019o\u00f9 le nom) il r\u00e9sulte efficace pour contraster les cancers de la peau;<\/li>\n<li>Apporte les vitamines liposolubles: la vitamine A n\u00e9cessaire pour la diff\u00e9renciation cellulaire, la vitamine D qui avec la vitamine K assurent la formation de la matrice osseuse, la vitamine E qui est un puissant anti-oxydant et exerce une activit\u00e9 protective envers les maladies n\u00e9oplastiques;<\/li>\n<li>Recomand\u00e9 durant les grossesses car stimule la min\u00e9ralisation des os et pr\u00e9vient les risques d\u2019h\u00e9morragie du foetus;<\/li>\n<li>Riche d\u2019Oleurop\u00e9ine, substance avec \u00e9lev\u00e9s fonctions <strong>anti-oxydantes<\/strong> capable, de prot\u00e9ger les art\u00e8res, baisse la pression art\u00e9rielle et r\u00e9duit le processus art\u00e9rioscl\u00e9rotique;<\/li>\n<li>Riche d\u2019<strong>ol\u00e9ocanthal<\/strong>, sa particularit\u00e9 r\u00e9side dans le fait que m\u00e8me en ayant une formule chimique diff\u00e9rente, a la m\u00e8me fonction antiinflammatoire de l\u2019ibuprof\u00e8ne, un puissant m\u00e9dicament antiinflammatoire.<\/li>\n<li>Contient beaucoup d\u2019om\u00e9ga 3 et 6, gras insatur\u00e9s tr\u00e8s pr\u00e9cieux pour le bien-\u00e8tre de l\u2019organisme, diverses \u00e9tudes ont en effet bien d\u00e9montr\u00e9 que pour les enfants, sont aussi tr\u00e8s importants pour le d\u00e9veloppement du tissu nerveux;<\/li>\n<li>Particuli\u00e8rement indiqu\u00e9 dans l\u2019alimentation de l\u2019enfance pour sa composition acidique qui le rend tr\u00e8s similaire \u00e0 la composition du gras du lait maternel.<\/li>\n<li>Indiqu\u00e9 soit pour la facile dig\u00e9stibilit\u00e9 car stimule les s\u00e9cr\u00e9tions gastriques en pr\u00e9disposant l\u2019organisme \u00e0 une meilleure digestion, soit pour une meilleure absorbtion des vitamines liposolubles et de cons\u00e9quence, une meilleure absorbtion du calcium.<\/li>\n<li>Prot\u00e8ge les muqueuses de l\u2019estomac;<\/li>\n<li>Contre les rides, en effet, en le prenant en dehors des heures, a un effet reg\u00e9n\u00e9rant sur la peau;<\/li>\n<li>Indispensable pour la pr\u00e9vention des maladies d\u00e9g\u00e9n\u00e9ratives;<\/li>\n<li>Une source d\u2019\u00e9nergie, pour la crossance;<\/li>\n<li>Modeste pr\u00e9vention sur le d\u00e9but des thromboses.<\/li>\n<\/ul>\n","protected":false},"excerpt":{"rendered":"<p>Extraite \u00e0 froid d\u2019olives Celline,Leccine, Coratine, Nociare, Pecholine.<\/p>\n<p>L&#8217;huile nutraceutique (r\u00e9glement\u00e9e par le <strong>r\u00e9g. UE 432\/2012)<\/strong> est riche en propri\u00e9t\u00e9s nutritionnelles b\u00e9n\u00e9fiques et cicatrisantes telles que les <strong>polyph\u00e9nols<\/strong> (<em>contribuent \u00e0 la protection des lipides sanguins contre le stress oxydatif)<\/em> et la <strong>vitamine E &#8220;alpha tocoph\u00e9rol&#8221;<\/strong> (<em>prot\u00e8ge les cellules de l&#8217;organisme contre dommages oxydatifs)<\/em>, il se distingue \u00e0 la fois par sa haute digestibilit\u00e9 et son hypoallerg\u00e9nicit\u00e9, et par les propri\u00e9t\u00e9s cicatrisantes des actifs naturels. L&#8217;huile nutraceutique est g\u00e9n\u00e9ralement am\u00e8re-\u00e9pic\u00e9e.<\/p>\n<p>Moyennement fruit\u00e9 avec arri\u00e8re-go\u00f9t agr\u00e9able amer et senteur de tomate.<br \/>\nD\u00e9guster avec ,premiers plats, salades riches, artichauts, viandes.<\/p>\n","protected":false},"featured_media":3923,"comment_status":"closed","ping_status":"closed","template":"","meta":[],"product_cat":[61],"product_tag":[],"class_list":["post-7068","product","type-product","status-publish","has-post-thumbnail","hentry","product_cat-olio-evo-bio"],"yoast_head":"<!-- This site is optimized with the Yoast SEO plugin v27.4 - https:\/\/yoast.com\/product\/yoast-seo-wordpress\/ -->\n<title>Huile Extra Vierge BIO Nutraceutique - Aliments Salento<\/title>\n<meta name=\"robots\" content=\"index, follow, max-snippet:-1, max-image-preview:large, max-video-preview:-1\" \/>\n<link rel=\"canonical\" href=\"https:\/\/alimentsalento.com\/es\/prodotto\/huile-extra-vierge-bio-nutraceutique\/\" \/>\n<meta property=\"og:locale\" content=\"es_ES\" \/>\n<meta property=\"og:type\" content=\"article\" \/>\n<meta property=\"og:title\" content=\"Huile Extra Vierge BIO Nutraceutique - Aliments Salento\" \/>\n<meta property=\"og:description\" content=\"Extraite \u00e0 froid d\u2019olives Celline,Leccine, Coratine, Nociare, Pecholine.  L&#039;huile nutraceutique (r\u00e9glement\u00e9e par le r\u00e9g. UE 432\/2012) est riche en propri\u00e9t\u00e9s nutritionnelles b\u00e9n\u00e9fiques et cicatrisantes telles que les polyph\u00e9nols (contribuent \u00e0 la protection des lipides sanguins contre le stress oxydatif) et la vitamine E &quot;alpha tocoph\u00e9rol&quot; (prot\u00e8ge les cellules de l&#039;organisme contre dommages oxydatifs), il se distingue \u00e0 la fois par sa haute digestibilit\u00e9 et son hypoallerg\u00e9nicit\u00e9, et par les propri\u00e9t\u00e9s cicatrisantes des actifs naturels. L&#039;huile nutraceutique est g\u00e9n\u00e9ralement am\u00e8re-\u00e9pic\u00e9e.  Moyennement fruit\u00e9 avec arri\u00e8re-go\u00f9t agr\u00e9able amer et senteur de tomate. D\u00e9guster avec ,premiers plats, salades riches, artichauts, viandes.\" \/>\n<meta property=\"og:url\" content=\"https:\/\/alimentsalento.com\/es\/prodotto\/huile-extra-vierge-bio-nutraceutique\/\" \/>\n<meta property=\"og:site_name\" content=\"Aliments Salento\" \/>\n<meta property=\"article:publisher\" content=\"https:\/\/www.facebook.com\/alimentssalento\" \/>\n<meta property=\"article:modified_time\" content=\"2023-05-08T09:19:04+00:00\" \/>\n<meta property=\"og:image\" content=\"https:\/\/alimentsalento.com\/wp-content\/uploads\/2021\/10\/Olio-Aliments-Salento-Blend-BIO-3.jpg\" \/>\n\t<meta property=\"og:image:width\" content=\"920\" \/>\n\t<meta property=\"og:image:height\" content=\"1140\" \/>\n\t<meta property=\"og:image:type\" content=\"image\/jpeg\" \/>\n<meta name=\"twitter:card\" content=\"summary_large_image\" \/>\n<meta name=\"twitter:label1\" content=\"Tiempo de lectura\" \/>\n\t<meta name=\"twitter:data1\" content=\"2 minutos\" \/>\n<script type=\"application\/ld+json\" class=\"yoast-schema-graph\">{\"@context\":\"https:\\\/\\\/schema.org\",\"@graph\":[{\"@type\":\"WebPage\",\"@id\":\"https:\\\/\\\/alimentsalento.com\\\/es\\\/prodotto\\\/huile-extra-vierge-bio-nutraceutique\\\/\",\"url\":\"https:\\\/\\\/alimentsalento.com\\\/es\\\/prodotto\\\/huile-extra-vierge-bio-nutraceutique\\\/\",\"name\":\"Huile Extra Vierge BIO Nutraceutique - Aliments Salento\",\"isPartOf\":{\"@id\":\"https:\\\/\\\/alimentsalento.com\\\/es\\\/#website\"},\"primaryImageOfPage\":{\"@id\":\"https:\\\/\\\/alimentsalento.com\\\/es\\\/prodotto\\\/huile-extra-vierge-bio-nutraceutique\\\/#primaryimage\"},\"image\":{\"@id\":\"https:\\\/\\\/alimentsalento.com\\\/es\\\/prodotto\\\/huile-extra-vierge-bio-nutraceutique\\\/#primaryimage\"},\"thumbnailUrl\":\"https:\\\/\\\/alimentsalento.com\\\/wp-content\\\/uploads\\\/2021\\\/10\\\/Olio-Aliments-Salento-Blend-BIO-3.jpg\",\"datePublished\":\"2022-01-15T09:25:34+00:00\",\"dateModified\":\"2023-05-08T09:19:04+00:00\",\"breadcrumb\":{\"@id\":\"https:\\\/\\\/alimentsalento.com\\\/es\\\/prodotto\\\/huile-extra-vierge-bio-nutraceutique\\\/#breadcrumb\"},\"inLanguage\":\"es\",\"potentialAction\":[{\"@type\":\"ReadAction\",\"target\":[\"https:\\\/\\\/alimentsalento.com\\\/es\\\/prodotto\\\/huile-extra-vierge-bio-nutraceutique\\\/\"]}]},{\"@type\":\"ImageObject\",\"inLanguage\":\"es\",\"@id\":\"https:\\\/\\\/alimentsalento.com\\\/es\\\/prodotto\\\/huile-extra-vierge-bio-nutraceutique\\\/#primaryimage\",\"url\":\"https:\\\/\\\/alimentsalento.com\\\/wp-content\\\/uploads\\\/2021\\\/10\\\/Olio-Aliments-Salento-Blend-BIO-3.jpg\",\"contentUrl\":\"https:\\\/\\\/alimentsalento.com\\\/wp-content\\\/uploads\\\/2021\\\/10\\\/Olio-Aliments-Salento-Blend-BIO-3.jpg\",\"width\":920,\"height\":1140},{\"@type\":\"BreadcrumbList\",\"@id\":\"https:\\\/\\\/alimentsalento.com\\\/es\\\/prodotto\\\/huile-extra-vierge-bio-nutraceutique\\\/#breadcrumb\",\"itemListElement\":[{\"@type\":\"ListItem\",\"position\":1,\"name\":\"Home\",\"item\":\"https:\\\/\\\/alimentsalento.com\\\/es\\\/\"},{\"@type\":\"ListItem\",\"position\":2,\"name\":\"Tienda\",\"item\":\"https:\\\/\\\/alimentsalento.com\\\/es\\\/tienda\\\/\"},{\"@type\":\"ListItem\",\"position\":3,\"name\":\"Huile Extra Vierge BIO Nutraceutique\"}]},{\"@type\":\"WebSite\",\"@id\":\"https:\\\/\\\/alimentsalento.com\\\/es\\\/#website\",\"url\":\"https:\\\/\\\/alimentsalento.com\\\/es\\\/\",\"name\":\"Aliments Salento\",\"description\":\"Benvenuti in Salento, terra di sapori e di colori.\",\"publisher\":{\"@id\":\"https:\\\/\\\/alimentsalento.com\\\/es\\\/#organization\"},\"potentialAction\":[{\"@type\":\"SearchAction\",\"target\":{\"@type\":\"EntryPoint\",\"urlTemplate\":\"https:\\\/\\\/alimentsalento.com\\\/es\\\/?s={search_term_string}\"},\"query-input\":{\"@type\":\"PropertyValueSpecification\",\"valueRequired\":true,\"valueName\":\"search_term_string\"}}],\"inLanguage\":\"es\"},{\"@type\":\"Organization\",\"@id\":\"https:\\\/\\\/alimentsalento.com\\\/es\\\/#organization\",\"name\":\"Aliments Salento\",\"url\":\"https:\\\/\\\/alimentsalento.com\\\/es\\\/\",\"logo\":{\"@type\":\"ImageObject\",\"inLanguage\":\"es\",\"@id\":\"https:\\\/\\\/alimentsalento.com\\\/es\\\/#\\\/schema\\\/logo\\\/image\\\/\",\"url\":\"https:\\\/\\\/alimentsalento.com\\\/wp-content\\\/uploads\\\/2021\\\/12\\\/AlimentsalentoSLchef6.png\",\"contentUrl\":\"https:\\\/\\\/alimentsalento.com\\\/wp-content\\\/uploads\\\/2021\\\/12\\\/AlimentsalentoSLchef6.png\",\"width\":542,\"height\":176,\"caption\":\"Aliments Salento\"},\"image\":{\"@id\":\"https:\\\/\\\/alimentsalento.com\\\/es\\\/#\\\/schema\\\/logo\\\/image\\\/\"},\"sameAs\":[\"https:\\\/\\\/www.facebook.com\\\/alimentssalento\",\"https:\\\/\\\/www.instagram.com\\\/aliments_salento\\\/\",\"https:\\\/\\\/www.linkedin.com\\\/company\\\/aliments-salento\"]}]}<\/script>\n<!-- \/ Yoast SEO plugin. -->","yoast_head_json":{"title":"Huile Extra Vierge BIO Nutraceutique - Aliments Salento","robots":{"index":"index","follow":"follow","max-snippet":"max-snippet:-1","max-image-preview":"max-image-preview:large","max-video-preview":"max-video-preview:-1"},"canonical":"https:\/\/alimentsalento.com\/es\/prodotto\/huile-extra-vierge-bio-nutraceutique\/","og_locale":"es_ES","og_type":"article","og_title":"Huile Extra Vierge BIO Nutraceutique - Aliments Salento","og_description":"Extraite \u00e0 froid d\u2019olives Celline,Leccine, Coratine, Nociare, Pecholine.  L'huile nutraceutique (r\u00e9glement\u00e9e par le r\u00e9g. UE 432\/2012) est riche en propri\u00e9t\u00e9s nutritionnelles b\u00e9n\u00e9fiques et cicatrisantes telles que les polyph\u00e9nols (contribuent \u00e0 la protection des lipides sanguins contre le stress oxydatif) et la vitamine E \"alpha tocoph\u00e9rol\" (prot\u00e8ge les cellules de l'organisme contre dommages oxydatifs), il se distingue \u00e0 la fois par sa haute digestibilit\u00e9 et son hypoallerg\u00e9nicit\u00e9, et par les propri\u00e9t\u00e9s cicatrisantes des actifs naturels. L'huile nutraceutique est g\u00e9n\u00e9ralement am\u00e8re-\u00e9pic\u00e9e.  Moyennement fruit\u00e9 avec arri\u00e8re-go\u00f9t agr\u00e9able amer et senteur de tomate. D\u00e9guster avec ,premiers plats, salades riches, artichauts, viandes.","og_url":"https:\/\/alimentsalento.com\/es\/prodotto\/huile-extra-vierge-bio-nutraceutique\/","og_site_name":"Aliments Salento","article_publisher":"https:\/\/www.facebook.com\/alimentssalento","article_modified_time":"2023-05-08T09:19:04+00:00","og_image":[{"width":920,"height":1140,"url":"https:\/\/alimentsalento.com\/wp-content\/uploads\/2021\/10\/Olio-Aliments-Salento-Blend-BIO-3.jpg","type":"image\/jpeg"}],"twitter_card":"summary_large_image","twitter_misc":{"Tiempo de lectura":"2 minutos"},"schema":{"@context":"https:\/\/schema.org","@graph":[{"@type":"WebPage","@id":"https:\/\/alimentsalento.com\/es\/prodotto\/huile-extra-vierge-bio-nutraceutique\/","url":"https:\/\/alimentsalento.com\/es\/prodotto\/huile-extra-vierge-bio-nutraceutique\/","name":"Huile Extra Vierge BIO Nutraceutique - Aliments Salento","isPartOf":{"@id":"https:\/\/alimentsalento.com\/es\/#website"},"primaryImageOfPage":{"@id":"https:\/\/alimentsalento.com\/es\/prodotto\/huile-extra-vierge-bio-nutraceutique\/#primaryimage"},"image":{"@id":"https:\/\/alimentsalento.com\/es\/prodotto\/huile-extra-vierge-bio-nutraceutique\/#primaryimage"},"thumbnailUrl":"https:\/\/alimentsalento.com\/wp-content\/uploads\/2021\/10\/Olio-Aliments-Salento-Blend-BIO-3.jpg","datePublished":"2022-01-15T09:25:34+00:00","dateModified":"2023-05-08T09:19:04+00:00","breadcrumb":{"@id":"https:\/\/alimentsalento.com\/es\/prodotto\/huile-extra-vierge-bio-nutraceutique\/#breadcrumb"},"inLanguage":"es","potentialAction":[{"@type":"ReadAction","target":["https:\/\/alimentsalento.com\/es\/prodotto\/huile-extra-vierge-bio-nutraceutique\/"]}]},{"@type":"ImageObject","inLanguage":"es","@id":"https:\/\/alimentsalento.com\/es\/prodotto\/huile-extra-vierge-bio-nutraceutique\/#primaryimage","url":"https:\/\/alimentsalento.com\/wp-content\/uploads\/2021\/10\/Olio-Aliments-Salento-Blend-BIO-3.jpg","contentUrl":"https:\/\/alimentsalento.com\/wp-content\/uploads\/2021\/10\/Olio-Aliments-Salento-Blend-BIO-3.jpg","width":920,"height":1140},{"@type":"BreadcrumbList","@id":"https:\/\/alimentsalento.com\/es\/prodotto\/huile-extra-vierge-bio-nutraceutique\/#breadcrumb","itemListElement":[{"@type":"ListItem","position":1,"name":"Home","item":"https:\/\/alimentsalento.com\/es\/"},{"@type":"ListItem","position":2,"name":"Tienda","item":"https:\/\/alimentsalento.com\/es\/tienda\/"},{"@type":"ListItem","position":3,"name":"Huile Extra Vierge BIO Nutraceutique"}]},{"@type":"WebSite","@id":"https:\/\/alimentsalento.com\/es\/#website","url":"https:\/\/alimentsalento.com\/es\/","name":"Aliments Salento","description":"Benvenuti in Salento, terra di sapori e di colori.","publisher":{"@id":"https:\/\/alimentsalento.com\/es\/#organization"},"potentialAction":[{"@type":"SearchAction","target":{"@type":"EntryPoint","urlTemplate":"https:\/\/alimentsalento.com\/es\/?s={search_term_string}"},"query-input":{"@type":"PropertyValueSpecification","valueRequired":true,"valueName":"search_term_string"}}],"inLanguage":"es"},{"@type":"Organization","@id":"https:\/\/alimentsalento.com\/es\/#organization","name":"Aliments Salento","url":"https:\/\/alimentsalento.com\/es\/","logo":{"@type":"ImageObject","inLanguage":"es","@id":"https:\/\/alimentsalento.com\/es\/#\/schema\/logo\/image\/","url":"https:\/\/alimentsalento.com\/wp-content\/uploads\/2021\/12\/AlimentsalentoSLchef6.png","contentUrl":"https:\/\/alimentsalento.com\/wp-content\/uploads\/2021\/12\/AlimentsalentoSLchef6.png","width":542,"height":176,"caption":"Aliments Salento"},"image":{"@id":"https:\/\/alimentsalento.com\/es\/#\/schema\/logo\/image\/"},"sameAs":["https:\/\/www.facebook.com\/alimentssalento","https:\/\/www.instagram.com\/aliments_salento\/","https:\/\/www.linkedin.com\/company\/aliments-salento"]}]}},"_links":{"self":[{"href":"https:\/\/alimentsalento.com\/es\/wp-json\/wp\/v2\/product\/7068","targetHints":{"allow":["GET"]}}],"collection":[{"href":"https:\/\/alimentsalento.com\/es\/wp-json\/wp\/v2\/product"}],"about":[{"href":"https:\/\/alimentsalento.com\/es\/wp-json\/wp\/v2\/types\/product"}],"replies":[{"embeddable":true,"href":"https:\/\/alimentsalento.com\/es\/wp-json\/wp\/v2\/comments?post=7068"}],"wp:featuredmedia":[{"embeddable":true,"href":"https:\/\/alimentsalento.com\/es\/wp-json\/wp\/v2\/media\/3923"}],"wp:attachment":[{"href":"https:\/\/alimentsalento.com\/es\/wp-json\/wp\/v2\/media?parent=7068"}],"wp:term":[{"taxonomy":"product_cat","embeddable":true,"href":"https:\/\/alimentsalento.com\/es\/wp-json\/wp\/v2\/product_cat?post=7068"},{"taxonomy":"product_tag","embeddable":true,"href":"https:\/\/alimentsalento.com\/es\/wp-json\/wp\/v2\/product_tag?post=7068"}],"curies":[{"name":"wp","href":"https:\/\/api.w.org\/{rel}","templated":true}]}}