{"id":6811,"date":"2022-01-14T17:52:54","date_gmt":"2022-01-14T16:52:54","guid":{"rendered":"https:\/\/alimentsalento.com\/productos-tipicos\/"},"modified":"2022-01-20T12:14:09","modified_gmt":"2022-01-20T11:14:09","slug":"productos-tipicos","status":"publish","type":"page","link":"https:\/\/alimentsalento.com\/es\/productos-tipicos\/","title":{"rendered":"Productos T\u00edpicos"},"content":{"rendered":"<p>[vc_row css_animation=&#8221;fadeIn&#8221; type=&#8221;boxed&#8221; css=&#8221;.vc_custom_1487082335567{margin-bottom: 75px !important;}&#8221;][vc_column css=&#8221;.vc_custom_1638377567437{margin-top: 100px !important;}&#8221;][vc_column_text css=&#8221;.vc_custom_1638810309081{margin-bottom: 75px !important;}&#8221;]<\/p>\n<h1 style=\"text-align: center;\">Productos T\u00edpicos<\/h1>\n<p style=\"text-align: center;\">Un equilibrio de la tradici\u00f3n de Salento a trav\u00e9s de productos gastron\u00f3micos sostenibles y trazables.<\/p>\n<p>[\/vc_column_text]<div class=\"row\"><div class=\"categories_grid\">\n\t\t\t<div class=\"category_1\">\n\t\t\t\t<div class=\"category_grid_box\">\n\t\t\t\t\t<span class=\"category_item_bkg\" style=\"background-image:url(https:\/\/alimentsalento.com\/wp-content\/uploads\/2021\/12\/confetturesalento.jpg)\"><\/span>\n\t\t\t\t\t<a href=\"https:\/\/alimentsalento.com\/es\/categoria-producto\/productos-tipicos\/mermelada\/\" class=\"category_item\" >\n\t\t\t\t\t\t<span class=\"category_name\">Mermelada\t\t\t\t\t\t\t\t\t\t\t\t\t<\/span>\n\t\t\t\t\t<\/a>\n\t\t\t\t<\/div>\n\t\t\t<\/div>\n\n\t\t\t\n\t\t\t<div class=\"category_2\">\n\t\t\t\t<div class=\"category_grid_box\">\n\t\t\t\t\t<span class=\"category_item_bkg\" style=\"background-image:url(https:\/\/alimentsalento.com\/wp-content\/uploads\/2021\/12\/marmellata-agrumi-misti.jpg)\"><\/span>\n\t\t\t\t\t<a href=\"https:\/\/alimentsalento.com\/es\/categoria-producto\/productos-tipicos\/mermeladas-de-citricos\/\" class=\"category_item\" >\n\t\t\t\t\t\t<span class=\"category_name\">Mermeladas De C\u00edtricos\t\t\t\t\t\t\t\t\t\t\t\t\t<\/span>\n\t\t\t\t\t<\/a>\n\t\t\t\t<\/div>\n\t\t\t<\/div>\n\n\t\t\t\n\t\t\t<div class=\"category_3\">\n\t\t\t\t<div class=\"category_grid_box\">\n\t\t\t\t\t<span class=\"category_item_bkg\" style=\"background-image:url(https:\/\/alimentsalento.com\/wp-content\/uploads\/2021\/12\/pate-salento.jpg)\"><\/span>\n\t\t\t\t\t<a href=\"https:\/\/alimentsalento.com\/es\/categoria-producto\/productos-tipicos\/pate-es\/\" class=\"category_item\" >\n\t\t\t\t\t\t<span class=\"category_name\">Pat\u00e8\t\t\t\t\t\t\t\t\t\t\t\t\t<\/span>\n\t\t\t\t\t<\/a>\n\t\t\t\t<\/div>\n\t\t\t<\/div>\n\n\t\t\t\n\t\t\t<div class=\"category_4\">\n\t\t\t\t<div class=\"category_grid_box\">\n\t\t\t\t\t<span class=\"category_item_bkg\" style=\"background-image:url(https:\/\/alimentsalento.com\/wp-content\/uploads\/2021\/12\/miele-del-salento.jpg)\"><\/span>\n\t\t\t\t\t<a href=\"https:\/\/alimentsalento.com\/es\/categoria-producto\/productos-tipicos\/miel-bio\/\" class=\"category_item\" >\n\t\t\t\t\t\t<span class=\"category_name\">Miel BIO\t\t\t\t\t\t\t\t\t\t\t\t\t<\/span>\n\t\t\t\t\t<\/a>\n\t\t\t\t<\/div>\n\t\t\t<\/div>\n\n\t\t\t\n\t\t\t<div class=\"category_5\">\n\t\t\t\t<div class=\"category_grid_box\">\n\t\t\t\t\t<span class=\"category_item_bkg\" style=\"background-image:url(https:\/\/alimentsalento.com\/wp-content\/uploads\/2021\/12\/sottoli-aliments-salento.jpg)\"><\/span>\n\t\t\t\t\t<a href=\"https:\/\/alimentsalento.com\/es\/categoria-producto\/productos-tipicos\/conservas-en-aceite-de-oliva\/\" class=\"category_item\" >\n\t\t\t\t\t\t<span class=\"category_name\">Conservas En Aceite De Oliva\t\t\t\t\t\t\t\t\t\t\t\t\t<\/span>\n\t\t\t\t\t<\/a>\n\t\t\t\t<\/div>\n\t\t\t<\/div>\n\n\t\t\t\n\t\t\t<div class=\"category_6\">\n\t\t\t\t<div class=\"category_grid_box\">\n\t\t\t\t\t<span class=\"category_item_bkg\" style=\"background-image:url(https:\/\/alimentsalento.com\/wp-content\/uploads\/2021\/12\/olive-salento-e1638379819219.jpg)\"><\/span>\n\t\t\t\t\t<a href=\"https:\/\/alimentsalento.com\/es\/categoria-producto\/productos-tipicos\/olivos\/\" class=\"category_item\" >\n\t\t\t\t\t\t<span class=\"category_name\">Olivos\t\t\t\t\t\t\t\t\t\t\t\t\t<\/span>\n\t\t\t\t\t<\/a>\n\t\t\t\t<\/div>\n\t\t\t<\/div>\n\n\t\t\t\n\t\t\t<div class=\"clearfix\"><\/div>\n\n\t\t<\/div><\/div><div class=\"row\"><div class=\"categories_grid\">\n\t\t\t<div class=\"category_1\">\n\t\t\t\t<div class=\"category_grid_box\">\n\t\t\t\t\t<span class=\"category_item_bkg\" style=\"background-image:url(https:\/\/alimentsalento.com\/wp-content\/uploads\/2021\/12\/sughi-pronti-salento.jpg)\"><\/span>\n\t\t\t\t\t<a href=\"https:\/\/alimentsalento.com\/es\/categoria-producto\/productos-tipicos\/salsas-preparadas\/\" class=\"category_item\" >\n\t\t\t\t\t\t<span class=\"category_name\">Salsas Preparadas\t\t\t\t\t\t\t\t\t\t\t\t\t<\/span>\n\t\t\t\t\t<\/a>\n\t\t\t\t<\/div>\n\t\t\t<\/div>\n\n\t\t\t\n\t\t\t<div class=\"category_2\">\n\t\t\t\t<div class=\"category_grid_box\">\n\t\t\t\t\t<span class=\"category_item_bkg\" style=\"background-image:url(https:\/\/alimentsalento.com\/wp-content\/uploads\/2021\/12\/salsa-bio.jpg)\"><\/span>\n\t\t\t\t\t<a href=\"https:\/\/alimentsalento.com\/es\/categoria-producto\/productos-tipicos\/salsas\/\" class=\"category_item\" >\n\t\t\t\t\t\t<span class=\"category_name\">Salsas\t\t\t\t\t\t\t\t\t\t\t\t\t<\/span>\n\t\t\t\t\t<\/a>\n\t\t\t\t<\/div>\n\t\t\t<\/div>\n\n\t\t\t\n\t\t\t<div class=\"category_3\">\n\t\t\t\t<div class=\"category_grid_box\">\n\t\t\t\t\t<span class=\"category_item_bkg\" style=\"background-image:url(https:\/\/alimentsalento.com\/wp-content\/uploads\/2021\/12\/bruschettapomodoro1q_1e98e505-b111-4ff0-a071-078097d2b0bc_2048x2048.jpg)\"><\/span>\n\t\t\t\t\t<a href=\"https:\/\/alimentsalento.com\/es\/categoria-producto\/productos-tipicos\/cremas-y-bruschette\/\" class=\"category_item\" >\n\t\t\t\t\t\t<span class=\"category_name\">Cremas y Bruschette\t\t\t\t\t\t\t\t\t\t\t\t\t<\/span>\n\t\t\t\t\t<\/a>\n\t\t\t\t<\/div>\n\t\t\t<\/div>\n\n\t\t\t\n\t\t\t<div class=\"category_4\">\n\t\t\t\t<div class=\"category_grid_box\">\n\t\t\t\t\t<span class=\"category_item_bkg\" style=\"background-image:url(https:\/\/alimentsalento.com\/wp-content\/uploads\/2021\/12\/zucchine-capperi-00001-scaled.jpeg)\"><\/span>\n\t\t\t\t\t<a href=\"https:\/\/alimentsalento.com\/es\/categoria-producto\/productos-tipicos\/pesto-es\/\" class=\"category_item\" >\n\t\t\t\t\t\t<span class=\"category_name\">Pesto\t\t\t\t\t\t\t\t\t\t\t\t\t<\/span>\n\t\t\t\t\t<\/a>\n\t\t\t\t<\/div>\n\t\t\t<\/div>\n\n\t\t\t\n\t\t\t<div class=\"category_5\">\n\t\t\t\t<div class=\"category_grid_box\">\n\t\t\t\t\t<span class=\"category_item_bkg\" style=\"background-image:url(https:\/\/alimentsalento.com\/wp-content\/uploads\/2021\/12\/speciale-salse.jpg)\"><\/span>\n\t\t\t\t\t<a href=\"https:\/\/alimentsalento.com\/es\/categoria-producto\/productos-tipicos\/condimentos\/\" class=\"category_item\" >\n\t\t\t\t\t\t<span class=\"category_name\">Condimentos\t\t\t\t\t\t\t\t\t\t\t\t\t<\/span>\n\t\t\t\t\t<\/a>\n\t\t\t\t<\/div>\n\t\t\t<\/div>\n\n\t\t\t\n\t\t\t<div class=\"category_6\">\n\t\t\t\t<div class=\"category_grid_box\">\n\t\t\t\t\t<span class=\"category_item_bkg\" style=\"background-image:url(https:\/\/alimentsalento.com\/wp-content\/uploads\/2021\/12\/biodiverse-ADV-scaled-e1638560079121.jpeg)\"><\/span>\n\t\t\t\t\t<a href=\"https:\/\/alimentsalento.com\/es\/categoria-producto\/productos-tipicos\/sopas\/\" class=\"category_item\" >\n\t\t\t\t\t\t<span class=\"category_name\">Sopas\t\t\t\t\t\t\t\t\t\t\t\t\t<\/span>\n\t\t\t\t\t<\/a>\n\t\t\t\t<\/div>\n\t\t\t<\/div>\n\n\t\t\t\n\t\t\t<div class=\"category_more_than_6\">\n\t\t\t\t<div class=\"category_grid_box\">\n\t\t\t\t\t<span class=\"category_item_bkg\" style=\"background-image:url(https:\/\/alimentsalento.com\/wp-content\/uploads\/2021\/12\/g2.jpg)\"><\/span>\n\t\t\t\t\t<a href=\"https:\/\/alimentsalento.com\/es\/categoria-producto\/productos-tipicos\/azafran\/\" class=\"category_item\" >\n\t\t\t\t\t\t<span class=\"category_name\">Azafr\u00e1n\t\t\t\t\t\t\t\t\t\t\t\t\t<\/span>\n\t\t\t\t\t<\/a>\n\t\t\t\t<\/div>\n\t\t\t<\/div>\n\n\t\t\t\n\t\t\t<div class=\"category_more_than_6\">\n\t\t\t\t<div class=\"category_grid_box\">\n\t\t\t\t\t<span class=\"category_item_bkg\" style=\"background-image:url(https:\/\/alimentsalento.com\/wp-content\/uploads\/2022\/01\/frise.jpg)\"><\/span>\n\t\t\t\t\t<a href=\"https:\/\/alimentsalento.com\/es\/categoria-producto\/productos-tipicos\/frise-es\/\" class=\"category_item\" >\n\t\t\t\t\t\t<span class=\"category_name\">Frise\t\t\t\t\t\t\t\t\t\t\t\t\t<\/span>\n\t\t\t\t\t<\/a>\n\t\t\t\t<\/div>\n\t\t\t<\/div>\n\n\t\t\t\n\t\t\t<div class=\"category_more_than_6\">\n\t\t\t\t<div class=\"category_grid_box\">\n\t\t\t\t\t<span class=\"category_item_bkg\" style=\"background-image:url(https:\/\/alimentsalento.com\/wp-content\/uploads\/2022\/01\/taralli.jpg)\"><\/span>\n\t\t\t\t\t<a href=\"https:\/\/alimentsalento.com\/es\/categoria-producto\/productos-tipicos\/tarallini-es\/\" class=\"category_item\" >\n\t\t\t\t\t\t<span class=\"category_name\">Tarallini\t\t\t\t\t\t\t\t\t\t\t\t\t<\/span>\n\t\t\t\t\t<\/a>\n\t\t\t\t<\/div>\n\t\t\t<\/div>\n\n\t\t\t\n\t\t\t<div class=\"category_more_than_6\">\n\t\t\t\t<div class=\"category_grid_box\">\n\t\t\t\t\t<span class=\"category_item_bkg\" style=\"background-image:url(https:\/\/alimentsalento.com\/wp-content\/uploads\/2022\/01\/front-view-sweet-sand-biscuits-white-cookie-sugar-dessert-cake-tea-photo-scaled.jpg)\"><\/span>\n\t\t\t\t\t<a href=\"https:\/\/alimentsalento.com\/es\/categoria-producto\/productos-tipicos\/galletas-artesanas\/\" class=\"category_item\" >\n\t\t\t\t\t\t<span class=\"category_name\">Galletas Artesanas\t\t\t\t\t\t\t\t\t\t\t\t\t<\/span>\n\t\t\t\t\t<\/a>\n\t\t\t\t<\/div>\n\t\t\t<\/div>\n\n\t\t\t\n\t\t\t<div class=\"clearfix\"><\/div>\n\n\t\t<\/div><\/div>[\/vc_column][\/vc_row]<\/p>\n","protected":false},"excerpt":{"rendered":"<p>[vc_row css_animation=&#8221;fadeIn&#8221; type=&#8221;boxed&#8221; css=&#8221;.vc_custom_1487082335567{margin-bottom: 75px !important;}&#8221;][vc_column css=&#8221;.vc_custom_1638377567437{margin-top: 100px !important;}&#8221;][vc_column_text css=&#8221;.vc_custom_1638810309081{margin-bottom: 75px !important;}&#8221;] Productos T\u00edpicos Un equilibrio de la tradici\u00f3n de Salento a trav\u00e9s de productos gastron\u00f3micos sostenibles y trazables. [\/vc_column_text][\/vc_column][\/vc_row]<\/p>\n","protected":false},"author":1,"featured_media":0,"parent":0,"menu_order":0,"comment_status":"closed","ping_status":"closed","template":"","meta":{"footnotes":""},"class_list":["post-6811","page","type-page","status-publish","hentry"],"yoast_head":"<!-- This site is optimized with the Yoast SEO plugin v27.4 - https:\/\/yoast.com\/product\/yoast-seo-wordpress\/ -->\n<title>Productos T\u00edpicos - Aliments Salento<\/title>\n<meta name=\"robots\" content=\"index, follow, max-snippet:-1, max-image-preview:large, max-video-preview:-1\" \/>\n<link rel=\"canonical\" href=\"https:\/\/alimentsalento.com\/es\/productos-tipicos\/\" \/>\n<meta property=\"og:locale\" content=\"es_ES\" \/>\n<meta property=\"og:type\" content=\"article\" \/>\n<meta property=\"og:title\" content=\"Productos T\u00edpicos - Aliments Salento\" \/>\n<meta property=\"og:description\" content=\"[vc_row css_animation=&#8221;fadeIn&#8221; type=&#8221;boxed&#8221; css=&#8221;.vc_custom_1487082335567{margin-bottom: 75px !important;}&#8221;][vc_column css=&#8221;.vc_custom_1638377567437{margin-top: 100px !important;}&#8221;][vc_column_text css=&#8221;.vc_custom_1638810309081{margin-bottom: 75px !important;}&#8221;] Productos T\u00edpicos Un equilibrio de la tradici\u00f3n de Salento a trav\u00e9s de productos gastron\u00f3micos sostenibles y trazables. [\/vc_column_text][\/vc_column][\/vc_row]\" \/>\n<meta property=\"og:url\" content=\"https:\/\/alimentsalento.com\/es\/productos-tipicos\/\" \/>\n<meta property=\"og:site_name\" content=\"Aliments Salento\" \/>\n<meta property=\"article:publisher\" content=\"https:\/\/www.facebook.com\/alimentssalento\" \/>\n<meta property=\"article:modified_time\" content=\"2022-01-20T11:14:09+00:00\" \/>\n<meta name=\"twitter:card\" content=\"summary_large_image\" \/>\n<script type=\"application\/ld+json\" class=\"yoast-schema-graph\">{\"@context\":\"https:\\\/\\\/schema.org\",\"@graph\":[{\"@type\":\"WebPage\",\"@id\":\"https:\\\/\\\/alimentsalento.com\\\/es\\\/productos-tipicos\\\/\",\"url\":\"https:\\\/\\\/alimentsalento.com\\\/es\\\/productos-tipicos\\\/\",\"name\":\"Productos T\u00edpicos - Aliments Salento\",\"isPartOf\":{\"@id\":\"https:\\\/\\\/alimentsalento.com\\\/es\\\/#website\"},\"datePublished\":\"2022-01-14T16:52:54+00:00\",\"dateModified\":\"2022-01-20T11:14:09+00:00\",\"breadcrumb\":{\"@id\":\"https:\\\/\\\/alimentsalento.com\\\/es\\\/productos-tipicos\\\/#breadcrumb\"},\"inLanguage\":\"es\",\"potentialAction\":[{\"@type\":\"ReadAction\",\"target\":[\"https:\\\/\\\/alimentsalento.com\\\/es\\\/productos-tipicos\\\/\"]}]},{\"@type\":\"BreadcrumbList\",\"@id\":\"https:\\\/\\\/alimentsalento.com\\\/es\\\/productos-tipicos\\\/#breadcrumb\",\"itemListElement\":[{\"@type\":\"ListItem\",\"position\":1,\"name\":\"Home\",\"item\":\"https:\\\/\\\/alimentsalento.com\\\/es\\\/\"},{\"@type\":\"ListItem\",\"position\":2,\"name\":\"Productos T\u00edpicos\"}]},{\"@type\":\"WebSite\",\"@id\":\"https:\\\/\\\/alimentsalento.com\\\/es\\\/#website\",\"url\":\"https:\\\/\\\/alimentsalento.com\\\/es\\\/\",\"name\":\"Aliments Salento\",\"description\":\"Benvenuti in Salento, terra di sapori e di colori.\",\"publisher\":{\"@id\":\"https:\\\/\\\/alimentsalento.com\\\/es\\\/#organization\"},\"potentialAction\":[{\"@type\":\"SearchAction\",\"target\":{\"@type\":\"EntryPoint\",\"urlTemplate\":\"https:\\\/\\\/alimentsalento.com\\\/es\\\/?s={search_term_string}\"},\"query-input\":{\"@type\":\"PropertyValueSpecification\",\"valueRequired\":true,\"valueName\":\"search_term_string\"}}],\"inLanguage\":\"es\"},{\"@type\":\"Organization\",\"@id\":\"https:\\\/\\\/alimentsalento.com\\\/es\\\/#organization\",\"name\":\"Aliments Salento\",\"url\":\"https:\\\/\\\/alimentsalento.com\\\/es\\\/\",\"logo\":{\"@type\":\"ImageObject\",\"inLanguage\":\"es\",\"@id\":\"https:\\\/\\\/alimentsalento.com\\\/es\\\/#\\\/schema\\\/logo\\\/image\\\/\",\"url\":\"https:\\\/\\\/alimentsalento.com\\\/wp-content\\\/uploads\\\/2021\\\/12\\\/AlimentsalentoSLchef6.png\",\"contentUrl\":\"https:\\\/\\\/alimentsalento.com\\\/wp-content\\\/uploads\\\/2021\\\/12\\\/AlimentsalentoSLchef6.png\",\"width\":542,\"height\":176,\"caption\":\"Aliments Salento\"},\"image\":{\"@id\":\"https:\\\/\\\/alimentsalento.com\\\/es\\\/#\\\/schema\\\/logo\\\/image\\\/\"},\"sameAs\":[\"https:\\\/\\\/www.facebook.com\\\/alimentssalento\",\"https:\\\/\\\/www.instagram.com\\\/aliments_salento\\\/\",\"https:\\\/\\\/www.linkedin.com\\\/company\\\/aliments-salento\"]}]}<\/script>\n<!-- \/ Yoast SEO plugin. -->","yoast_head_json":{"title":"Productos T\u00edpicos - Aliments Salento","robots":{"index":"index","follow":"follow","max-snippet":"max-snippet:-1","max-image-preview":"max-image-preview:large","max-video-preview":"max-video-preview:-1"},"canonical":"https:\/\/alimentsalento.com\/es\/productos-tipicos\/","og_locale":"es_ES","og_type":"article","og_title":"Productos T\u00edpicos - Aliments Salento","og_description":"[vc_row css_animation=&#8221;fadeIn&#8221; type=&#8221;boxed&#8221; css=&#8221;.vc_custom_1487082335567{margin-bottom: 75px !important;}&#8221;][vc_column css=&#8221;.vc_custom_1638377567437{margin-top: 100px !important;}&#8221;][vc_column_text css=&#8221;.vc_custom_1638810309081{margin-bottom: 75px !important;}&#8221;] Productos T\u00edpicos Un equilibrio de la tradici\u00f3n de Salento a trav\u00e9s de productos gastron\u00f3micos sostenibles y trazables. [\/vc_column_text][\/vc_column][\/vc_row]","og_url":"https:\/\/alimentsalento.com\/es\/productos-tipicos\/","og_site_name":"Aliments Salento","article_publisher":"https:\/\/www.facebook.com\/alimentssalento","article_modified_time":"2022-01-20T11:14:09+00:00","twitter_card":"summary_large_image","schema":{"@context":"https:\/\/schema.org","@graph":[{"@type":"WebPage","@id":"https:\/\/alimentsalento.com\/es\/productos-tipicos\/","url":"https:\/\/alimentsalento.com\/es\/productos-tipicos\/","name":"Productos T\u00edpicos - Aliments Salento","isPartOf":{"@id":"https:\/\/alimentsalento.com\/es\/#website"},"datePublished":"2022-01-14T16:52:54+00:00","dateModified":"2022-01-20T11:14:09+00:00","breadcrumb":{"@id":"https:\/\/alimentsalento.com\/es\/productos-tipicos\/#breadcrumb"},"inLanguage":"es","potentialAction":[{"@type":"ReadAction","target":["https:\/\/alimentsalento.com\/es\/productos-tipicos\/"]}]},{"@type":"BreadcrumbList","@id":"https:\/\/alimentsalento.com\/es\/productos-tipicos\/#breadcrumb","itemListElement":[{"@type":"ListItem","position":1,"name":"Home","item":"https:\/\/alimentsalento.com\/es\/"},{"@type":"ListItem","position":2,"name":"Productos T\u00edpicos"}]},{"@type":"WebSite","@id":"https:\/\/alimentsalento.com\/es\/#website","url":"https:\/\/alimentsalento.com\/es\/","name":"Aliments Salento","description":"Benvenuti in Salento, terra di sapori e di colori.","publisher":{"@id":"https:\/\/alimentsalento.com\/es\/#organization"},"potentialAction":[{"@type":"SearchAction","target":{"@type":"EntryPoint","urlTemplate":"https:\/\/alimentsalento.com\/es\/?s={search_term_string}"},"query-input":{"@type":"PropertyValueSpecification","valueRequired":true,"valueName":"search_term_string"}}],"inLanguage":"es"},{"@type":"Organization","@id":"https:\/\/alimentsalento.com\/es\/#organization","name":"Aliments Salento","url":"https:\/\/alimentsalento.com\/es\/","logo":{"@type":"ImageObject","inLanguage":"es","@id":"https:\/\/alimentsalento.com\/es\/#\/schema\/logo\/image\/","url":"https:\/\/alimentsalento.com\/wp-content\/uploads\/2021\/12\/AlimentsalentoSLchef6.png","contentUrl":"https:\/\/alimentsalento.com\/wp-content\/uploads\/2021\/12\/AlimentsalentoSLchef6.png","width":542,"height":176,"caption":"Aliments Salento"},"image":{"@id":"https:\/\/alimentsalento.com\/es\/#\/schema\/logo\/image\/"},"sameAs":["https:\/\/www.facebook.com\/alimentssalento","https:\/\/www.instagram.com\/aliments_salento\/","https:\/\/www.linkedin.com\/company\/aliments-salento"]}]}},"_links":{"self":[{"href":"https:\/\/alimentsalento.com\/es\/wp-json\/wp\/v2\/pages\/6811","targetHints":{"allow":["GET"]}}],"collection":[{"href":"https:\/\/alimentsalento.com\/es\/wp-json\/wp\/v2\/pages"}],"about":[{"href":"https:\/\/alimentsalento.com\/es\/wp-json\/wp\/v2\/types\/page"}],"author":[{"embeddable":true,"href":"https:\/\/alimentsalento.com\/es\/wp-json\/wp\/v2\/users\/1"}],"replies":[{"embeddable":true,"href":"https:\/\/alimentsalento.com\/es\/wp-json\/wp\/v2\/comments?post=6811"}],"version-history":[{"count":0,"href":"https:\/\/alimentsalento.com\/es\/wp-json\/wp\/v2\/pages\/6811\/revisions"}],"wp:attachment":[{"href":"https:\/\/alimentsalento.com\/es\/wp-json\/wp\/v2\/media?parent=6811"}],"curies":[{"name":"wp","href":"https:\/\/api.w.org\/{rel}","templated":true}]}}