{"id":6672,"date":"2022-01-13T16:47:05","date_gmt":"2022-01-13T15:47:05","guid":{"rendered":"https:\/\/alimentsalento.com\/quienes-somos\/"},"modified":"2022-02-07T10:01:30","modified_gmt":"2022-02-07T09:01:30","slug":"quienes-somos","status":"publish","type":"page","link":"https:\/\/alimentsalento.com\/es\/quienes-somos\/","title":{"rendered":"Qui\u00e9nes Somos"},"content":{"rendered":"<p>[vc_row full_width=&#8221;stretch_row&#8221; full_height=&#8221;yes&#8221; css_animation=&#8221;fadeIn&#8221; css=&#8221;.vc_custom_1641377851300{background: rgba(0,0,0,0.1) url(https:\/\/alimentsalento.com\/wp-content\/uploads\/2022\/01\/frantoio-ipogeo-1.jpg?id=4234) !important;background-position: center !important;background-repeat: no-repeat !important;background-size: cover !important;*background-color: rgb(0,0,0) !important;}&#8221;][vc_column width=&#8221;1\/2&#8243; css=&#8221;.vc_custom_1638215404203{padding-top: 250px !important;}&#8221;][vc_column_text]<\/p>\n<h1><span style=\"color: #ffffff;\">Qui\u00e9nes Somos<\/span><\/h1>\n<p>[\/vc_column_text][vc_column_text]<span style=\"color: #ffffff;\"><strong>Aliments Salento<\/strong> es una sociedad comercial francesa que trabaja en el sector agroalimentario y enogastron\u00f2mico, con sede legal y direcci\u00f2n en Par\u00ecs \u2013 Francia y oficinas de representaci\u00f2n en Nard\u00f2 (Lecce) \u2013 Italia.<br \/>\nLa empresa negocia, comercializa y promueve productos enogastron\u00f2micos italianos de la Puglia y del Salento, y provee servicios reales a las empresas del sector.<br \/>\n<\/span>[\/vc_column_text][\/vc_column][\/vc_row][vc_row][vc_column][vc_column_text]<\/p>\n<h2>Nuestra empresa<\/h2>\n<p>[\/vc_column_text][\/vc_column][\/vc_row][vc_row css=&#8221;.vc_custom_1484857863227{margin-bottom: 75px !important;}&#8221;][vc_column width=&#8221;1\/2&#8243;][vc_column_text]<\/p>\n<p style=\"text-align: justify;\"><strong>Aliments Salento<\/strong> es una empresa que negocia y comercializa productos enogastron\u00f2micos t\u00ecpicos de la Puglia y del Salento.<br \/>\nA trav\u00e9s de la actividad del Presidente Salvatore Lega, chef em\u00e9rito, y de los dem\u00e0s socios, todos salentinos, en posesi\u00f2n de espec\u00ecficas competencias profesionales en el sector, se propone de hacer conocer y apreciar en Italia y en el extranjero los productos t\u00ecpicos de excelencia pugliese y salentina, obtenidos de la elaboraci\u00f2n de materias primas locales testeadas biol\u00f2gicamente y transformadas seg\u00f9n tradici\u00f2n, en denominaci\u00f2n de origen controlado. La vocaci\u00f2n de Aliments Salento es la de hacer degustar a los consumidores, italianos y no italianos, los productos t\u00ecpicos puglieses y salentinos que por su calidad y genuinidad son particularmente beneficiosos a la salud.[\/vc_column_text][\/vc_column][vc_column width=&#8221;1\/2&#8243;][vc_single_image image=&#8221;2991&#8243; img_size=&#8221;full&#8221;][\/vc_column][\/vc_row][vc_row css=&#8221;.vc_custom_1635527920306{margin-bottom: 75px !important;}&#8221;][vc_column][vc_text_separator title=&#8221;Chef Salvatore Lega&#8221;][vc_single_image image=&#8221;4157&#8243; img_size=&#8221;600px&#8221; alignment=&#8221;center&#8221;][\/vc_column][\/vc_row][vc_row css=&#8221;.vc_custom_1635527920306{margin-bottom: 75px !important;}&#8221;][vc_column width=&#8221;2\/5&#8243;][vc_single_image image=&#8221;4092&#8243; img_size=&#8221;full&#8221;][vc_single_image image=&#8221;3909&#8243; img_size=&#8221;full&#8221;][vc_single_image image=&#8221;4093&#8243; img_size=&#8221;full&#8221;][\/vc_column][vc_column width=&#8221;3\/5&#8243;][vc_column_text]<\/p>\n<h2>Nuestros caminos gustativos<\/h2>\n<p>[\/vc_column_text][vc_column_text]<\/p>\n<p style=\"text-align: justify;\">Los productos t\u00ecpicos puglieses y salentinos m\u00e0s apreciados son el aceite extra virgen de oliva, definido como \u201cel oro verde de Puglia\u201d, el vino Primitivo, uno de los 26 famosos vinos del territorio apreciados en todo el mundo, los productos al horno salados, mermeladas, miel, condimentos, la pasta fresca y seca, dulces tradicionales y muchos otros productos exquisitos.<\/p>\n<p style=\"text-align: justify;\">El objetivo es el de transportar las papilas gustativas de los consumidores del mundo aquellos gustos \u00f9nicos de la cocina t\u00ecpica pugliese y salentina, saboreando las especialidades y haciendo de forma que no puedan m\u00e0s prescindir de ellos.<\/p>\n<p style=\"text-align: justify;\">Para lograr este resultado Aliments Salento organiza presentaciones y degustaciones espec\u00ecficas en negocios especializados en Par\u00ecs y en toda Francia, como as\u00ec tambi\u00e9n, en las ciudades m\u00e0s importantes de los dem\u00e0s Pa\u00ecses europeos; los productos utilizados son exclusivamente puglieses y salentinos, seleccionados con cura y preparados por el chef Salvatore Lega.<\/p>\n<p>[\/vc_column_text][vc_single_image image=&#8221;3908&#8243; img_size=&#8221;full&#8221;][\/vc_column][\/vc_row][vc_row][vc_column][vc_images_carousel images=&#8221;3910,3907&#8243; img_size=&#8221;full&#8221; speed=&#8221;4000&#8243; autoplay=&#8221;yes&#8221; wrap=&#8221;yes&#8221;][\/vc_column][\/vc_row][vc_row css=&#8221;.vc_custom_1635527920306{margin-bottom: 75px !important;}&#8221;][vc_column][vc_images_carousel images=&#8221;3848,3850,3854&#8243; img_size=&#8221;full&#8221; onclick=&#8221;link_no&#8221; speed=&#8221;3500&#8243; autoplay=&#8221;yes&#8221; hide_pagination_control=&#8221;yes&#8221; hide_prev_next_buttons=&#8221;yes&#8221; wrap=&#8221;yes&#8221;][\/vc_column][\/vc_row][vc_row css=&#8221;.vc_custom_1635528030600{margin-bottom: 75px !important;}&#8221;][vc_column][vc_column_text css=&#8221;.vc_custom_1635528049131{padding-right: 23% !important;}&#8221;]<\/p>\n<h2>Conocer el Territorio<\/h2>\n<p>[\/vc_column_text][vc_column_text]La acci\u00f2n promocional de Aliments Salento apunta a hacer conocer no s\u00f2lo los productos gastron\u00f2micos t\u00ecpicos, sino tambi\u00e9n la belleza de las playas, el esplendor cultural y art\u00ecstico de los centros hist\u00f2ricos del Salento y de la Puglia en general, el fascinante folklore local y los paisajes de f\u00e0bula.[\/vc_column_text][vc_single_image image=&#8221;3860&#8243; img_size=&#8221;full&#8221; alignment=&#8221;center&#8221;][vc_column_text]El clima templado casi todo todo el a\u00f1o, la mancha mediterr\u00e0nea, la naturaleza incontaminada, la agricultura biol\u00f2gica, el sol, el mar cristalino son todos factores que, adem\u00e0s de contribuir a crear productos gastron\u00f2micos t\u00ecpicos de calidad, generan una fuerte atracci\u00f2n y empat\u00eca, a tal punto de fomentar a los turistas a transcurrir sus vacaciones en el Salento, donde pueden encontrar un c\u00e0lido recibimiento en las numerosas estructuras receptivas existentes.[\/vc_column_text][vc_single_image image=&#8221;3856&#8243; img_size=&#8221;full&#8221; alignment=&#8221;center&#8221;][vc_column_text]Para permitir a sus propios clientes de preparar sus mesas con las especialidades de la cocina salentina y pugliese, y deliciar sus paladares, Aliments Salento ha seleccionado, respetando los rigurosos est\u00e0ndares de calidad, los mejores productos t\u00ecpicos salentinos, todos reconocidos y dotados de espec\u00ecficas certificaciones.<\/p>\n<p>Naturalmente el aceite extra virgen de oliva, alimento rico de excepcionales propiedades nutritivas con sus efectos positivos para la salud, es el producto base, indispensable para la preparaci\u00f2n de los platos t\u00ecpicos m\u00e0s deliciosos.[\/vc_column_text][vc_single_image image=&#8221;3861&#8243; img_size=&#8221;full&#8221; alignment=&#8221;center&#8221;][vc_column_text]Aliments Salento por otra parte, para hacer conocer y apreciar la gastronom\u00eca italiana y los productos puglieses ha estipulado una convenci\u00f2n con un instituto de formaci\u00f2n profesional italiano Efal Salento acreditado ante la Regi\u00f2n de Puglia para formar a los operadores de la restauraci\u00f2n no italianos a saber realizar la cocina mediterr\u00e0nea y preparar platos con productos salentinos y puglieses.[\/vc_column_text][\/vc_column][\/vc_row][vc_row full_width=&#8221;stretch_row_content&#8221; gap=&#8221;35&#8243; equal_height=&#8221;yes&#8221; content_placement=&#8221;middle&#8221; css=&#8221;.vc_custom_1484858516306{margin-bottom: 75px !important;padding-right: 5% !important;padding-left: 5% !important;}&#8221;][vc_column width=&#8221;1\/3&#8243;][vc_single_image image=&#8221;3164&#8243; img_size=&#8221;full&#8221; alignment=&#8221;center&#8221;][\/vc_column][vc_column width=&#8221;1\/3&#8243;][vc_single_image image=&#8221;3825&#8243; img_size=&#8221;full&#8221; alignment=&#8221;center&#8221;][\/vc_column][vc_column width=&#8221;1\/3&#8243;][vc_single_image image=&#8221;3827&#8243; img_size=&#8221;full&#8221; alignment=&#8221;center&#8221;][\/vc_column][\/vc_row][vc_row full_width=&#8221;stretch_row_content_no_spaces&#8221; gap=&#8221;30&#8243;][vc_column width=&#8221;1\/2&#8243;][vc_single_image image=&#8221;3877&#8243; img_size=&#8221;full&#8221; alignment=&#8221;center&#8221;][\/vc_column][vc_column width=&#8221;1\/2&#8243;][vc_single_image image=&#8221;3881&#8243; img_size=&#8221;full&#8221; alignment=&#8221;center&#8221;][\/vc_column][\/vc_row]<\/p>\n","protected":false},"excerpt":{"rendered":"<p>[vc_row full_width=&#8221;stretch_row&#8221; full_height=&#8221;yes&#8221; css_animation=&#8221;fadeIn&#8221; css=&#8221;.vc_custom_1641377851300{background: rgba(0,0,0,0.1) url(https:\/\/alimentsalento.com\/wp-content\/uploads\/2022\/01\/frantoio-ipogeo-1.jpg?id=4234) !important;background-position: center !important;background-repeat: no-repeat !important;background-size: cover !important;*background-color: rgb(0,0,0) !important;}&#8221;][vc_column width=&#8221;1\/2&#8243; css=&#8221;.vc_custom_1638215404203{padding-top: 250px !important;}&#8221;][vc_column_text] Qui\u00e9nes Somos [\/vc_column_text][vc_column_text]Aliments Salento es una sociedad comercial francesa que trabaja en el sector agroalimentario y enogastron\u00f2mico, con sede legal y direcci\u00f2n en Par\u00ecs \u2013 Francia y oficinas de representaci\u00f2n en Nard\u00f2 (Lecce) \u2013 Italia. [&hellip;]<\/p>\n","protected":false},"author":1,"featured_media":0,"parent":0,"menu_order":0,"comment_status":"closed","ping_status":"closed","template":"page-boxed.php","meta":{"footnotes":""},"class_list":["post-6672","page","type-page","status-publish","hentry"],"yoast_head":"<!-- This site is optimized with the Yoast SEO plugin v27.5 - https:\/\/yoast.com\/product\/yoast-seo-wordpress\/ -->\n<title>Qui\u00e9nes Somos - Aliments Salento<\/title>\n<meta name=\"robots\" content=\"index, follow, max-snippet:-1, max-image-preview:large, max-video-preview:-1\" \/>\n<link rel=\"canonical\" href=\"https:\/\/alimentsalento.com\/es\/quienes-somos\/\" \/>\n<meta property=\"og:locale\" content=\"es_ES\" \/>\n<meta property=\"og:type\" content=\"article\" \/>\n<meta property=\"og:title\" content=\"Qui\u00e9nes Somos - Aliments Salento\" \/>\n<meta property=\"og:description\" content=\"[vc_row full_width=&#8221;stretch_row&#8221; full_height=&#8221;yes&#8221; css_animation=&#8221;fadeIn&#8221; css=&#8221;.vc_custom_1641377851300{background: rgba(0,0,0,0.1) url(https:\/\/alimentsalento.com\/wp-content\/uploads\/2022\/01\/frantoio-ipogeo-1.jpg?id=4234) !important;background-position: center !important;background-repeat: no-repeat !important;background-size: cover !important;*background-color: rgb(0,0,0) !important;}&#8221;][vc_column width=&#8221;1\/2&#8243; css=&#8221;.vc_custom_1638215404203{padding-top: 250px !important;}&#8221;][vc_column_text] Qui\u00e9nes Somos [\/vc_column_text][vc_column_text]Aliments Salento es una sociedad comercial francesa que trabaja en el sector agroalimentario y enogastron\u00f2mico, con sede legal y direcci\u00f2n en Par\u00ecs \u2013 Francia y oficinas de representaci\u00f2n en Nard\u00f2 (Lecce) \u2013 Italia. [&hellip;]\" \/>\n<meta property=\"og:url\" content=\"https:\/\/alimentsalento.com\/es\/quienes-somos\/\" \/>\n<meta property=\"og:site_name\" content=\"Aliments Salento\" \/>\n<meta property=\"article:publisher\" content=\"https:\/\/www.facebook.com\/alimentssalento\" \/>\n<meta property=\"article:modified_time\" content=\"2022-02-07T09:01:30+00:00\" \/>\n<meta name=\"twitter:card\" content=\"summary_large_image\" \/>\n<meta name=\"twitter:label1\" content=\"Tiempo de lectura\" \/>\n\t<meta name=\"twitter:data1\" content=\"5 minutos\" \/>\n<script type=\"application\/ld+json\" class=\"yoast-schema-graph\">{\"@context\":\"https:\\\/\\\/schema.org\",\"@graph\":[{\"@type\":\"WebPage\",\"@id\":\"https:\\\/\\\/alimentsalento.com\\\/es\\\/quienes-somos\\\/\",\"url\":\"https:\\\/\\\/alimentsalento.com\\\/es\\\/quienes-somos\\\/\",\"name\":\"Qui\u00e9nes Somos - Aliments Salento\",\"isPartOf\":{\"@id\":\"https:\\\/\\\/alimentsalento.com\\\/es\\\/#website\"},\"datePublished\":\"2022-01-13T15:47:05+00:00\",\"dateModified\":\"2022-02-07T09:01:30+00:00\",\"breadcrumb\":{\"@id\":\"https:\\\/\\\/alimentsalento.com\\\/es\\\/quienes-somos\\\/#breadcrumb\"},\"inLanguage\":\"es\",\"potentialAction\":[{\"@type\":\"ReadAction\",\"target\":[\"https:\\\/\\\/alimentsalento.com\\\/es\\\/quienes-somos\\\/\"]}]},{\"@type\":\"BreadcrumbList\",\"@id\":\"https:\\\/\\\/alimentsalento.com\\\/es\\\/quienes-somos\\\/#breadcrumb\",\"itemListElement\":[{\"@type\":\"ListItem\",\"position\":1,\"name\":\"Home\",\"item\":\"https:\\\/\\\/alimentsalento.com\\\/es\\\/\"},{\"@type\":\"ListItem\",\"position\":2,\"name\":\"Qui\u00e9nes Somos\"}]},{\"@type\":\"WebSite\",\"@id\":\"https:\\\/\\\/alimentsalento.com\\\/es\\\/#website\",\"url\":\"https:\\\/\\\/alimentsalento.com\\\/es\\\/\",\"name\":\"Aliments Salento\",\"description\":\"Benvenuti in Salento, terra di sapori e di colori.\",\"publisher\":{\"@id\":\"https:\\\/\\\/alimentsalento.com\\\/es\\\/#organization\"},\"potentialAction\":[{\"@type\":\"SearchAction\",\"target\":{\"@type\":\"EntryPoint\",\"urlTemplate\":\"https:\\\/\\\/alimentsalento.com\\\/es\\\/?s={search_term_string}\"},\"query-input\":{\"@type\":\"PropertyValueSpecification\",\"valueRequired\":true,\"valueName\":\"search_term_string\"}}],\"inLanguage\":\"es\"},{\"@type\":\"Organization\",\"@id\":\"https:\\\/\\\/alimentsalento.com\\\/es\\\/#organization\",\"name\":\"Aliments Salento\",\"url\":\"https:\\\/\\\/alimentsalento.com\\\/es\\\/\",\"logo\":{\"@type\":\"ImageObject\",\"inLanguage\":\"es\",\"@id\":\"https:\\\/\\\/alimentsalento.com\\\/es\\\/#\\\/schema\\\/logo\\\/image\\\/\",\"url\":\"https:\\\/\\\/alimentsalento.com\\\/wp-content\\\/uploads\\\/2021\\\/12\\\/AlimentsalentoSLchef6.png\",\"contentUrl\":\"https:\\\/\\\/alimentsalento.com\\\/wp-content\\\/uploads\\\/2021\\\/12\\\/AlimentsalentoSLchef6.png\",\"width\":542,\"height\":176,\"caption\":\"Aliments Salento\"},\"image\":{\"@id\":\"https:\\\/\\\/alimentsalento.com\\\/es\\\/#\\\/schema\\\/logo\\\/image\\\/\"},\"sameAs\":[\"https:\\\/\\\/www.facebook.com\\\/alimentssalento\",\"https:\\\/\\\/www.instagram.com\\\/aliments_salento\\\/\",\"https:\\\/\\\/www.linkedin.com\\\/company\\\/aliments-salento\"]}]}<\/script>\n<!-- \/ Yoast SEO plugin. -->","yoast_head_json":{"title":"Qui\u00e9nes Somos - Aliments Salento","robots":{"index":"index","follow":"follow","max-snippet":"max-snippet:-1","max-image-preview":"max-image-preview:large","max-video-preview":"max-video-preview:-1"},"canonical":"https:\/\/alimentsalento.com\/es\/quienes-somos\/","og_locale":"es_ES","og_type":"article","og_title":"Qui\u00e9nes Somos - Aliments Salento","og_description":"[vc_row full_width=&#8221;stretch_row&#8221; full_height=&#8221;yes&#8221; css_animation=&#8221;fadeIn&#8221; css=&#8221;.vc_custom_1641377851300{background: rgba(0,0,0,0.1) url(https:\/\/alimentsalento.com\/wp-content\/uploads\/2022\/01\/frantoio-ipogeo-1.jpg?id=4234) !important;background-position: center !important;background-repeat: no-repeat !important;background-size: cover !important;*background-color: rgb(0,0,0) !important;}&#8221;][vc_column width=&#8221;1\/2&#8243; css=&#8221;.vc_custom_1638215404203{padding-top: 250px !important;}&#8221;][vc_column_text] Qui\u00e9nes Somos [\/vc_column_text][vc_column_text]Aliments Salento es una sociedad comercial francesa que trabaja en el sector agroalimentario y enogastron\u00f2mico, con sede legal y direcci\u00f2n en Par\u00ecs \u2013 Francia y oficinas de representaci\u00f2n en Nard\u00f2 (Lecce) \u2013 Italia. [&hellip;]","og_url":"https:\/\/alimentsalento.com\/es\/quienes-somos\/","og_site_name":"Aliments Salento","article_publisher":"https:\/\/www.facebook.com\/alimentssalento","article_modified_time":"2022-02-07T09:01:30+00:00","twitter_card":"summary_large_image","twitter_misc":{"Tiempo de lectura":"5 minutos"},"schema":{"@context":"https:\/\/schema.org","@graph":[{"@type":"WebPage","@id":"https:\/\/alimentsalento.com\/es\/quienes-somos\/","url":"https:\/\/alimentsalento.com\/es\/quienes-somos\/","name":"Qui\u00e9nes Somos - Aliments Salento","isPartOf":{"@id":"https:\/\/alimentsalento.com\/es\/#website"},"datePublished":"2022-01-13T15:47:05+00:00","dateModified":"2022-02-07T09:01:30+00:00","breadcrumb":{"@id":"https:\/\/alimentsalento.com\/es\/quienes-somos\/#breadcrumb"},"inLanguage":"es","potentialAction":[{"@type":"ReadAction","target":["https:\/\/alimentsalento.com\/es\/quienes-somos\/"]}]},{"@type":"BreadcrumbList","@id":"https:\/\/alimentsalento.com\/es\/quienes-somos\/#breadcrumb","itemListElement":[{"@type":"ListItem","position":1,"name":"Home","item":"https:\/\/alimentsalento.com\/es\/"},{"@type":"ListItem","position":2,"name":"Qui\u00e9nes Somos"}]},{"@type":"WebSite","@id":"https:\/\/alimentsalento.com\/es\/#website","url":"https:\/\/alimentsalento.com\/es\/","name":"Aliments Salento","description":"Benvenuti in Salento, terra di sapori e di colori.","publisher":{"@id":"https:\/\/alimentsalento.com\/es\/#organization"},"potentialAction":[{"@type":"SearchAction","target":{"@type":"EntryPoint","urlTemplate":"https:\/\/alimentsalento.com\/es\/?s={search_term_string}"},"query-input":{"@type":"PropertyValueSpecification","valueRequired":true,"valueName":"search_term_string"}}],"inLanguage":"es"},{"@type":"Organization","@id":"https:\/\/alimentsalento.com\/es\/#organization","name":"Aliments Salento","url":"https:\/\/alimentsalento.com\/es\/","logo":{"@type":"ImageObject","inLanguage":"es","@id":"https:\/\/alimentsalento.com\/es\/#\/schema\/logo\/image\/","url":"https:\/\/alimentsalento.com\/wp-content\/uploads\/2021\/12\/AlimentsalentoSLchef6.png","contentUrl":"https:\/\/alimentsalento.com\/wp-content\/uploads\/2021\/12\/AlimentsalentoSLchef6.png","width":542,"height":176,"caption":"Aliments Salento"},"image":{"@id":"https:\/\/alimentsalento.com\/es\/#\/schema\/logo\/image\/"},"sameAs":["https:\/\/www.facebook.com\/alimentssalento","https:\/\/www.instagram.com\/aliments_salento\/","https:\/\/www.linkedin.com\/company\/aliments-salento"]}]}},"_links":{"self":[{"href":"https:\/\/alimentsalento.com\/es\/wp-json\/wp\/v2\/pages\/6672","targetHints":{"allow":["GET"]}}],"collection":[{"href":"https:\/\/alimentsalento.com\/es\/wp-json\/wp\/v2\/pages"}],"about":[{"href":"https:\/\/alimentsalento.com\/es\/wp-json\/wp\/v2\/types\/page"}],"author":[{"embeddable":true,"href":"https:\/\/alimentsalento.com\/es\/wp-json\/wp\/v2\/users\/1"}],"replies":[{"embeddable":true,"href":"https:\/\/alimentsalento.com\/es\/wp-json\/wp\/v2\/comments?post=6672"}],"version-history":[{"count":0,"href":"https:\/\/alimentsalento.com\/es\/wp-json\/wp\/v2\/pages\/6672\/revisions"}],"wp:attachment":[{"href":"https:\/\/alimentsalento.com\/es\/wp-json\/wp\/v2\/media?parent=6672"}],"curies":[{"name":"wp","href":"https:\/\/api.w.org\/{rel}","templated":true}]}}