{"id":7568,"date":"2022-01-19T08:45:21","date_gmt":"2022-01-19T07:45:21","guid":{"rendered":"https:\/\/alimentsalento.com\/product\/miel-de-mil-flores-de-salento-bio-400gr\/"},"modified":"2023-05-01T18:28:55","modified_gmt":"2023-05-01T16:28:55","slug":"miele-mille-fiori-del-salento-biologico-400gr-esp2","status":"publish","type":"product","link":"https:\/\/alimentsalento.com\/en\/prodotto\/miele-mille-fiori-del-salento-biologico-400gr-esp2\/","title":{"rendered":"Miel de Mil Flores de Salento BIO 400gr"},"content":{"rendered":"<p><b>Valores nutricionales<\/b> <b>por 100g<\/b><\/p>\n<p><span style=\"font-weight: 400;\">Energ\u00eda: 324 Kcal \/ 1377 Kj<br \/>\n<\/span> <span style=\"font-weight: 400;\">Grasas: 0 g<br \/>\n<\/span> <span style=\"font-weight: 400;\">Hidratos de carbono: 80,3 g<br \/>\n<\/span> <span style=\"font-weight: 400;\">De los cuales az\u00facares: 80,3 g<br \/>\n<\/span> Prote\u00ednas: 0,6 g<br \/>\n<span style=\"font-weight: 400;\">Venta: 0,03 g<\/span><\/p>\n","protected":false},"excerpt":{"rendered":"<p><span style=\"font-weight: 400;\">Nuestra miel org\u00e1nica se produce solo en las \u00e1reas menos contaminadas de Salento, con el m\u00e1ximo respeto por las abejas y el consumidor.<\/span><\/p>\n","protected":false},"featured_media":0,"comment_status":"closed","ping_status":"closed","template":"","meta":[],"product_cat":[109],"product_tag":[],"class_list":["post-7568","product","type-product","status-publish","hentry","product_cat-miele-bio"],"yoast_head":"<!-- This site is optimized with the Yoast SEO plugin v27.4 - https:\/\/yoast.com\/product\/yoast-seo-wordpress\/ -->\n<title>Miel de Mil Flores de Salento BIO 400gr - Aliments Salento<\/title>\n<meta name=\"robots\" content=\"index, follow, max-snippet:-1, max-image-preview:large, max-video-preview:-1\" \/>\n<link rel=\"canonical\" href=\"https:\/\/alimentsalento.com\/en\/prodotto\/miele-mille-fiori-del-salento-biologico-400gr-esp2\/\" \/>\n<meta property=\"og:locale\" content=\"en_US\" \/>\n<meta property=\"og:type\" content=\"article\" \/>\n<meta property=\"og:title\" content=\"Miel de Mil Flores de Salento BIO 400gr - Aliments Salento\" \/>\n<meta property=\"og:description\" content=\"Nuestra miel org\u00e1nica se produce solo en las \u00e1reas menos contaminadas de Salento, con el m\u00e1ximo respeto por las abejas y el consumidor.\" \/>\n<meta property=\"og:url\" content=\"https:\/\/alimentsalento.com\/en\/prodotto\/miele-mille-fiori-del-salento-biologico-400gr-esp2\/\" \/>\n<meta property=\"og:site_name\" content=\"Aliments Salento\" \/>\n<meta property=\"article:publisher\" content=\"https:\/\/www.facebook.com\/alimentssalento\" \/>\n<meta property=\"article:modified_time\" content=\"2023-05-01T16:28:55+00:00\" \/>\n<meta name=\"twitter:card\" content=\"summary_large_image\" \/>\n<meta name=\"twitter:label1\" content=\"Est. reading time\" \/>\n\t<meta name=\"twitter:data1\" content=\"1 minute\" \/>\n<script type=\"application\/ld+json\" class=\"yoast-schema-graph\">{\"@context\":\"https:\\\/\\\/schema.org\",\"@graph\":[{\"@type\":\"WebPage\",\"@id\":\"https:\\\/\\\/alimentsalento.com\\\/en\\\/prodotto\\\/miele-mille-fiori-del-salento-biologico-400gr-esp2\\\/\",\"url\":\"https:\\\/\\\/alimentsalento.com\\\/en\\\/prodotto\\\/miele-mille-fiori-del-salento-biologico-400gr-esp2\\\/\",\"name\":\"Miel de Mil Flores de Salento BIO 400gr - Aliments Salento\",\"isPartOf\":{\"@id\":\"https:\\\/\\\/alimentsalento.com\\\/en\\\/#website\"},\"datePublished\":\"2022-01-19T07:45:21+00:00\",\"dateModified\":\"2023-05-01T16:28:55+00:00\",\"breadcrumb\":{\"@id\":\"https:\\\/\\\/alimentsalento.com\\\/en\\\/prodotto\\\/miele-mille-fiori-del-salento-biologico-400gr-esp2\\\/#breadcrumb\"},\"inLanguage\":\"en-US\",\"potentialAction\":[{\"@type\":\"ReadAction\",\"target\":[\"https:\\\/\\\/alimentsalento.com\\\/en\\\/prodotto\\\/miele-mille-fiori-del-salento-biologico-400gr-esp2\\\/\"]}]},{\"@type\":\"BreadcrumbList\",\"@id\":\"https:\\\/\\\/alimentsalento.com\\\/en\\\/prodotto\\\/miele-mille-fiori-del-salento-biologico-400gr-esp2\\\/#breadcrumb\",\"itemListElement\":[{\"@type\":\"ListItem\",\"position\":1,\"name\":\"Home\",\"item\":\"https:\\\/\\\/alimentsalento.com\\\/en\\\/\"},{\"@type\":\"ListItem\",\"position\":2,\"name\":\"Shop\",\"item\":\"https:\\\/\\\/alimentsalento.com\\\/en\\\/shop\\\/\"},{\"@type\":\"ListItem\",\"position\":3,\"name\":\"Miel de Mil Flores de Salento BIO 400gr\"}]},{\"@type\":\"WebSite\",\"@id\":\"https:\\\/\\\/alimentsalento.com\\\/en\\\/#website\",\"url\":\"https:\\\/\\\/alimentsalento.com\\\/en\\\/\",\"name\":\"Aliments Salento\",\"description\":\"Benvenuti in Salento, terra di sapori e di colori.\",\"publisher\":{\"@id\":\"https:\\\/\\\/alimentsalento.com\\\/en\\\/#organization\"},\"potentialAction\":[{\"@type\":\"SearchAction\",\"target\":{\"@type\":\"EntryPoint\",\"urlTemplate\":\"https:\\\/\\\/alimentsalento.com\\\/en\\\/?s={search_term_string}\"},\"query-input\":{\"@type\":\"PropertyValueSpecification\",\"valueRequired\":true,\"valueName\":\"search_term_string\"}}],\"inLanguage\":\"en-US\"},{\"@type\":\"Organization\",\"@id\":\"https:\\\/\\\/alimentsalento.com\\\/en\\\/#organization\",\"name\":\"Aliments Salento\",\"url\":\"https:\\\/\\\/alimentsalento.com\\\/en\\\/\",\"logo\":{\"@type\":\"ImageObject\",\"inLanguage\":\"en-US\",\"@id\":\"https:\\\/\\\/alimentsalento.com\\\/en\\\/#\\\/schema\\\/logo\\\/image\\\/\",\"url\":\"https:\\\/\\\/alimentsalento.com\\\/wp-content\\\/uploads\\\/2021\\\/12\\\/AlimentsalentoSLchef6.png\",\"contentUrl\":\"https:\\\/\\\/alimentsalento.com\\\/wp-content\\\/uploads\\\/2021\\\/12\\\/AlimentsalentoSLchef6.png\",\"width\":542,\"height\":176,\"caption\":\"Aliments Salento\"},\"image\":{\"@id\":\"https:\\\/\\\/alimentsalento.com\\\/en\\\/#\\\/schema\\\/logo\\\/image\\\/\"},\"sameAs\":[\"https:\\\/\\\/www.facebook.com\\\/alimentssalento\",\"https:\\\/\\\/www.instagram.com\\\/aliments_salento\\\/\",\"https:\\\/\\\/www.linkedin.com\\\/company\\\/aliments-salento\"]}]}<\/script>\n<!-- \/ Yoast SEO plugin. -->","yoast_head_json":{"title":"Miel de Mil Flores de Salento BIO 400gr - Aliments Salento","robots":{"index":"index","follow":"follow","max-snippet":"max-snippet:-1","max-image-preview":"max-image-preview:large","max-video-preview":"max-video-preview:-1"},"canonical":"https:\/\/alimentsalento.com\/en\/prodotto\/miele-mille-fiori-del-salento-biologico-400gr-esp2\/","og_locale":"en_US","og_type":"article","og_title":"Miel de Mil Flores de Salento BIO 400gr - Aliments Salento","og_description":"Nuestra miel org\u00e1nica se produce solo en las \u00e1reas menos contaminadas de Salento, con el m\u00e1ximo respeto por las abejas y el consumidor.","og_url":"https:\/\/alimentsalento.com\/en\/prodotto\/miele-mille-fiori-del-salento-biologico-400gr-esp2\/","og_site_name":"Aliments Salento","article_publisher":"https:\/\/www.facebook.com\/alimentssalento","article_modified_time":"2023-05-01T16:28:55+00:00","twitter_card":"summary_large_image","twitter_misc":{"Est. reading time":"1 minute"},"schema":{"@context":"https:\/\/schema.org","@graph":[{"@type":"WebPage","@id":"https:\/\/alimentsalento.com\/en\/prodotto\/miele-mille-fiori-del-salento-biologico-400gr-esp2\/","url":"https:\/\/alimentsalento.com\/en\/prodotto\/miele-mille-fiori-del-salento-biologico-400gr-esp2\/","name":"Miel de Mil Flores de Salento BIO 400gr - Aliments Salento","isPartOf":{"@id":"https:\/\/alimentsalento.com\/en\/#website"},"datePublished":"2022-01-19T07:45:21+00:00","dateModified":"2023-05-01T16:28:55+00:00","breadcrumb":{"@id":"https:\/\/alimentsalento.com\/en\/prodotto\/miele-mille-fiori-del-salento-biologico-400gr-esp2\/#breadcrumb"},"inLanguage":"en-US","potentialAction":[{"@type":"ReadAction","target":["https:\/\/alimentsalento.com\/en\/prodotto\/miele-mille-fiori-del-salento-biologico-400gr-esp2\/"]}]},{"@type":"BreadcrumbList","@id":"https:\/\/alimentsalento.com\/en\/prodotto\/miele-mille-fiori-del-salento-biologico-400gr-esp2\/#breadcrumb","itemListElement":[{"@type":"ListItem","position":1,"name":"Home","item":"https:\/\/alimentsalento.com\/en\/"},{"@type":"ListItem","position":2,"name":"Shop","item":"https:\/\/alimentsalento.com\/en\/shop\/"},{"@type":"ListItem","position":3,"name":"Miel de Mil Flores de Salento BIO 400gr"}]},{"@type":"WebSite","@id":"https:\/\/alimentsalento.com\/en\/#website","url":"https:\/\/alimentsalento.com\/en\/","name":"Aliments Salento","description":"Benvenuti in Salento, terra di sapori e di colori.","publisher":{"@id":"https:\/\/alimentsalento.com\/en\/#organization"},"potentialAction":[{"@type":"SearchAction","target":{"@type":"EntryPoint","urlTemplate":"https:\/\/alimentsalento.com\/en\/?s={search_term_string}"},"query-input":{"@type":"PropertyValueSpecification","valueRequired":true,"valueName":"search_term_string"}}],"inLanguage":"en-US"},{"@type":"Organization","@id":"https:\/\/alimentsalento.com\/en\/#organization","name":"Aliments Salento","url":"https:\/\/alimentsalento.com\/en\/","logo":{"@type":"ImageObject","inLanguage":"en-US","@id":"https:\/\/alimentsalento.com\/en\/#\/schema\/logo\/image\/","url":"https:\/\/alimentsalento.com\/wp-content\/uploads\/2021\/12\/AlimentsalentoSLchef6.png","contentUrl":"https:\/\/alimentsalento.com\/wp-content\/uploads\/2021\/12\/AlimentsalentoSLchef6.png","width":542,"height":176,"caption":"Aliments Salento"},"image":{"@id":"https:\/\/alimentsalento.com\/en\/#\/schema\/logo\/image\/"},"sameAs":["https:\/\/www.facebook.com\/alimentssalento","https:\/\/www.instagram.com\/aliments_salento\/","https:\/\/www.linkedin.com\/company\/aliments-salento"]}]}},"_links":{"self":[{"href":"https:\/\/alimentsalento.com\/en\/wp-json\/wp\/v2\/product\/7568","targetHints":{"allow":["GET"]}}],"collection":[{"href":"https:\/\/alimentsalento.com\/en\/wp-json\/wp\/v2\/product"}],"about":[{"href":"https:\/\/alimentsalento.com\/en\/wp-json\/wp\/v2\/types\/product"}],"replies":[{"embeddable":true,"href":"https:\/\/alimentsalento.com\/en\/wp-json\/wp\/v2\/comments?post=7568"}],"wp:attachment":[{"href":"https:\/\/alimentsalento.com\/en\/wp-json\/wp\/v2\/media?parent=7568"}],"wp:term":[{"taxonomy":"product_cat","embeddable":true,"href":"https:\/\/alimentsalento.com\/en\/wp-json\/wp\/v2\/product_cat?post=7568"},{"taxonomy":"product_tag","embeddable":true,"href":"https:\/\/alimentsalento.com\/en\/wp-json\/wp\/v2\/product_tag?post=7568"}],"curies":[{"name":"wp","href":"https:\/\/api.w.org\/{rel}","templated":true}]}}